{"id":94708,"date":"2025-12-05T15:42:07","date_gmt":"2025-12-05T12:42:07","guid":{"rendered":"https:\/\/baldumarket.lt\/product\/clermont-08-sosna-sniezna-komoda\/"},"modified":"2026-04-07T13:46:17","modified_gmt":"2026-04-07T10:46:17","slug":"clermont-08-sosna-sniezna-komoda","status":"publish","type":"product","link":"https:\/\/baldumarket.lt\/lt\/product\/clermont-08-sosna-sniezna-komoda\/","title":{"rendered":"CLERMONT 08 sniego pu\u0161is \u2013 komoda"},"content":{"rendered":"<p>Komoda CLERMONT 08 gali atlikti \u012fvairias funkcijas, priklausomai nuo to, kur ji pastatyta.<\/p>\n<p>D\u0117l savo funkcionalumo komoda yra ideali vieta nuotraukoms ar \u0161eimos relikvijoms eksponuoti. Joje taip pat yra daug lentyn\u0173, kuriose lengva laikyti b\u016btiniausius daiktus.<\/p>","protected":false},"excerpt":{"rendered":"<p>Komoda CLERMONT 08 gali atlikti \u012fvairias funkcijas, priklausomai nuo to, kur ji pastatyta. D\u0117l savo funkcionalumo komoda yra ideali vieta eksponuoti nuotraukas ar \u0161eimos relikvijas. Joje taip pat yra daug lentyn\u0173, kuriose patogu laikyti b\u016btiniausius daiktus.<\/p>","protected":false},"featured_media":94709,"comment_status":"open","ping_status":"open","template":"","meta":[],"product_brand":[],"product_cat":[1173,2255,9229],"product_tag":[],"class_list":{"0":"post-94708","1":"product","2":"type-product","3":"status-publish","4":"has-post-thumbnail","6":"product_cat-chests-of-drawers","7":"product_cat-ml-meble","8":"product_cat-furniture-system-clermont","10":"first","11":"instock","12":"purchasable","13":"product-type-simple"},"_links":{"self":[{"href":"https:\/\/baldumarket.lt\/lt\/wp-json\/wp\/v2\/product\/94708","targetHints":{"allow":["GET"]}}],"collection":[{"href":"https:\/\/baldumarket.lt\/lt\/wp-json\/wp\/v2\/product"}],"about":[{"href":"https:\/\/baldumarket.lt\/lt\/wp-json\/wp\/v2\/types\/product"}],"replies":[{"embeddable":true,"href":"https:\/\/baldumarket.lt\/lt\/wp-json\/wp\/v2\/comments?post=94708"}],"wp:featuredmedia":[{"embeddable":true,"href":"https:\/\/baldumarket.lt\/lt\/wp-json\/wp\/v2\/media\/94709"}],"wp:attachment":[{"href":"https:\/\/baldumarket.lt\/lt\/wp-json\/wp\/v2\/media?parent=94708"}],"wp:term":[{"taxonomy":"product_brand","embeddable":true,"href":"https:\/\/baldumarket.lt\/lt\/wp-json\/wp\/v2\/product_brand?post=94708"},{"taxonomy":"product_cat","embeddable":true,"href":"https:\/\/baldumarket.lt\/lt\/wp-json\/wp\/v2\/product_cat?post=94708"},{"taxonomy":"product_tag","embeddable":true,"href":"https:\/\/baldumarket.lt\/lt\/wp-json\/wp\/v2\/product_tag?post=94708"}],"curies":[{"name":"wp","href":"https:\/\/api.w.org\/{rel}","templated":true}]}}