{"id":94700,"date":"2025-12-05T15:41:58","date_gmt":"2025-12-05T12:41:58","guid":{"rendered":"https:\/\/baldumarket.lt\/product\/glamour-02-bialy-alpejski-komoda\/"},"modified":"2026-02-03T23:53:53","modified_gmt":"2026-02-03T20:53:53","slug":"glamour-02-bialy-alpejski-komoda","status":"publish","type":"product","link":"https:\/\/baldumarket.lt\/lt\/product\/glamour-02-bialy-alpejski-komoda\/","title":{"rendered":"GLAMOUR 02 Alpi\u0173 balta komoda"},"content":{"rendered":"<p>Komoda GLAMOUR 02 ne tik sutalpins visus j\u016bs\u0173 daiktus, bet ir puikiai papuo\u0161 bet kur\u012f kambar\u012f.<\/p>\n<p>Su baltais ir blizgiais fasadais \u0161i komoda bus puikus pagrindas j\u016bs\u0173 GLAMOUR stiliaus interjerui.<\/p>","protected":false},"excerpt":{"rendered":"<p>Komoda GLAMOUR 02 ne tik sutalpins visus j\u016bs\u0173 b\u016btiniausius daiktus, bet ir puikiai papuo\u0161 bet kur\u012f kambar\u012f. D\u0117l balt\u0173 ir blizgi\u0173 fasad\u0173 \u0161i komoda bus puikus pagrindas j\u016bs\u0173 GLAMOUR stiliaus interjerui.<\/p>","protected":false},"featured_media":94701,"comment_status":"open","ping_status":"open","template":"","meta":[],"product_brand":[],"product_cat":[9250,1173,2255],"product_tag":[],"class_list":{"0":"post-94700","1":"product","2":"type-product","3":"status-publish","4":"has-post-thumbnail","6":"product_cat-furniture-system-goldin-ml-meble","7":"product_cat-chests-of-drawers","8":"product_cat-ml-meble","10":"first","11":"instock","12":"purchasable","13":"product-type-simple"},"_links":{"self":[{"href":"https:\/\/baldumarket.lt\/lt\/wp-json\/wp\/v2\/product\/94700","targetHints":{"allow":["GET"]}}],"collection":[{"href":"https:\/\/baldumarket.lt\/lt\/wp-json\/wp\/v2\/product"}],"about":[{"href":"https:\/\/baldumarket.lt\/lt\/wp-json\/wp\/v2\/types\/product"}],"replies":[{"embeddable":true,"href":"https:\/\/baldumarket.lt\/lt\/wp-json\/wp\/v2\/comments?post=94700"}],"wp:featuredmedia":[{"embeddable":true,"href":"https:\/\/baldumarket.lt\/lt\/wp-json\/wp\/v2\/media\/94701"}],"wp:attachment":[{"href":"https:\/\/baldumarket.lt\/lt\/wp-json\/wp\/v2\/media?parent=94700"}],"wp:term":[{"taxonomy":"product_brand","embeddable":true,"href":"https:\/\/baldumarket.lt\/lt\/wp-json\/wp\/v2\/product_brand?post=94700"},{"taxonomy":"product_cat","embeddable":true,"href":"https:\/\/baldumarket.lt\/lt\/wp-json\/wp\/v2\/product_cat?post=94700"},{"taxonomy":"product_tag","embeddable":true,"href":"https:\/\/baldumarket.lt\/lt\/wp-json\/wp\/v2\/product_tag?post=94700"}],"curies":[{"name":"wp","href":"https:\/\/api.w.org\/{rel}","templated":true}]}}