{"id":94681,"date":"2025-12-05T15:41:39","date_gmt":"2025-12-05T12:41:39","guid":{"rendered":"https:\/\/baldumarket.lt\/product\/artis-08-dab-artisan-komoda\/"},"modified":"2026-04-07T14:47:18","modified_gmt":"2026-04-07T11:47:18","slug":"artis-08-dab-artisan-komoda","status":"publish","type":"product","link":"https:\/\/baldumarket.lt\/lt\/product\/artis-08-dab-artisan-komoda\/","title":{"rendered":"ARTIS 08 \u0105\u017euolo spalvos komoda"},"content":{"rendered":"<p>Komoda ARTIS 08 gali atlikti \u012fvairias funkcijas, priklausomai nuo to, kur ji pastatyta.<\/p>\n<p>D\u0117l savo funkcionalumo komoda yra ideali vieta nuotraukoms ar \u0161eimos relikvijoms eksponuoti. Joje taip pat yra daug lentyn\u0173, kuriose lengva laikyti b\u016btiniausius daiktus.<\/p>","protected":false},"excerpt":{"rendered":"<p>The ARTIS 08 chest of drawers can serve a variety of functions, depending on where it&#8217;s placed. Thanks to its functionality, the chest of drawers is an ideal place to display photos or family heirlooms. It also features a large number of shelves for easy storage of essentials.<\/p>","protected":false},"featured_media":94682,"comment_status":"open","ping_status":"open","template":"","meta":[],"product_brand":[],"product_cat":[1173,2255,9222],"product_tag":[],"class_list":{"0":"post-94681","1":"product","2":"type-product","3":"status-publish","4":"has-post-thumbnail","6":"product_cat-chests-of-drawers","7":"product_cat-ml-meble","8":"product_cat-furniture-system-artis-ml-meble","10":"first","11":"instock","12":"purchasable","13":"product-type-simple"},"_links":{"self":[{"href":"https:\/\/baldumarket.lt\/lt\/wp-json\/wp\/v2\/product\/94681","targetHints":{"allow":["GET"]}}],"collection":[{"href":"https:\/\/baldumarket.lt\/lt\/wp-json\/wp\/v2\/product"}],"about":[{"href":"https:\/\/baldumarket.lt\/lt\/wp-json\/wp\/v2\/types\/product"}],"replies":[{"embeddable":true,"href":"https:\/\/baldumarket.lt\/lt\/wp-json\/wp\/v2\/comments?post=94681"}],"wp:featuredmedia":[{"embeddable":true,"href":"https:\/\/baldumarket.lt\/lt\/wp-json\/wp\/v2\/media\/94682"}],"wp:attachment":[{"href":"https:\/\/baldumarket.lt\/lt\/wp-json\/wp\/v2\/media?parent=94681"}],"wp:term":[{"taxonomy":"product_brand","embeddable":true,"href":"https:\/\/baldumarket.lt\/lt\/wp-json\/wp\/v2\/product_brand?post=94681"},{"taxonomy":"product_cat","embeddable":true,"href":"https:\/\/baldumarket.lt\/lt\/wp-json\/wp\/v2\/product_cat?post=94681"},{"taxonomy":"product_tag","embeddable":true,"href":"https:\/\/baldumarket.lt\/lt\/wp-json\/wp\/v2\/product_tag?post=94681"}],"curies":[{"name":"wp","href":"https:\/\/api.w.org\/{rel}","templated":true}]}}