{"id":94659,"date":"2025-12-05T15:41:12","date_gmt":"2025-12-05T12:41:12","guid":{"rendered":"https:\/\/baldumarket.lt\/product\/artis-04-dab-artisan-witryna\/"},"modified":"2026-04-07T14:47:18","modified_gmt":"2026-04-07T11:47:18","slug":"artis-04-dab-artisan-witryna","status":"publish","type":"product","link":"https:\/\/baldumarket.lt\/lt\/product\/artis-04-dab-artisan-witryna\/","title":{"rendered":"ARTIS 04 \u0105\u017euolo spalvos dailylent\u0117 \u2013 vitrina"},"content":{"rendered":"<p>Vitrina ARTIS 04 suteiks j\u016bs\u0173 interjerui gaivumo ir elegancijos.<\/p>\n<p>Vitrinos durys yra stiklin\u0117s ir pagamintos i\u0161 auk\u0161tos kokyb\u0117s baldin\u0117s plok\u0161t\u0117s. Priklausomai nuo interjero dizaino, joje galima laikyti knygas, suvenyrus, stalo \u012frankius ir daug daugiau.<\/p>","protected":false},"excerpt":{"rendered":"<p>Vitrina ARTIS 04 suteiks j\u016bs\u0173 interjerui gaivumo ir elegancijos. Vitrinos durys yra stiklin\u0117s ir pagamintos i\u0161 auk\u0161tos kokyb\u0117s baldin\u0117s plok\u0161t\u0117s. Priklausomai nuo interjero dizaino, joje galima laikyti knygas, suvenyrus, stalo \u012frankius ir daug daugiau.<\/p>","protected":false},"featured_media":94660,"comment_status":"open","ping_status":"open","template":"","meta":[],"product_brand":[],"product_cat":[2255,9222,2006],"product_tag":[],"class_list":{"0":"post-94659","1":"product","2":"type-product","3":"status-publish","4":"has-post-thumbnail","6":"product_cat-ml-meble","7":"product_cat-furniture-system-artis-ml-meble","8":"product_cat-vitrines","10":"first","11":"instock","12":"purchasable","13":"product-type-simple"},"_links":{"self":[{"href":"https:\/\/baldumarket.lt\/lt\/wp-json\/wp\/v2\/product\/94659","targetHints":{"allow":["GET"]}}],"collection":[{"href":"https:\/\/baldumarket.lt\/lt\/wp-json\/wp\/v2\/product"}],"about":[{"href":"https:\/\/baldumarket.lt\/lt\/wp-json\/wp\/v2\/types\/product"}],"replies":[{"embeddable":true,"href":"https:\/\/baldumarket.lt\/lt\/wp-json\/wp\/v2\/comments?post=94659"}],"wp:featuredmedia":[{"embeddable":true,"href":"https:\/\/baldumarket.lt\/lt\/wp-json\/wp\/v2\/media\/94660"}],"wp:attachment":[{"href":"https:\/\/baldumarket.lt\/lt\/wp-json\/wp\/v2\/media?parent=94659"}],"wp:term":[{"taxonomy":"product_brand","embeddable":true,"href":"https:\/\/baldumarket.lt\/lt\/wp-json\/wp\/v2\/product_brand?post=94659"},{"taxonomy":"product_cat","embeddable":true,"href":"https:\/\/baldumarket.lt\/lt\/wp-json\/wp\/v2\/product_cat?post=94659"},{"taxonomy":"product_tag","embeddable":true,"href":"https:\/\/baldumarket.lt\/lt\/wp-json\/wp\/v2\/product_tag?post=94659"}],"curies":[{"name":"wp","href":"https:\/\/api.w.org\/{rel}","templated":true}]}}