{"id":94632,"date":"2025-12-05T15:40:46","date_gmt":"2025-12-05T12:40:46","guid":{"rendered":"https:\/\/baldumarket.lt\/product\/artis-01-dab-artisan-szafa\/"},"modified":"2026-04-07T15:16:26","modified_gmt":"2026-04-07T12:16:26","slug":"artis-01-dab-artisan-szafa","status":"publish","type":"product","link":"https:\/\/baldumarket.lt\/lt\/product\/artis-01-dab-artisan-szafa\/","title":{"rendered":"ARTIS 01 amatininkas \u0105\u017euolas \u2013 spinta"},"content":{"rendered":"<p>Drabu\u017ein\u0117 ARTIS 01 apjungia \u0161iuolaikin\u012f dizain\u0105 ir funkcionalum\u0105.<\/p>\n<p>\u0160i erdvi spinta pasi\u017eymi steb\u0117tinai daug ergonomi\u0161kos erdv\u0117s, joje tilps visi reikalingi daiktai ir drabu\u017eiai.<\/p>","protected":false},"excerpt":{"rendered":"<p>Drabu\u017ein\u0117 ARTIS 01 derina \u0161iuolaikin\u012f dizain\u0105 ir funkcionalum\u0105. \u0160i erdvi spinta pasi\u017eymi steb\u0117tinai daug ergonomi\u0161kos erdv\u0117s, kurioje tilps visi reikalingi daiktai ir drabu\u017eiai.<\/p>","protected":false},"featured_media":94633,"comment_status":"open","ping_status":"open","template":"","meta":[],"product_brand":[],"product_cat":[2255,9222,1177],"product_tag":[],"class_list":{"0":"post-94632","1":"product","2":"type-product","3":"status-publish","4":"has-post-thumbnail","6":"product_cat-ml-meble","7":"product_cat-furniture-system-artis-ml-meble","8":"product_cat-wardrobes","10":"first","11":"instock","12":"purchasable","13":"product-type-simple"},"_links":{"self":[{"href":"https:\/\/baldumarket.lt\/lt\/wp-json\/wp\/v2\/product\/94632","targetHints":{"allow":["GET"]}}],"collection":[{"href":"https:\/\/baldumarket.lt\/lt\/wp-json\/wp\/v2\/product"}],"about":[{"href":"https:\/\/baldumarket.lt\/lt\/wp-json\/wp\/v2\/types\/product"}],"replies":[{"embeddable":true,"href":"https:\/\/baldumarket.lt\/lt\/wp-json\/wp\/v2\/comments?post=94632"}],"wp:featuredmedia":[{"embeddable":true,"href":"https:\/\/baldumarket.lt\/lt\/wp-json\/wp\/v2\/media\/94633"}],"wp:attachment":[{"href":"https:\/\/baldumarket.lt\/lt\/wp-json\/wp\/v2\/media?parent=94632"}],"wp:term":[{"taxonomy":"product_brand","embeddable":true,"href":"https:\/\/baldumarket.lt\/lt\/wp-json\/wp\/v2\/product_brand?post=94632"},{"taxonomy":"product_cat","embeddable":true,"href":"https:\/\/baldumarket.lt\/lt\/wp-json\/wp\/v2\/product_cat?post=94632"},{"taxonomy":"product_tag","embeddable":true,"href":"https:\/\/baldumarket.lt\/lt\/wp-json\/wp\/v2\/product_tag?post=94632"}],"curies":[{"name":"wp","href":"https:\/\/api.w.org\/{rel}","templated":true}]}}