{"id":94624,"date":"2025-12-05T15:40:35","date_gmt":"2025-12-05T12:40:35","guid":{"rendered":"https:\/\/baldumarket.lt\/product\/blanco-09-01-sosna-sniezna-mdf-new-grey-szafka-rtv\/"},"modified":"2026-04-07T14:47:18","modified_gmt":"2026-04-07T11:47:18","slug":"blanco-09-01-sosna-sniezna-mdf-new-grey-szafka-rtv","status":"publish","type":"product","link":"https:\/\/baldumarket.lt\/lt\/product\/blanco-09-01-sosna-sniezna-mdf-new-grey-szafka-rtv\/","title":{"rendered":"BLANCO 09-01 sniego pu\u0161is\/MDF nauja pilka \u2013 TV spintel\u0117"},"content":{"rendered":"<p>BLANCO 09-01 televizoriaus spintel\u0117 leis jums puikiai i\u0161d\u0117styti televizori\u0173, kuris tikrai lyd\u0117s vis\u0105 \u0161eim\u0105 vakaro laid\u0173 metu.<\/p>","protected":false},"excerpt":{"rendered":"<p>BLANCO 09-01 televizoriaus spintel\u0117 leis jums puikiai i\u0161d\u0117styti televizori\u0173, kuris tikrai lyd\u0117s vis\u0105 \u0161eim\u0105 vakaro laid\u0173 metu.<\/p>","protected":false},"featured_media":94625,"comment_status":"open","ping_status":"open","template":"","meta":[],"product_brand":[],"product_cat":[2255,9225,1175],"product_tag":[],"class_list":{"0":"post-94624","1":"product","2":"type-product","3":"status-publish","4":"has-post-thumbnail","6":"product_cat-ml-meble","7":"product_cat-furniture-system-blanco-ml-meble","8":"product_cat-tv-stands","10":"first","11":"instock","12":"purchasable","13":"product-type-simple"},"_links":{"self":[{"href":"https:\/\/baldumarket.lt\/lt\/wp-json\/wp\/v2\/product\/94624","targetHints":{"allow":["GET"]}}],"collection":[{"href":"https:\/\/baldumarket.lt\/lt\/wp-json\/wp\/v2\/product"}],"about":[{"href":"https:\/\/baldumarket.lt\/lt\/wp-json\/wp\/v2\/types\/product"}],"replies":[{"embeddable":true,"href":"https:\/\/baldumarket.lt\/lt\/wp-json\/wp\/v2\/comments?post=94624"}],"wp:featuredmedia":[{"embeddable":true,"href":"https:\/\/baldumarket.lt\/lt\/wp-json\/wp\/v2\/media\/94625"}],"wp:attachment":[{"href":"https:\/\/baldumarket.lt\/lt\/wp-json\/wp\/v2\/media?parent=94624"}],"wp:term":[{"taxonomy":"product_brand","embeddable":true,"href":"https:\/\/baldumarket.lt\/lt\/wp-json\/wp\/v2\/product_brand?post=94624"},{"taxonomy":"product_cat","embeddable":true,"href":"https:\/\/baldumarket.lt\/lt\/wp-json\/wp\/v2\/product_cat?post=94624"},{"taxonomy":"product_tag","embeddable":true,"href":"https:\/\/baldumarket.lt\/lt\/wp-json\/wp\/v2\/product_tag?post=94624"}],"curies":[{"name":"wp","href":"https:\/\/api.w.org\/{rel}","templated":true}]}}