{"id":94616,"date":"2025-12-05T15:40:25","date_gmt":"2025-12-05T12:40:25","guid":{"rendered":"https:\/\/baldumarket.lt\/product\/blanco-07-01-sosna-sniezna-mdf-new-grey-komoda\/"},"modified":"2026-04-07T14:47:08","modified_gmt":"2026-04-07T11:47:08","slug":"blanco-07-01-sosna-sniezna-mdf-new-grey-komoda","status":"publish","type":"product","link":"https:\/\/baldumarket.lt\/lt\/product\/blanco-07-01-sosna-sniezna-mdf-new-grey-komoda\/","title":{"rendered":"BLANCO 07-01 sniego pu\u0161is\/MDF nauja pilka komoda"},"content":{"rendered":"<p>BLANCO 07-01 indauja gali atlikti \u012fvairias funkcijas, priklausomai nuo to, kur ji pastatyta.<\/p>\n<p>D\u0117l savo funkcionalumo, indauja yra puiki vieta nuotraukoms ar \u0161eimos relikvijoms eksponuoti. Joje taip pat yra daug stal\u010di\u0173 ir lentyn\u0173, kuriose lengva laikyti b\u016btiniausius daiktus.<\/p>","protected":false},"excerpt":{"rendered":"<p>BLANCO 07-01 indauja gali atlikti \u012fvairias funkcijas, priklausomai nuo to, kur ji pastatyta. D\u0117l savo funkcionalumo indauja yra puiki vieta eksponuoti nuotraukas ar \u0161eimos relikvijas. Ji taip pat turi daug stal\u010di\u0173 ir lentyn\u0173, kad b\u016bt\u0173 lengva laikyti b\u016btiniausius daiktus.<\/p>","protected":false},"featured_media":94617,"comment_status":"open","ping_status":"open","template":"","meta":[],"product_brand":[],"product_cat":[1173,2255,9225],"product_tag":[],"class_list":{"0":"post-94616","1":"product","2":"type-product","3":"status-publish","4":"has-post-thumbnail","6":"product_cat-chests-of-drawers","7":"product_cat-ml-meble","8":"product_cat-furniture-system-blanco-ml-meble","10":"first","11":"instock","12":"purchasable","13":"product-type-simple"},"_links":{"self":[{"href":"https:\/\/baldumarket.lt\/lt\/wp-json\/wp\/v2\/product\/94616","targetHints":{"allow":["GET"]}}],"collection":[{"href":"https:\/\/baldumarket.lt\/lt\/wp-json\/wp\/v2\/product"}],"about":[{"href":"https:\/\/baldumarket.lt\/lt\/wp-json\/wp\/v2\/types\/product"}],"replies":[{"embeddable":true,"href":"https:\/\/baldumarket.lt\/lt\/wp-json\/wp\/v2\/comments?post=94616"}],"wp:featuredmedia":[{"embeddable":true,"href":"https:\/\/baldumarket.lt\/lt\/wp-json\/wp\/v2\/media\/94617"}],"wp:attachment":[{"href":"https:\/\/baldumarket.lt\/lt\/wp-json\/wp\/v2\/media?parent=94616"}],"wp:term":[{"taxonomy":"product_brand","embeddable":true,"href":"https:\/\/baldumarket.lt\/lt\/wp-json\/wp\/v2\/product_brand?post=94616"},{"taxonomy":"product_cat","embeddable":true,"href":"https:\/\/baldumarket.lt\/lt\/wp-json\/wp\/v2\/product_cat?post=94616"},{"taxonomy":"product_tag","embeddable":true,"href":"https:\/\/baldumarket.lt\/lt\/wp-json\/wp\/v2\/product_tag?post=94616"}],"curies":[{"name":"wp","href":"https:\/\/api.w.org\/{rel}","templated":true}]}}