{"id":94593,"date":"2025-12-05T15:39:57","date_gmt":"2025-12-05T12:39:57","guid":{"rendered":"https:\/\/baldumarket.lt\/product\/fini-06-korpus-dab-artisan-front-bialy-wstawka-antracyt-komoda\/"},"modified":"2026-04-07T13:39:30","modified_gmt":"2026-04-07T10:39:30","slug":"fini-06-korpus-dab-artisan-front-bialy-wstawka-antracyt-komoda","status":"publish","type":"product","link":"https:\/\/baldumarket.lt\/lt\/produktas\/fini-06-korpus-dab-artisan-front-bialy-wstawka-antracyt-komoda\/","title":{"rendered":"FINI 06 \u0105\u017euolo spalvos komoda, korpusas \u2013 baltas priekis, antracito spalvos \u012fd\u0117klas"},"content":{"rendered":"<p>Komoda FINI 06 pasi\u017eymi minimalistiniu ir eleganti\u0161ku dizainu.<\/p>\n<p>D\u0117l paprasto dizaino \u0161is baldas ne tik pagerins kambario estetik\u0105, bet ir pad\u0117s visk\u0105 i\u0161laikyti tvarking\u0105, lengvai sutalpindamas drabu\u017eius, knygas, vadov\u0117lius ir daugyb\u0119 bet kurio paauglio pom\u0117gi\u0173 aksesuar\u0173.<\/p>","protected":false},"excerpt":{"rendered":"<p>Komoda FINI 06 pasi\u017eymi minimalistiniu ir eleganti\u0161ku dizainu. D\u0117l savo paprasto dizaino \u0161is baldas ne tik pagerins kambario estetik\u0105, bet ir pad\u0117s visk\u0105 tvarkingai laikyti \u2013 joje lengvai tilps drabu\u017eiai, knygos, vadov\u0117liai ir daugyb\u0117 bet kurio paauglio pom\u0117gi\u0173 aksesuar\u0173.<\/p>","protected":false},"featured_media":94594,"comment_status":"open","ping_status":"open","template":"","meta":[],"product_brand":[],"product_cat":[1173,2255,9233],"product_tag":[],"class_list":{"0":"post-94593","1":"product","2":"type-product","3":"status-publish","4":"has-post-thumbnail","6":"product_cat-chests-of-drawers","7":"product_cat-ml-meble","8":"product_cat-furniture-system-fini-ml-meble","10":"first","11":"instock","12":"purchasable","13":"product-type-simple"},"_links":{"self":[{"href":"https:\/\/baldumarket.lt\/lt\/wp-json\/wp\/v2\/product\/94593","targetHints":{"allow":["GET"]}}],"collection":[{"href":"https:\/\/baldumarket.lt\/lt\/wp-json\/wp\/v2\/product"}],"about":[{"href":"https:\/\/baldumarket.lt\/lt\/wp-json\/wp\/v2\/types\/product"}],"replies":[{"embeddable":true,"href":"https:\/\/baldumarket.lt\/lt\/wp-json\/wp\/v2\/comments?post=94593"}],"wp:featuredmedia":[{"embeddable":true,"href":"https:\/\/baldumarket.lt\/lt\/wp-json\/wp\/v2\/media\/94594"}],"wp:attachment":[{"href":"https:\/\/baldumarket.lt\/lt\/wp-json\/wp\/v2\/media?parent=94593"}],"wp:term":[{"taxonomy":"product_brand","embeddable":true,"href":"https:\/\/baldumarket.lt\/lt\/wp-json\/wp\/v2\/product_brand?post=94593"},{"taxonomy":"product_cat","embeddable":true,"href":"https:\/\/baldumarket.lt\/lt\/wp-json\/wp\/v2\/product_cat?post=94593"},{"taxonomy":"product_tag","embeddable":true,"href":"https:\/\/baldumarket.lt\/lt\/wp-json\/wp\/v2\/product_tag?post=94593"}],"curies":[{"name":"wp","href":"https:\/\/api.w.org\/{rel}","templated":true}]}}