{"id":94581,"date":"2025-12-05T15:39:46","date_gmt":"2025-12-05T12:39:46","guid":{"rendered":"https:\/\/baldumarket.lt\/product\/fini-09-korpus-dab-artisan-front-bialy-wstawka-antracyt-lozko\/"},"modified":"2026-04-07T13:39:30","modified_gmt":"2026-04-07T10:39:30","slug":"fini-09-korpus-dab-artisan-front-bialy-wstawka-antracyt-lozko","status":"publish","type":"product","link":"https:\/\/baldumarket.lt\/lt\/product\/fini-09-korpus-dab-artisan-front-bialy-wstawka-antracyt-lozko\/","title":{"rendered":"FINI 09 \u0105\u017euolo spalvos korpusas \/ baltas priekis \/ antracito spalvos \u012fd\u0117klas lovai"},"content":{"rendered":"<p>Lova FINI 09 \u2013 puikus pasirinkimas tiems, kurie vertina komfort\u0105 ir ergonomik\u0105.<\/p>\n<p>Tai sukuria patog\u0173 90 \u00d7 200 cm dyd\u017eio miegojimo pavir\u0161i\u0173.<\/p>","protected":false},"excerpt":{"rendered":"<p>Lova FINI 09 \u2013 puikus pasirinkimas tiems, kurie vertina komfort\u0105 ir ergonomik\u0105. Ji sukuria patog\u0173 90 \u00d7 200 cm dyd\u017eio miegojimo plot\u0105.<\/p>","protected":false},"featured_media":94582,"comment_status":"open","ping_status":"open","template":"","meta":[],"product_brand":[],"product_cat":[1372,2255,9233],"product_tag":[],"class_list":{"0":"post-94581","1":"product","2":"type-product","3":"status-publish","4":"has-post-thumbnail","6":"product_cat-childrens-beds","7":"product_cat-ml-meble","8":"product_cat-furniture-system-fini-ml-meble","10":"first","11":"instock","12":"purchasable","13":"product-type-simple"},"_links":{"self":[{"href":"https:\/\/baldumarket.lt\/lt\/wp-json\/wp\/v2\/product\/94581","targetHints":{"allow":["GET"]}}],"collection":[{"href":"https:\/\/baldumarket.lt\/lt\/wp-json\/wp\/v2\/product"}],"about":[{"href":"https:\/\/baldumarket.lt\/lt\/wp-json\/wp\/v2\/types\/product"}],"replies":[{"embeddable":true,"href":"https:\/\/baldumarket.lt\/lt\/wp-json\/wp\/v2\/comments?post=94581"}],"wp:featuredmedia":[{"embeddable":true,"href":"https:\/\/baldumarket.lt\/lt\/wp-json\/wp\/v2\/media\/94582"}],"wp:attachment":[{"href":"https:\/\/baldumarket.lt\/lt\/wp-json\/wp\/v2\/media?parent=94581"}],"wp:term":[{"taxonomy":"product_brand","embeddable":true,"href":"https:\/\/baldumarket.lt\/lt\/wp-json\/wp\/v2\/product_brand?post=94581"},{"taxonomy":"product_cat","embeddable":true,"href":"https:\/\/baldumarket.lt\/lt\/wp-json\/wp\/v2\/product_cat?post=94581"},{"taxonomy":"product_tag","embeddable":true,"href":"https:\/\/baldumarket.lt\/lt\/wp-json\/wp\/v2\/product_tag?post=94581"}],"curies":[{"name":"wp","href":"https:\/\/api.w.org\/{rel}","templated":true}]}}