{"id":94572,"date":"2025-12-05T15:39:39","date_gmt":"2025-12-05T12:39:39","guid":{"rendered":"https:\/\/baldumarket.lt\/product\/fini-13-korpus-dab-artisan-front-bialy-wstawka-antracyt-szafa-narozna\/"},"modified":"2026-04-07T15:16:26","modified_gmt":"2026-04-07T12:16:26","slug":"fini-13-korpus-dab-artisan-front-bialy-wstawka-antracyt-szafa-narozna","status":"publish","type":"product","link":"https:\/\/baldumarket.lt\/lt\/produktas\/fini-13-korpus-dab-artisan-front-bialy-wstawka-antracyt-szafa-narozna\/","title":{"rendered":"FINI 13 kampin\u0117 spinta, \u0105\u017euolo spalvos korpusas \/ baltas priekis \/ antracito spalvos \u012fd\u0117klas"},"content":{"rendered":"<p>FINI 13 kampin\u0117 spinta yra labai erdvi ir ergonomi\u0161ka.<\/p>\n<p>Jis puikiai der\u0117s prie bet kokio kambario dizaino, derinant j\u012f su dviej\u0173 ar trij\u0173 dur\u0173 spinta vienoje pus\u0117je ir knyg\u0173 lentyna kitoje.<\/p>","protected":false},"excerpt":{"rendered":"<p>The FINI 13 corner wardrobe is very spacious and ergonomic. It will fit perfectly into any room&#8217;s design, combining it with a two- or three-door wardrobe on one side and a bookcase on the other.<\/p>","protected":false},"featured_media":94573,"comment_status":"open","ping_status":"open","template":"","meta":[],"product_brand":[],"product_cat":[2255,9233,1177],"product_tag":[],"class_list":{"0":"post-94572","1":"product","2":"type-product","3":"status-publish","4":"has-post-thumbnail","6":"product_cat-ml-meble","7":"product_cat-furniture-system-fini-ml-meble","8":"product_cat-wardrobes","10":"first","11":"instock","12":"purchasable","13":"product-type-simple"},"_links":{"self":[{"href":"https:\/\/baldumarket.lt\/lt\/wp-json\/wp\/v2\/product\/94572","targetHints":{"allow":["GET"]}}],"collection":[{"href":"https:\/\/baldumarket.lt\/lt\/wp-json\/wp\/v2\/product"}],"about":[{"href":"https:\/\/baldumarket.lt\/lt\/wp-json\/wp\/v2\/types\/product"}],"replies":[{"embeddable":true,"href":"https:\/\/baldumarket.lt\/lt\/wp-json\/wp\/v2\/comments?post=94572"}],"wp:featuredmedia":[{"embeddable":true,"href":"https:\/\/baldumarket.lt\/lt\/wp-json\/wp\/v2\/media\/94573"}],"wp:attachment":[{"href":"https:\/\/baldumarket.lt\/lt\/wp-json\/wp\/v2\/media?parent=94572"}],"wp:term":[{"taxonomy":"product_brand","embeddable":true,"href":"https:\/\/baldumarket.lt\/lt\/wp-json\/wp\/v2\/product_brand?post=94572"},{"taxonomy":"product_cat","embeddable":true,"href":"https:\/\/baldumarket.lt\/lt\/wp-json\/wp\/v2\/product_cat?post=94572"},{"taxonomy":"product_tag","embeddable":true,"href":"https:\/\/baldumarket.lt\/lt\/wp-json\/wp\/v2\/product_tag?post=94572"}],"curies":[{"name":"wp","href":"https:\/\/api.w.org\/{rel}","templated":true}]}}