{"id":94563,"date":"2025-12-05T15:39:30","date_gmt":"2025-12-05T12:39:30","guid":{"rendered":"https:\/\/baldumarket.lt\/product\/fini-05-korpus-dab-artisan-front-bialy-wstawka-antracyt-regal\/"},"modified":"2026-04-07T13:39:17","modified_gmt":"2026-04-07T10:39:17","slug":"fini-05-korpus-dab-artisan-front-bialy-wstawka-antracyt-regal","status":"publish","type":"product","link":"https:\/\/baldumarket.lt\/lt\/produktas\/fini-05-korpus-dab-artisan-front-bialy-wstawka-antracyt-regal\/","title":{"rendered":"FINI 05 \u0105\u017euolo spalvos korpusas \/ baltas priekis \/ antracito spalvos \u012fd\u0117klas \u2013 lentyna"},"content":{"rendered":"<p>FINI 05 knyg\u0173 lentyna pasi\u017eymi minimalistiniu ir eleganti\u0161ku dizainu.<\/p>\n<p>D\u0117l paprasto dizaino \u0161is baldas ne tik pagerins kambario estetik\u0105, bet ir pad\u0117s palaikyti tvark\u0105, lengvai sutalpindamas drabu\u017eius, knygas, vadov\u0117lius ir daugyb\u0119 bet kurio paauglio pom\u0117gi\u0173 aksesuar\u0173.<\/p>","protected":false},"excerpt":{"rendered":"<p>FINI 05 knyg\u0173 lentyna pasi\u017eymi minimalistiniu ir eleganti\u0161ku dizainu. D\u0117l savo paprasto dizaino \u0161is baldas ne tik pagerins kambario estetik\u0105, bet ir pad\u0117s palaikyti tvark\u0105, lengvai sutalpindamas drabu\u017eius, knygas, vadov\u0117lius ir daugyb\u0119 bet kurio paauglio pom\u0117gi\u0173 aksesuar\u0173.<\/p>","protected":false},"featured_media":94564,"comment_status":"open","ping_status":"open","template":"","meta":[],"product_brand":[],"product_cat":[1173,2255,9233],"product_tag":[],"class_list":{"0":"post-94563","1":"product","2":"type-product","3":"status-publish","4":"has-post-thumbnail","6":"product_cat-chests-of-drawers","7":"product_cat-ml-meble","8":"product_cat-furniture-system-fini-ml-meble","10":"first","11":"instock","12":"purchasable","13":"product-type-simple"},"_links":{"self":[{"href":"https:\/\/baldumarket.lt\/lt\/wp-json\/wp\/v2\/product\/94563","targetHints":{"allow":["GET"]}}],"collection":[{"href":"https:\/\/baldumarket.lt\/lt\/wp-json\/wp\/v2\/product"}],"about":[{"href":"https:\/\/baldumarket.lt\/lt\/wp-json\/wp\/v2\/types\/product"}],"replies":[{"embeddable":true,"href":"https:\/\/baldumarket.lt\/lt\/wp-json\/wp\/v2\/comments?post=94563"}],"wp:featuredmedia":[{"embeddable":true,"href":"https:\/\/baldumarket.lt\/lt\/wp-json\/wp\/v2\/media\/94564"}],"wp:attachment":[{"href":"https:\/\/baldumarket.lt\/lt\/wp-json\/wp\/v2\/media?parent=94563"}],"wp:term":[{"taxonomy":"product_brand","embeddable":true,"href":"https:\/\/baldumarket.lt\/lt\/wp-json\/wp\/v2\/product_brand?post=94563"},{"taxonomy":"product_cat","embeddable":true,"href":"https:\/\/baldumarket.lt\/lt\/wp-json\/wp\/v2\/product_cat?post=94563"},{"taxonomy":"product_tag","embeddable":true,"href":"https:\/\/baldumarket.lt\/lt\/wp-json\/wp\/v2\/product_tag?post=94563"}],"curies":[{"name":"wp","href":"https:\/\/api.w.org\/{rel}","templated":true}]}}