{"id":94539,"date":"2025-12-05T15:39:09","date_gmt":"2025-12-05T12:39:09","guid":{"rendered":"https:\/\/baldumarket.lt\/product\/fini-02-korpus-dab-artisan-front-bialy-wstawka-antracyt-szafa\/"},"modified":"2026-04-07T15:16:26","modified_gmt":"2026-04-07T12:16:26","slug":"fini-02-korpus-dab-artisan-front-bialy-wstawka-antracyt-szafa","status":"publish","type":"product","link":"https:\/\/baldumarket.lt\/lt\/produktas\/fini-02-korpus-dab-artisan-front-bialy-wstawka-antracyt-szafa\/","title":{"rendered":"FINI 02 \u0105\u017euolo spalvos korpusas \/ baltas priekis \/ antracito spalvos \u012fd\u0117klas \u2013 spinta"},"content":{"rendered":"<p>FINI 02 spinta pasi\u017eymi moderniu, nepretenzingu stiliumi, kur\u012f papildo paprastas dekoras ir gra\u017e\u016bs, nat\u016bral\u016bs medienos ra\u0161tai.<\/p>\n<p>\u0160i trij\u0173 dur\u0173 spinta pasi\u017eymi steb\u0117tinai daug ergonomi\u0161kos erdv\u0117s, kurioje tilps visi reikalingi daiktai ir drabu\u017eiai.<\/p>","protected":false},"excerpt":{"rendered":"<p>FINI 02 spinta pasi\u017eymi moderniu, nepretenzingu stiliumi, kur\u012f papildo paprastas dekoras ir gra\u017eios, nat\u016bralios medienos tekst\u016bros. \u0160i trij\u0173 dur\u0173 spinta pasi\u017eymi steb\u0117tinai daug ergonomi\u0161kos erdv\u0117s, kurioje tilps visi reikalingi daiktai ir drabu\u017eiai.<\/p>","protected":false},"featured_media":94540,"comment_status":"open","ping_status":"open","template":"","meta":[],"product_brand":[],"product_cat":[2255,9233,1177],"product_tag":[],"class_list":{"0":"post-94539","1":"product","2":"type-product","3":"status-publish","4":"has-post-thumbnail","6":"product_cat-ml-meble","7":"product_cat-furniture-system-fini-ml-meble","8":"product_cat-wardrobes","10":"first","11":"instock","12":"purchasable","13":"product-type-simple"},"_links":{"self":[{"href":"https:\/\/baldumarket.lt\/lt\/wp-json\/wp\/v2\/product\/94539","targetHints":{"allow":["GET"]}}],"collection":[{"href":"https:\/\/baldumarket.lt\/lt\/wp-json\/wp\/v2\/product"}],"about":[{"href":"https:\/\/baldumarket.lt\/lt\/wp-json\/wp\/v2\/types\/product"}],"replies":[{"embeddable":true,"href":"https:\/\/baldumarket.lt\/lt\/wp-json\/wp\/v2\/comments?post=94539"}],"wp:featuredmedia":[{"embeddable":true,"href":"https:\/\/baldumarket.lt\/lt\/wp-json\/wp\/v2\/media\/94540"}],"wp:attachment":[{"href":"https:\/\/baldumarket.lt\/lt\/wp-json\/wp\/v2\/media?parent=94539"}],"wp:term":[{"taxonomy":"product_brand","embeddable":true,"href":"https:\/\/baldumarket.lt\/lt\/wp-json\/wp\/v2\/product_brand?post=94539"},{"taxonomy":"product_cat","embeddable":true,"href":"https:\/\/baldumarket.lt\/lt\/wp-json\/wp\/v2\/product_cat?post=94539"},{"taxonomy":"product_tag","embeddable":true,"href":"https:\/\/baldumarket.lt\/lt\/wp-json\/wp\/v2\/product_tag?post=94539"}],"curies":[{"name":"wp","href":"https:\/\/api.w.org\/{rel}","templated":true}]}}