{"id":94516,"date":"2025-12-05T15:38:47","date_gmt":"2025-12-05T12:38:47","guid":{"rendered":"https:\/\/baldumarket.lt\/product\/avo-04-sonoma-jasna-szafa-narozna\/"},"modified":"2026-04-07T15:16:26","modified_gmt":"2026-04-07T12:16:26","slug":"avo-04-sonoma-jasna-szafa-narozna","status":"publish","type":"product","link":"https:\/\/baldumarket.lt\/lt\/product\/avo-04-sonoma-jasna-szafa-narozna\/","title":{"rendered":"Avo 04 sonoma \u0161viestuvas \u2013 kampin\u0117 spinta"},"content":{"rendered":"<p>Kampin\u0117 spinta AVO 04 \u2013 unikalus pasirinkimas skandinavi\u0161ko ir minimalistinio stiliaus interjerui.<\/p>\n<p>Universalus dizainas leid\u017eia pritaikyti bet kurio stilingo svetain\u0117s, prie\u0161kambario, jaunimo kambario ar miegamojo kamp\u0105.<\/p>","protected":false},"excerpt":{"rendered":"<p>Kampin\u0117 spinta AVO 04 \u2013 unikalus pasirinkimas skandinavi\u0161ko ir minimalistinio stiliaus interjerui. Universalus dizainas leid\u017eia pritaikyti kamp\u0105 bet kurioje stilingoje svetain\u0117je, prie\u0161kambaryje, jaunimo kambaryje ar miegamajame.<\/p>","protected":false},"featured_media":94517,"comment_status":"open","ping_status":"open","template":"","meta":[],"product_brand":[],"product_cat":[2255,9223,1177],"product_tag":[],"class_list":{"0":"post-94516","1":"product","2":"type-product","3":"status-publish","4":"has-post-thumbnail","6":"product_cat-ml-meble","7":"product_cat-furniture-system-avo-ml-meble","8":"product_cat-wardrobes","10":"first","11":"instock","12":"purchasable","13":"product-type-simple"},"_links":{"self":[{"href":"https:\/\/baldumarket.lt\/lt\/wp-json\/wp\/v2\/product\/94516","targetHints":{"allow":["GET"]}}],"collection":[{"href":"https:\/\/baldumarket.lt\/lt\/wp-json\/wp\/v2\/product"}],"about":[{"href":"https:\/\/baldumarket.lt\/lt\/wp-json\/wp\/v2\/types\/product"}],"replies":[{"embeddable":true,"href":"https:\/\/baldumarket.lt\/lt\/wp-json\/wp\/v2\/comments?post=94516"}],"wp:featuredmedia":[{"embeddable":true,"href":"https:\/\/baldumarket.lt\/lt\/wp-json\/wp\/v2\/media\/94517"}],"wp:attachment":[{"href":"https:\/\/baldumarket.lt\/lt\/wp-json\/wp\/v2\/media?parent=94516"}],"wp:term":[{"taxonomy":"product_brand","embeddable":true,"href":"https:\/\/baldumarket.lt\/lt\/wp-json\/wp\/v2\/product_brand?post=94516"},{"taxonomy":"product_cat","embeddable":true,"href":"https:\/\/baldumarket.lt\/lt\/wp-json\/wp\/v2\/product_cat?post=94516"},{"taxonomy":"product_tag","embeddable":true,"href":"https:\/\/baldumarket.lt\/lt\/wp-json\/wp\/v2\/product_tag?post=94516"}],"curies":[{"name":"wp","href":"https:\/\/api.w.org\/{rel}","templated":true}]}}