{"id":94504,"date":"2025-12-05T15:38:36","date_gmt":"2025-12-05T12:38:36","guid":{"rendered":"https:\/\/baldumarket.lt\/product\/avo-13-sonoma-jasna-komoda\/"},"modified":"2026-04-07T14:47:08","modified_gmt":"2026-04-07T11:47:08","slug":"avo-13-sonoma-jasna-komoda","status":"publish","type":"product","link":"https:\/\/baldumarket.lt\/lt\/product\/avo-13-sonoma-jasna-komoda\/","title":{"rendered":"Avo 13 sonoma \u0161viestuvas \u2013 komoda"},"content":{"rendered":"<p>Komoda AVO 13 gali atlikti \u012fvairias funkcijas, priklausomai nuo jos i\u0161d\u0117stymo.<\/p>\n<p>D\u0117l savo funkcionalumo komoda yra ideali vieta eksponuoti nuotraukas ar \u0161eimos relikvijas.<\/p>","protected":false},"excerpt":{"rendered":"<p>Komoda AVO 13 gali atlikti \u012fvairias funkcijas, priklausomai nuo jos vietos. D\u0117l savo funkcionalumo komoda yra ideali vieta eksponuoti nuotraukas ar \u0161eimos relikvijas.<\/p>","protected":false},"featured_media":94505,"comment_status":"open","ping_status":"open","template":"","meta":[],"product_brand":[],"product_cat":[1173,2255,9223],"product_tag":[],"class_list":{"0":"post-94504","1":"product","2":"type-product","3":"status-publish","4":"has-post-thumbnail","6":"product_cat-chests-of-drawers","7":"product_cat-ml-meble","8":"product_cat-furniture-system-avo-ml-meble","10":"first","11":"instock","12":"purchasable","13":"product-type-simple"},"_links":{"self":[{"href":"https:\/\/baldumarket.lt\/lt\/wp-json\/wp\/v2\/product\/94504","targetHints":{"allow":["GET"]}}],"collection":[{"href":"https:\/\/baldumarket.lt\/lt\/wp-json\/wp\/v2\/product"}],"about":[{"href":"https:\/\/baldumarket.lt\/lt\/wp-json\/wp\/v2\/types\/product"}],"replies":[{"embeddable":true,"href":"https:\/\/baldumarket.lt\/lt\/wp-json\/wp\/v2\/comments?post=94504"}],"wp:featuredmedia":[{"embeddable":true,"href":"https:\/\/baldumarket.lt\/lt\/wp-json\/wp\/v2\/media\/94505"}],"wp:attachment":[{"href":"https:\/\/baldumarket.lt\/lt\/wp-json\/wp\/v2\/media?parent=94504"}],"wp:term":[{"taxonomy":"product_brand","embeddable":true,"href":"https:\/\/baldumarket.lt\/lt\/wp-json\/wp\/v2\/product_brand?post=94504"},{"taxonomy":"product_cat","embeddable":true,"href":"https:\/\/baldumarket.lt\/lt\/wp-json\/wp\/v2\/product_cat?post=94504"},{"taxonomy":"product_tag","embeddable":true,"href":"https:\/\/baldumarket.lt\/lt\/wp-json\/wp\/v2\/product_tag?post=94504"}],"curies":[{"name":"wp","href":"https:\/\/api.w.org\/{rel}","templated":true}]}}