{"id":94493,"date":"2025-12-05T15:38:25","date_gmt":"2025-12-05T12:38:25","guid":{"rendered":"https:\/\/baldumarket.lt\/product\/avo-06-sonoma-jasna-regal\/"},"modified":"2026-04-07T14:47:08","modified_gmt":"2026-04-07T11:47:08","slug":"avo-06-sonoma-jasna-regal","status":"publish","type":"product","link":"https:\/\/baldumarket.lt\/lt\/product\/avo-06-sonoma-jasna-regal\/","title":{"rendered":"Avo 06 sonoma \u0161viestuvas \u2013 lentyna"},"content":{"rendered":"<p>AVO 06 knyg\u0173 lentyna pasi\u017eymi paprastu, minimalistiniu dizainu, kuris dera prie skandinavi\u0161ko ir modernaus interjero.<\/p>\n<p>\u0160is baldas puikiai tinka svetainei, darbo kambariui, miegamajam ar paauglio kambariui.<\/p>","protected":false},"excerpt":{"rendered":"<p>AVO 06 knyg\u0173 lentyna pasi\u017eymi paprastu, minimalistiniu dizainu, kuris dera prie skandinavi\u0161ko ir modernaus interjero. \u0160is baldas puikiai tinka svetainei, darbo kambariui, miegamajam ar paauglio kambariui.<\/p>","protected":false},"featured_media":94494,"comment_status":"open","ping_status":"open","template":"","meta":[],"product_brand":[],"product_cat":[2255,9223,1987],"product_tag":[],"class_list":{"0":"post-94493","1":"product","2":"type-product","3":"status-publish","4":"has-post-thumbnail","6":"product_cat-ml-meble","7":"product_cat-furniture-system-avo-ml-meble","8":"product_cat-shelving-units","10":"first","11":"instock","12":"purchasable","13":"product-type-simple"},"_links":{"self":[{"href":"https:\/\/baldumarket.lt\/lt\/wp-json\/wp\/v2\/product\/94493","targetHints":{"allow":["GET"]}}],"collection":[{"href":"https:\/\/baldumarket.lt\/lt\/wp-json\/wp\/v2\/product"}],"about":[{"href":"https:\/\/baldumarket.lt\/lt\/wp-json\/wp\/v2\/types\/product"}],"replies":[{"embeddable":true,"href":"https:\/\/baldumarket.lt\/lt\/wp-json\/wp\/v2\/comments?post=94493"}],"wp:featuredmedia":[{"embeddable":true,"href":"https:\/\/baldumarket.lt\/lt\/wp-json\/wp\/v2\/media\/94494"}],"wp:attachment":[{"href":"https:\/\/baldumarket.lt\/lt\/wp-json\/wp\/v2\/media?parent=94493"}],"wp:term":[{"taxonomy":"product_brand","embeddable":true,"href":"https:\/\/baldumarket.lt\/lt\/wp-json\/wp\/v2\/product_brand?post=94493"},{"taxonomy":"product_cat","embeddable":true,"href":"https:\/\/baldumarket.lt\/lt\/wp-json\/wp\/v2\/product_cat?post=94493"},{"taxonomy":"product_tag","embeddable":true,"href":"https:\/\/baldumarket.lt\/lt\/wp-json\/wp\/v2\/product_tag?post=94493"}],"curies":[{"name":"wp","href":"https:\/\/api.w.org\/{rel}","templated":true}]}}