{"id":94460,"date":"2025-12-05T15:37:55","date_gmt":"2025-12-05T12:37:55","guid":{"rendered":"https:\/\/baldumarket.lt\/product\/avo-01-sonoma-jasna-szafa\/"},"modified":"2026-04-07T15:16:43","modified_gmt":"2026-04-07T12:16:43","slug":"avo-01-sonoma-jasna-szafa","status":"publish","type":"product","link":"https:\/\/baldumarket.lt\/lt\/product\/avo-01-sonoma-jasna-szafa\/","title":{"rendered":"Avo 01 sonoma \u0161viestuvas \u2013 spinta"},"content":{"rendered":"<p>Trij\u0173 dur\u0173 spinta AVO 01 \u2013 tai puikus minimalistinio dizaino ir i\u0161skirtinai tvirtos konstrukcijos derinys.<\/p>\n<p>J\u012f galima lengvai pastatyti svetain\u0117je arba miegamajame.<\/p>\n<p>AVO 01 \u2013 tai didel\u0117s talpos ir erdv\u0117s spinta.<\/p>","protected":false},"excerpt":{"rendered":"<p>Trij\u0173 dur\u0173 spinta AVO 01 \u2013 tai puikus minimalistinio dizaino ir i\u0161skirtinai tvirtos konstrukcijos derinys. J\u0105 galima lengvai pastatyti svetain\u0117je arba miegamajame. AVO 01 \u2013 tai didel\u0117s talpos ir erdv\u0117s spinta.<\/p>","protected":false},"featured_media":94461,"comment_status":"open","ping_status":"open","template":"","meta":[],"product_brand":[],"product_cat":[2255,9223,1177],"product_tag":[],"class_list":{"0":"post-94460","1":"product","2":"type-product","3":"status-publish","4":"has-post-thumbnail","6":"product_cat-ml-meble","7":"product_cat-furniture-system-avo-ml-meble","8":"product_cat-wardrobes","10":"first","11":"instock","12":"purchasable","13":"product-type-simple"},"_links":{"self":[{"href":"https:\/\/baldumarket.lt\/lt\/wp-json\/wp\/v2\/product\/94460","targetHints":{"allow":["GET"]}}],"collection":[{"href":"https:\/\/baldumarket.lt\/lt\/wp-json\/wp\/v2\/product"}],"about":[{"href":"https:\/\/baldumarket.lt\/lt\/wp-json\/wp\/v2\/types\/product"}],"replies":[{"embeddable":true,"href":"https:\/\/baldumarket.lt\/lt\/wp-json\/wp\/v2\/comments?post=94460"}],"wp:featuredmedia":[{"embeddable":true,"href":"https:\/\/baldumarket.lt\/lt\/wp-json\/wp\/v2\/media\/94461"}],"wp:attachment":[{"href":"https:\/\/baldumarket.lt\/lt\/wp-json\/wp\/v2\/media?parent=94460"}],"wp:term":[{"taxonomy":"product_brand","embeddable":true,"href":"https:\/\/baldumarket.lt\/lt\/wp-json\/wp\/v2\/product_brand?post=94460"},{"taxonomy":"product_cat","embeddable":true,"href":"https:\/\/baldumarket.lt\/lt\/wp-json\/wp\/v2\/product_cat?post=94460"},{"taxonomy":"product_tag","embeddable":true,"href":"https:\/\/baldumarket.lt\/lt\/wp-json\/wp\/v2\/product_tag?post=94460"}],"curies":[{"name":"wp","href":"https:\/\/api.w.org\/{rel}","templated":true}]}}