{"id":94455,"date":"2025-12-05T15:37:47","date_gmt":"2025-12-05T12:37:47","guid":{"rendered":"https:\/\/baldumarket.lt\/product\/blanco-23-sosna-sniezna-mdf-new-grey-wieszak\/"},"modified":"2026-04-07T14:46:59","modified_gmt":"2026-04-07T11:46:59","slug":"blanco-23-sosna-sniezna-mdf-new-grey-wieszak","status":"publish","type":"product","link":"https:\/\/baldumarket.lt\/lt\/product\/blanco-23-sosna-sniezna-mdf-new-grey-wieszak\/","title":{"rendered":"BLANCO 23 sniego pu\u0161is\/MDF nauja pilka \u2013 pakaba"},"content":{"rendered":"<p>BLANCO 23 kabykla paltams yra labai prakti\u0161kas sprendimas drabu\u017eiams pakabinti.<\/p>\n<p>Svarbus privalumas yra tas, kad j\u0105 galima derinti su kitais BLANCO kolekcijos baldais, sukuriant gra\u017e\u0173 ir funkcional\u0173 i\u0161d\u0117stym\u0105. Stovas yra visi\u0161kai subalansuotas, o tvirti tvirtinimo laikikliai leid\u017eia saugiai pakabinti net \u0161lapius ir sunkius paltus.<\/p>","protected":false},"excerpt":{"rendered":"<p>BLANCO 23 kabykla drabu\u017eiams \u2013 labai prakti\u0161kas sprendimas drabu\u017eiams pakabinti. Pagrindinis privalumas yra tas, kad j\u0105 galima derinti su kitais BLANCO kolekcijos baldais, sukuriant gra\u017e\u0173, bet funkcional\u0173 i\u0161d\u0117stym\u0105. Kabykla yra visi\u0161kai subalansuota, o tvirti tvirtinimo laikikliai leid\u017eia saugiai pakabinti net \u0161lapius ir sunkius [\u2026]<\/p>","protected":false},"featured_media":94456,"comment_status":"open","ping_status":"open","template":"","meta":[],"product_brand":[],"product_cat":[1931,2255,9225],"product_tag":[],"class_list":{"0":"post-94455","1":"product","2":"type-product","3":"status-publish","4":"has-post-thumbnail","6":"product_cat-hangers","7":"product_cat-ml-meble","8":"product_cat-furniture-system-blanco-ml-meble","10":"first","11":"instock","12":"purchasable","13":"product-type-simple"},"_links":{"self":[{"href":"https:\/\/baldumarket.lt\/lt\/wp-json\/wp\/v2\/product\/94455","targetHints":{"allow":["GET"]}}],"collection":[{"href":"https:\/\/baldumarket.lt\/lt\/wp-json\/wp\/v2\/product"}],"about":[{"href":"https:\/\/baldumarket.lt\/lt\/wp-json\/wp\/v2\/types\/product"}],"replies":[{"embeddable":true,"href":"https:\/\/baldumarket.lt\/lt\/wp-json\/wp\/v2\/comments?post=94455"}],"wp:featuredmedia":[{"embeddable":true,"href":"https:\/\/baldumarket.lt\/lt\/wp-json\/wp\/v2\/media\/94456"}],"wp:attachment":[{"href":"https:\/\/baldumarket.lt\/lt\/wp-json\/wp\/v2\/media?parent=94455"}],"wp:term":[{"taxonomy":"product_brand","embeddable":true,"href":"https:\/\/baldumarket.lt\/lt\/wp-json\/wp\/v2\/product_brand?post=94455"},{"taxonomy":"product_cat","embeddable":true,"href":"https:\/\/baldumarket.lt\/lt\/wp-json\/wp\/v2\/product_cat?post=94455"},{"taxonomy":"product_tag","embeddable":true,"href":"https:\/\/baldumarket.lt\/lt\/wp-json\/wp\/v2\/product_tag?post=94455"}],"curies":[{"name":"wp","href":"https:\/\/api.w.org\/{rel}","templated":true}]}}