{"id":94446,"date":"2025-12-05T15:37:35","date_gmt":"2025-12-05T12:37:35","guid":{"rendered":"https:\/\/baldumarket.lt\/product\/blanco-19-sosna-sniezna-mdf-new-grey-szafa\/"},"modified":"2026-04-07T14:46:59","modified_gmt":"2026-04-07T11:46:59","slug":"blanco-19-sosna-sniezna-mdf-new-grey-szafa","status":"publish","type":"product","link":"https:\/\/baldumarket.lt\/lt\/product\/blanco-19-sosna-sniezna-mdf-new-grey-szafa\/","title":{"rendered":"BLANCO 19 sniego pu\u0161is\/MDF nauja pilka \u2013 spinta"},"content":{"rendered":"<p>Vien\u0173 dur\u0173 spinta BLANCO 19 \u2013 tai puikus subtilios formos ir neutrali\u0173, \u0161viesi\u0173 spalv\u0173 derinys.<\/p>\n<p>\u0160i ergonomi\u0161ka spinta suteiks daug vietos visiems j\u016bs\u0173 reikmenims.<\/p>","protected":false},"excerpt":{"rendered":"<p>Vien\u0173 dur\u0173 spinta BLANCO 19 \u2013 tai puikus subtilios formos ir neutrali\u0173, \u0161viesi\u0173 spalv\u0173 derinys. \u0160ioje ergonomi\u0161koje spintoje tilps visi reikalingi daiktai.<\/p>","protected":false},"featured_media":94447,"comment_status":"open","ping_status":"open","template":"","meta":[],"product_brand":[],"product_cat":[2255,9225,2006],"product_tag":[],"class_list":{"0":"post-94446","1":"product","2":"type-product","3":"status-publish","4":"has-post-thumbnail","6":"product_cat-ml-meble","7":"product_cat-furniture-system-blanco-ml-meble","8":"product_cat-vitrines","10":"first","11":"instock","12":"purchasable","13":"product-type-simple"},"_links":{"self":[{"href":"https:\/\/baldumarket.lt\/lt\/wp-json\/wp\/v2\/product\/94446","targetHints":{"allow":["GET"]}}],"collection":[{"href":"https:\/\/baldumarket.lt\/lt\/wp-json\/wp\/v2\/product"}],"about":[{"href":"https:\/\/baldumarket.lt\/lt\/wp-json\/wp\/v2\/types\/product"}],"replies":[{"embeddable":true,"href":"https:\/\/baldumarket.lt\/lt\/wp-json\/wp\/v2\/comments?post=94446"}],"wp:featuredmedia":[{"embeddable":true,"href":"https:\/\/baldumarket.lt\/lt\/wp-json\/wp\/v2\/media\/94447"}],"wp:attachment":[{"href":"https:\/\/baldumarket.lt\/lt\/wp-json\/wp\/v2\/media?parent=94446"}],"wp:term":[{"taxonomy":"product_brand","embeddable":true,"href":"https:\/\/baldumarket.lt\/lt\/wp-json\/wp\/v2\/product_brand?post=94446"},{"taxonomy":"product_cat","embeddable":true,"href":"https:\/\/baldumarket.lt\/lt\/wp-json\/wp\/v2\/product_cat?post=94446"},{"taxonomy":"product_tag","embeddable":true,"href":"https:\/\/baldumarket.lt\/lt\/wp-json\/wp\/v2\/product_tag?post=94446"}],"curies":[{"name":"wp","href":"https:\/\/api.w.org\/{rel}","templated":true}]}}