{"id":94438,"date":"2025-12-05T15:37:25","date_gmt":"2025-12-05T12:37:25","guid":{"rendered":"https:\/\/baldumarket.lt\/product\/blanco-11-sosna-sniezna-mdf-new-grey-biurko\/"},"modified":"2026-04-07T14:46:59","modified_gmt":"2026-04-07T11:46:59","slug":"blanco-11-sosna-sniezna-mdf-new-grey-biurko","status":"publish","type":"product","link":"https:\/\/baldumarket.lt\/lt\/product\/blanco-11-sosna-sniezna-mdf-new-grey-biurko\/","title":{"rendered":"BLANCO 11 sniego pu\u0161ies\/MDF naujas pilkas ra\u0161omasis stalas"},"content":{"rendered":"<p>BLANCO 11 ra\u0161omasis stalas yra universalus sprendimas, suderintas su unikaliu dizainu.<\/p>\n<p>BLANCO ra\u0161omasis stalas suteikia daug darbo vietos d\u0117l plataus stalvir\u0161io ir vietos \u012fvairiems biuro reikmenims laikyti.<\/p>","protected":false},"excerpt":{"rendered":"<p>BLANCO 11 stalas yra universalus sprendimas, pasi\u017eymintis unikaliu dizainu. BLANCO stalas suteikia daug darbo vietos d\u0117l plataus stalvir\u0161io ir vietos \u012fvairiems biuro reikmenims laikyti.<\/p>","protected":false},"featured_media":94439,"comment_status":"open","ping_status":"open","template":"","meta":[],"product_brand":[],"product_cat":[1312,2255,9225],"product_tag":[],"class_list":{"0":"post-94438","1":"product","2":"type-product","3":"status-publish","4":"has-post-thumbnail","6":"product_cat-desks","7":"product_cat-ml-meble","8":"product_cat-furniture-system-blanco-ml-meble","10":"first","11":"instock","12":"purchasable","13":"product-type-simple"},"_links":{"self":[{"href":"https:\/\/baldumarket.lt\/lt\/wp-json\/wp\/v2\/product\/94438","targetHints":{"allow":["GET"]}}],"collection":[{"href":"https:\/\/baldumarket.lt\/lt\/wp-json\/wp\/v2\/product"}],"about":[{"href":"https:\/\/baldumarket.lt\/lt\/wp-json\/wp\/v2\/types\/product"}],"replies":[{"embeddable":true,"href":"https:\/\/baldumarket.lt\/lt\/wp-json\/wp\/v2\/comments?post=94438"}],"wp:featuredmedia":[{"embeddable":true,"href":"https:\/\/baldumarket.lt\/lt\/wp-json\/wp\/v2\/media\/94439"}],"wp:attachment":[{"href":"https:\/\/baldumarket.lt\/lt\/wp-json\/wp\/v2\/media?parent=94438"}],"wp:term":[{"taxonomy":"product_brand","embeddable":true,"href":"https:\/\/baldumarket.lt\/lt\/wp-json\/wp\/v2\/product_brand?post=94438"},{"taxonomy":"product_cat","embeddable":true,"href":"https:\/\/baldumarket.lt\/lt\/wp-json\/wp\/v2\/product_cat?post=94438"},{"taxonomy":"product_tag","embeddable":true,"href":"https:\/\/baldumarket.lt\/lt\/wp-json\/wp\/v2\/product_tag?post=94438"}],"curies":[{"name":"wp","href":"https:\/\/api.w.org\/{rel}","templated":true}]}}