{"id":94429,"date":"2025-12-05T15:37:14","date_gmt":"2025-12-05T12:37:14","guid":{"rendered":"https:\/\/baldumarket.lt\/product\/blanco-08-sosna-sniezna-mdf-new-grey-komoda\/"},"modified":"2026-04-07T14:46:59","modified_gmt":"2026-04-07T11:46:59","slug":"blanco-08-sosna-sniezna-mdf-new-grey-komoda","status":"publish","type":"product","link":"https:\/\/baldumarket.lt\/lt\/product\/blanco-08-sosna-sniezna-mdf-new-grey-komoda\/","title":{"rendered":"BLANCO 08 sniego pu\u0161is\/MDF nauja pilka \u2013 komoda"},"content":{"rendered":"<p>BLANCO 08 indauja gali atlikti \u012fvairias funkcijas, priklausomai nuo to, kur ji pastatyta.<\/p>\n<p>D\u0117l savo funkcionalumo, indauja yra puiki vieta nuotraukoms ar \u0161eimos relikvijoms eksponuoti. Ji taip pat turi daug stal\u010di\u0173, kuriuose lengva laikyti b\u016btiniausius daiktus.<\/p>","protected":false},"excerpt":{"rendered":"<p>BLANCO 08 indauja gali atlikti \u012fvairias funkcijas, priklausomai nuo to, kur ji pastatyta. D\u0117l savo funkcionalumo indauja yra puiki vieta eksponuoti nuotraukas ar \u0161eimos relikvijas. Ji taip pat turi daug stal\u010di\u0173, kuriuose lengva laikyti b\u016btiniausius daiktus.<\/p>","protected":false},"featured_media":94430,"comment_status":"open","ping_status":"open","template":"","meta":[],"product_brand":[],"product_cat":[1173,2255,9225],"product_tag":[],"class_list":{"0":"post-94429","1":"product","2":"type-product","3":"status-publish","4":"has-post-thumbnail","6":"product_cat-chests-of-drawers","7":"product_cat-ml-meble","8":"product_cat-furniture-system-blanco-ml-meble","10":"first","11":"instock","12":"purchasable","13":"product-type-simple"},"_links":{"self":[{"href":"https:\/\/baldumarket.lt\/lt\/wp-json\/wp\/v2\/product\/94429","targetHints":{"allow":["GET"]}}],"collection":[{"href":"https:\/\/baldumarket.lt\/lt\/wp-json\/wp\/v2\/product"}],"about":[{"href":"https:\/\/baldumarket.lt\/lt\/wp-json\/wp\/v2\/types\/product"}],"replies":[{"embeddable":true,"href":"https:\/\/baldumarket.lt\/lt\/wp-json\/wp\/v2\/comments?post=94429"}],"wp:featuredmedia":[{"embeddable":true,"href":"https:\/\/baldumarket.lt\/lt\/wp-json\/wp\/v2\/media\/94430"}],"wp:attachment":[{"href":"https:\/\/baldumarket.lt\/lt\/wp-json\/wp\/v2\/media?parent=94429"}],"wp:term":[{"taxonomy":"product_brand","embeddable":true,"href":"https:\/\/baldumarket.lt\/lt\/wp-json\/wp\/v2\/product_brand?post=94429"},{"taxonomy":"product_cat","embeddable":true,"href":"https:\/\/baldumarket.lt\/lt\/wp-json\/wp\/v2\/product_cat?post=94429"},{"taxonomy":"product_tag","embeddable":true,"href":"https:\/\/baldumarket.lt\/lt\/wp-json\/wp\/v2\/product_tag?post=94429"}],"curies":[{"name":"wp","href":"https:\/\/api.w.org\/{rel}","templated":true}]}}