{"id":94413,"date":"2025-12-05T15:36:52","date_gmt":"2025-12-05T12:36:52","guid":{"rendered":"https:\/\/baldumarket.lt\/product\/blanco-03-sosna-sniezna-mdf-new-grey-regal\/"},"modified":"2026-04-07T14:46:59","modified_gmt":"2026-04-07T11:46:59","slug":"blanco-03-sosna-sniezna-mdf-new-grey-regal","status":"publish","type":"product","link":"https:\/\/baldumarket.lt\/lt\/product\/blanco-03-sosna-sniezna-mdf-new-grey-regal\/","title":{"rendered":"BLANCO 03 sniego pu\u0161is\/MDF nauja pilka \u2013 lentyna"},"content":{"rendered":"<p>BLANCO 03 patalyn\u0117s spinta i\u0161siskiria ne tik moderniu, rafinuotu dizainu, bet ir erdve.<\/p>\n<p>\u0160is modelis turi atidaromas duris, tod\u0117l patogu laikyti drabu\u017eius, rank\u0161luos\u010dius ir patalyn\u0119.<\/p>","protected":false},"excerpt":{"rendered":"<p>BLANCO 03 patalyn\u0117s spinta i\u0161siskiria ne tik moderniu, rafinuotu dizainu, bet ir erdve. \u0160is modelis turi atidaromas duris, leid\u017eian\u010dias patogiai laikyti drabu\u017eius, rank\u0161luos\u010dius ir patalyn\u0119.<\/p>","protected":false},"featured_media":94414,"comment_status":"open","ping_status":"open","template":"","meta":[],"product_brand":[],"product_cat":[2255,9225,2006],"product_tag":[],"class_list":{"0":"post-94413","1":"product","2":"type-product","3":"status-publish","4":"has-post-thumbnail","6":"product_cat-ml-meble","7":"product_cat-furniture-system-blanco-ml-meble","8":"product_cat-vitrines","10":"first","11":"instock","12":"purchasable","13":"product-type-simple"},"_links":{"self":[{"href":"https:\/\/baldumarket.lt\/lt\/wp-json\/wp\/v2\/product\/94413","targetHints":{"allow":["GET"]}}],"collection":[{"href":"https:\/\/baldumarket.lt\/lt\/wp-json\/wp\/v2\/product"}],"about":[{"href":"https:\/\/baldumarket.lt\/lt\/wp-json\/wp\/v2\/types\/product"}],"replies":[{"embeddable":true,"href":"https:\/\/baldumarket.lt\/lt\/wp-json\/wp\/v2\/comments?post=94413"}],"wp:featuredmedia":[{"embeddable":true,"href":"https:\/\/baldumarket.lt\/lt\/wp-json\/wp\/v2\/media\/94414"}],"wp:attachment":[{"href":"https:\/\/baldumarket.lt\/lt\/wp-json\/wp\/v2\/media?parent=94413"}],"wp:term":[{"taxonomy":"product_brand","embeddable":true,"href":"https:\/\/baldumarket.lt\/lt\/wp-json\/wp\/v2\/product_brand?post=94413"},{"taxonomy":"product_cat","embeddable":true,"href":"https:\/\/baldumarket.lt\/lt\/wp-json\/wp\/v2\/product_cat?post=94413"},{"taxonomy":"product_tag","embeddable":true,"href":"https:\/\/baldumarket.lt\/lt\/wp-json\/wp\/v2\/product_tag?post=94413"}],"curies":[{"name":"wp","href":"https:\/\/api.w.org\/{rel}","templated":true}]}}