{"id":94378,"date":"2025-12-05T15:36:20","date_gmt":"2025-12-05T12:36:20","guid":{"rendered":"https:\/\/baldumarket.lt\/product\/blanco-01-sosna-sniezna-mdf-new-grey-szafa\/"},"modified":"2026-04-07T15:16:43","modified_gmt":"2026-04-07T12:16:43","slug":"blanco-01-sosna-sniezna-mdf-new-grey-szafa","status":"publish","type":"product","link":"https:\/\/baldumarket.lt\/lt\/product\/blanco-01-sosna-sniezna-mdf-new-grey-szafa\/","title":{"rendered":"BLANCO 01 sniego pu\u0161is\/MDF nauja pilka \u2013 spinta"},"content":{"rendered":"<p>Dviej\u0173 dur\u0173 spinta BLANCO 01 \u2013 tai puikus prislopint\u0173 spalv\u0173 ir paprasto, minimalistinio dizaino derinys. Ji puikiai dera tiek moderniuose, tiek skandinavi\u0161ko stiliaus interjeruose \u2013 svetain\u0117se, miegamuosiuose ir biuruose.<\/p>","protected":false},"excerpt":{"rendered":"<p>Dviej\u0173 dur\u0173 spinta BLANCO 01 \u2013 tai puikus prislopint\u0173 spalv\u0173 ir paprasto, minimalistinio dizaino derinys. Ji puikiai dera tiek moderniuose, tiek skandinavi\u0161ko stiliaus interjeruose \u2013 svetain\u0117se, miegamuosiuose ir biuruose.<\/p>","protected":false},"featured_media":94379,"comment_status":"open","ping_status":"open","template":"","meta":[],"product_brand":[],"product_cat":[2255,9225,1177],"product_tag":[],"class_list":{"0":"post-94378","1":"product","2":"type-product","3":"status-publish","4":"has-post-thumbnail","6":"product_cat-ml-meble","7":"product_cat-furniture-system-blanco-ml-meble","8":"product_cat-wardrobes","10":"first","11":"instock","12":"purchasable","13":"product-type-simple"},"_links":{"self":[{"href":"https:\/\/baldumarket.lt\/lt\/wp-json\/wp\/v2\/product\/94378","targetHints":{"allow":["GET"]}}],"collection":[{"href":"https:\/\/baldumarket.lt\/lt\/wp-json\/wp\/v2\/product"}],"about":[{"href":"https:\/\/baldumarket.lt\/lt\/wp-json\/wp\/v2\/types\/product"}],"replies":[{"embeddable":true,"href":"https:\/\/baldumarket.lt\/lt\/wp-json\/wp\/v2\/comments?post=94378"}],"wp:featuredmedia":[{"embeddable":true,"href":"https:\/\/baldumarket.lt\/lt\/wp-json\/wp\/v2\/media\/94379"}],"wp:attachment":[{"href":"https:\/\/baldumarket.lt\/lt\/wp-json\/wp\/v2\/media?parent=94378"}],"wp:term":[{"taxonomy":"product_brand","embeddable":true,"href":"https:\/\/baldumarket.lt\/lt\/wp-json\/wp\/v2\/product_brand?post=94378"},{"taxonomy":"product_cat","embeddable":true,"href":"https:\/\/baldumarket.lt\/lt\/wp-json\/wp\/v2\/product_cat?post=94378"},{"taxonomy":"product_tag","embeddable":true,"href":"https:\/\/baldumarket.lt\/lt\/wp-json\/wp\/v2\/product_tag?post=94378"}],"curies":[{"name":"wp","href":"https:\/\/api.w.org\/{rel}","templated":true}]}}