{"id":94364,"date":"2025-12-05T15:36:07","date_gmt":"2025-12-05T12:36:07","guid":{"rendered":"https:\/\/baldumarket.lt\/product\/castel-03-prawy-sonoma-jasna-mdf-sonoma-trufel-regal\/"},"modified":"2026-04-07T13:55:41","modified_gmt":"2026-04-07T10:55:41","slug":"castel-03-prawy-sonoma-jasna-mdf-sonoma-trufel-regal","status":"publish","type":"product","link":"https:\/\/baldumarket.lt\/lt\/product\/castel-03-prawy-sonoma-jasna-mdf-sonoma-trufel-regal\/","title":{"rendered":"Castel 03 de\u0161ininis \u0161viesus sonoma\/MDF sonoma triufelis \u2013 lentyna"},"content":{"rendered":"<p>CASTEL 03P patalyn\u0117s spinta i\u0161siskiria ne tik moderniu, rafinuotu dizainu, bet ir erdve.<\/p>\n<p>\u0160is modelis turi atidaromas duris, tod\u0117l patogu laikyti drabu\u017eius, rank\u0161luos\u010dius ir patalyn\u0119.<\/p>","protected":false},"excerpt":{"rendered":"<p>CASTEL 03P patalyn\u0117s spinta i\u0161siskiria ne tik moderniu, rafinuotu dizainu, bet ir erdve. \u0160is modelis turi atidaromas duris, leid\u017eian\u010dias patogiai laikyti drabu\u017eius, rank\u0161luos\u010dius ir patalyn\u0119.<\/p>","protected":false},"featured_media":94365,"comment_status":"open","ping_status":"open","template":"","meta":[],"product_brand":[],"product_cat":[2255,9227,2006],"product_tag":[],"class_list":{"0":"post-94364","1":"product","2":"type-product","3":"status-publish","4":"has-post-thumbnail","6":"product_cat-ml-meble","7":"product_cat-furniture-system-castel-ml-meble","8":"product_cat-vitrines","10":"first","11":"instock","12":"purchasable","13":"product-type-simple"},"_links":{"self":[{"href":"https:\/\/baldumarket.lt\/lt\/wp-json\/wp\/v2\/product\/94364","targetHints":{"allow":["GET"]}}],"collection":[{"href":"https:\/\/baldumarket.lt\/lt\/wp-json\/wp\/v2\/product"}],"about":[{"href":"https:\/\/baldumarket.lt\/lt\/wp-json\/wp\/v2\/types\/product"}],"replies":[{"embeddable":true,"href":"https:\/\/baldumarket.lt\/lt\/wp-json\/wp\/v2\/comments?post=94364"}],"wp:featuredmedia":[{"embeddable":true,"href":"https:\/\/baldumarket.lt\/lt\/wp-json\/wp\/v2\/media\/94365"}],"wp:attachment":[{"href":"https:\/\/baldumarket.lt\/lt\/wp-json\/wp\/v2\/media?parent=94364"}],"wp:term":[{"taxonomy":"product_brand","embeddable":true,"href":"https:\/\/baldumarket.lt\/lt\/wp-json\/wp\/v2\/product_brand?post=94364"},{"taxonomy":"product_cat","embeddable":true,"href":"https:\/\/baldumarket.lt\/lt\/wp-json\/wp\/v2\/product_cat?post=94364"},{"taxonomy":"product_tag","embeddable":true,"href":"https:\/\/baldumarket.lt\/lt\/wp-json\/wp\/v2\/product_tag?post=94364"}],"curies":[{"name":"wp","href":"https:\/\/api.w.org\/{rel}","templated":true}]}}