{"id":94360,"date":"2025-12-05T15:36:03","date_gmt":"2025-12-05T12:36:03","guid":{"rendered":"https:\/\/baldumarket.lt\/product\/optimal-15-sonoma-jasna-biurko\/"},"modified":"2026-02-03T23:53:55","modified_gmt":"2026-02-03T20:53:55","slug":"optimal-15-sonoma-jasna-biurko","status":"publish","type":"product","link":"https:\/\/baldumarket.lt\/lt\/product\/optimal-15-sonoma-jasna-biurko\/","title":{"rendered":"Optimal 15 sonoma \u0161viestuvas"},"content":{"rendered":"<p>OPTIMAL 15 \u2013 tai ergonomi\u0161kas stalas su metalin\u0117mis kojel\u0117mis ir kont\u016bruotu stalvir\u0161iu, kuris u\u017etikrins patogesn\u012f darb\u0105.<\/p>\n<p>D\u0117l plataus stalvir\u0161io ir vietos \u012fvairiems biuro reikmenims, stalas suteikia daug darbo vietos.<\/p>","protected":false},"excerpt":{"rendered":"<p>OPTIMAL 15 \u2013 tai ergonomi\u0161kas stalas su metalin\u0117mis kojel\u0117mis ir kont\u016bruotu stalvir\u0161iu, kuris u\u017etikrins patogesn\u012f darb\u0105. Platus stalvir\u0161is ir vieta \u012fvairiems biuro reikmenims suteikia daug darbo vietos.<\/p>","protected":false},"featured_media":94361,"comment_status":"open","ping_status":"open","template":"","meta":[],"product_brand":[],"product_cat":[9243,1312,2255],"product_tag":[],"class_list":{"0":"post-94360","1":"product","2":"type-product","3":"status-publish","4":"has-post-thumbnail","6":"product_cat-furniture-system-optimal-ml-meble","7":"product_cat-desks","8":"product_cat-ml-meble","10":"first","11":"instock","12":"purchasable","13":"product-type-simple"},"_links":{"self":[{"href":"https:\/\/baldumarket.lt\/lt\/wp-json\/wp\/v2\/product\/94360","targetHints":{"allow":["GET"]}}],"collection":[{"href":"https:\/\/baldumarket.lt\/lt\/wp-json\/wp\/v2\/product"}],"about":[{"href":"https:\/\/baldumarket.lt\/lt\/wp-json\/wp\/v2\/types\/product"}],"replies":[{"embeddable":true,"href":"https:\/\/baldumarket.lt\/lt\/wp-json\/wp\/v2\/comments?post=94360"}],"wp:featuredmedia":[{"embeddable":true,"href":"https:\/\/baldumarket.lt\/lt\/wp-json\/wp\/v2\/media\/94361"}],"wp:attachment":[{"href":"https:\/\/baldumarket.lt\/lt\/wp-json\/wp\/v2\/media?parent=94360"}],"wp:term":[{"taxonomy":"product_brand","embeddable":true,"href":"https:\/\/baldumarket.lt\/lt\/wp-json\/wp\/v2\/product_brand?post=94360"},{"taxonomy":"product_cat","embeddable":true,"href":"https:\/\/baldumarket.lt\/lt\/wp-json\/wp\/v2\/product_cat?post=94360"},{"taxonomy":"product_tag","embeddable":true,"href":"https:\/\/baldumarket.lt\/lt\/wp-json\/wp\/v2\/product_tag?post=94360"}],"curies":[{"name":"wp","href":"https:\/\/api.w.org\/{rel}","templated":true}]}}