{"id":94344,"date":"2025-12-05T15:35:46","date_gmt":"2025-12-05T12:35:46","guid":{"rendered":"https:\/\/baldumarket.lt\/product\/optimal-02-sonoma-jasna-regal\/"},"modified":"2026-04-07T15:18:14","modified_gmt":"2026-04-07T12:18:14","slug":"optimal-02-sonoma-jasna-regal","status":"publish","type":"product","link":"https:\/\/baldumarket.lt\/lt\/product\/optimal-02-sonoma-jasna-regal\/","title":{"rendered":"Optimali 02 sonoma \u0161vieslent\u0117"},"content":{"rendered":"<p>OPTIMAL 02 \u2013 tai erdvi dokument\u0173 spinta su \u012fmontuota spyna.<\/p>\n<p>\u0160is baldas pasi\u017eymi ergonomi\u0161ku dizainu ir, svarbiausia, funkcionalumu.<\/p>","protected":false},"excerpt":{"rendered":"<p>OPTIMAL 02 \u2013 tai erdvi dokument\u0173 spinta su \u012fmontuota spyna. \u0160is baldas pasi\u017eymi ergonomi\u0161ku dizainu ir, svarbiausia, funkcionalumu.<\/p>","protected":false},"featured_media":94345,"comment_status":"open","ping_status":"open","template":"","meta":[],"product_brand":[],"product_cat":[9243,2255,1177],"product_tag":[],"class_list":{"0":"post-94344","1":"product","2":"type-product","3":"status-publish","4":"has-post-thumbnail","6":"product_cat-furniture-system-optimal-ml-meble","7":"product_cat-ml-meble","8":"product_cat-wardrobes","10":"first","11":"instock","12":"purchasable","13":"product-type-simple"},"_links":{"self":[{"href":"https:\/\/baldumarket.lt\/lt\/wp-json\/wp\/v2\/product\/94344","targetHints":{"allow":["GET"]}}],"collection":[{"href":"https:\/\/baldumarket.lt\/lt\/wp-json\/wp\/v2\/product"}],"about":[{"href":"https:\/\/baldumarket.lt\/lt\/wp-json\/wp\/v2\/types\/product"}],"replies":[{"embeddable":true,"href":"https:\/\/baldumarket.lt\/lt\/wp-json\/wp\/v2\/comments?post=94344"}],"wp:featuredmedia":[{"embeddable":true,"href":"https:\/\/baldumarket.lt\/lt\/wp-json\/wp\/v2\/media\/94345"}],"wp:attachment":[{"href":"https:\/\/baldumarket.lt\/lt\/wp-json\/wp\/v2\/media?parent=94344"}],"wp:term":[{"taxonomy":"product_brand","embeddable":true,"href":"https:\/\/baldumarket.lt\/lt\/wp-json\/wp\/v2\/product_brand?post=94344"},{"taxonomy":"product_cat","embeddable":true,"href":"https:\/\/baldumarket.lt\/lt\/wp-json\/wp\/v2\/product_cat?post=94344"},{"taxonomy":"product_tag","embeddable":true,"href":"https:\/\/baldumarket.lt\/lt\/wp-json\/wp\/v2\/product_tag?post=94344"}],"curies":[{"name":"wp","href":"https:\/\/api.w.org\/{rel}","templated":true}]}}