{"id":94331,"date":"2025-12-05T15:35:33","date_gmt":"2025-12-05T12:35:33","guid":{"rendered":"https:\/\/baldumarket.lt\/product\/castel-13-sonoma-jasna-mdf-sonoma-trufel-szfka-rtv\/"},"modified":"2026-04-07T13:55:41","modified_gmt":"2026-04-07T10:55:41","slug":"castel-13-sonoma-jasna-mdf-sonoma-trufel-szfka-rtv","status":"publish","type":"product","link":"https:\/\/baldumarket.lt\/lt\/product\/castel-13-sonoma-jasna-mdf-sonoma-trufel-szfka-rtv\/","title":{"rendered":"CASTEL 13 sonoma \u0161viesa\/MDF sonoma triufelis \u2013 TV spintel\u0117"},"content":{"rendered":"<p>CASTEL 13 televizoriaus spintel\u0117 leis jums puikiai i\u0161d\u0117styti televizori\u0173, kuris tikrai lyd\u0117s vis\u0105 \u0161eim\u0105 vakaro \u017ei\u016br\u0117jimo metu.<\/p>","protected":false},"excerpt":{"rendered":"<p>CASTEL 13 televizoriaus spintel\u0117 leis jums puikiai i\u0161d\u0117styti televizori\u0173, kuris tikrai lyd\u0117s vis\u0105 \u0161eim\u0105 vakaro \u017ei\u016br\u0117jimo metu.<\/p>","protected":false},"featured_media":94332,"comment_status":"open","ping_status":"open","template":"","meta":[],"product_brand":[],"product_cat":[2255,9227,1175],"product_tag":[],"class_list":{"0":"post-94331","1":"product","2":"type-product","3":"status-publish","4":"has-post-thumbnail","6":"product_cat-ml-meble","7":"product_cat-furniture-system-castel-ml-meble","8":"product_cat-tv-stands","10":"first","11":"instock","12":"purchasable","13":"product-type-simple"},"_links":{"self":[{"href":"https:\/\/baldumarket.lt\/lt\/wp-json\/wp\/v2\/product\/94331","targetHints":{"allow":["GET"]}}],"collection":[{"href":"https:\/\/baldumarket.lt\/lt\/wp-json\/wp\/v2\/product"}],"about":[{"href":"https:\/\/baldumarket.lt\/lt\/wp-json\/wp\/v2\/types\/product"}],"replies":[{"embeddable":true,"href":"https:\/\/baldumarket.lt\/lt\/wp-json\/wp\/v2\/comments?post=94331"}],"wp:featuredmedia":[{"embeddable":true,"href":"https:\/\/baldumarket.lt\/lt\/wp-json\/wp\/v2\/media\/94332"}],"wp:attachment":[{"href":"https:\/\/baldumarket.lt\/lt\/wp-json\/wp\/v2\/media?parent=94331"}],"wp:term":[{"taxonomy":"product_brand","embeddable":true,"href":"https:\/\/baldumarket.lt\/lt\/wp-json\/wp\/v2\/product_brand?post=94331"},{"taxonomy":"product_cat","embeddable":true,"href":"https:\/\/baldumarket.lt\/lt\/wp-json\/wp\/v2\/product_cat?post=94331"},{"taxonomy":"product_tag","embeddable":true,"href":"https:\/\/baldumarket.lt\/lt\/wp-json\/wp\/v2\/product_tag?post=94331"}],"curies":[{"name":"wp","href":"https:\/\/api.w.org\/{rel}","templated":true}]}}