{"id":94293,"date":"2025-12-05T15:34:56","date_gmt":"2025-12-05T12:34:56","guid":{"rendered":"https:\/\/baldumarket.lt\/product\/castel-02-s-sonoma-jasna-mdf-sonoma-trufel-regal\/"},"modified":"2026-04-07T13:55:41","modified_gmt":"2026-04-07T10:55:41","slug":"castel-02-s-sonoma-jasna-mdf-sonoma-trufel-regal","status":"publish","type":"product","link":"https:\/\/baldumarket.lt\/lt\/product\/castel-02-s-sonoma-jasna-mdf-sonoma-trufel-regal\/","title":{"rendered":"CASTEL 02\/S \u0161viesi sonoma\/MDF sonoma triufel\u0117 \u2013 lentyna"},"content":{"rendered":"<p>Vitrina CASTEL 02\/S suteiks j\u016bs\u0173 interjerui gaivumo ir elegancijos.<\/p>\n<p>Vitrinos durys yra stiklin\u0117s ir pagamintos i\u0161 auk\u0161tos kokyb\u0117s baldin\u0117s plok\u0161t\u0117s. Priklausomai nuo interjero dizaino, joje galima laikyti knygas, suvenyrus, stalo \u012frankius ir daug daugiau.<\/p>","protected":false},"excerpt":{"rendered":"<p>CASTEL 02\/S vitrina j\u016bs\u0173 interjerui suteiks gaivumo ir elegancijos. Vitrinos durys yra stiklin\u0117s ir pagamintos i\u0161 auk\u0161tos kokyb\u0117s baldin\u0117s plok\u0161t\u0117s. Priklausomai nuo interjero dizaino, joje galima laikyti knygas, suvenyrus, stalo \u012frankius ir daug daugiau.<\/p>","protected":false},"featured_media":94294,"comment_status":"open","ping_status":"open","template":"","meta":[],"product_brand":[],"product_cat":[2255,9227,2006],"product_tag":[],"class_list":{"0":"post-94293","1":"product","2":"type-product","3":"status-publish","4":"has-post-thumbnail","6":"product_cat-ml-meble","7":"product_cat-furniture-system-castel-ml-meble","8":"product_cat-vitrines","10":"first","11":"instock","12":"purchasable","13":"product-type-simple"},"_links":{"self":[{"href":"https:\/\/baldumarket.lt\/lt\/wp-json\/wp\/v2\/product\/94293","targetHints":{"allow":["GET"]}}],"collection":[{"href":"https:\/\/baldumarket.lt\/lt\/wp-json\/wp\/v2\/product"}],"about":[{"href":"https:\/\/baldumarket.lt\/lt\/wp-json\/wp\/v2\/types\/product"}],"replies":[{"embeddable":true,"href":"https:\/\/baldumarket.lt\/lt\/wp-json\/wp\/v2\/comments?post=94293"}],"wp:featuredmedia":[{"embeddable":true,"href":"https:\/\/baldumarket.lt\/lt\/wp-json\/wp\/v2\/media\/94294"}],"wp:attachment":[{"href":"https:\/\/baldumarket.lt\/lt\/wp-json\/wp\/v2\/media?parent=94293"}],"wp:term":[{"taxonomy":"product_brand","embeddable":true,"href":"https:\/\/baldumarket.lt\/lt\/wp-json\/wp\/v2\/product_brand?post=94293"},{"taxonomy":"product_cat","embeddable":true,"href":"https:\/\/baldumarket.lt\/lt\/wp-json\/wp\/v2\/product_cat?post=94293"},{"taxonomy":"product_tag","embeddable":true,"href":"https:\/\/baldumarket.lt\/lt\/wp-json\/wp\/v2\/product_tag?post=94293"}],"curies":[{"name":"wp","href":"https:\/\/api.w.org\/{rel}","templated":true}]}}