{"id":94279,"date":"2025-12-05T15:34:44","date_gmt":"2025-12-05T12:34:44","guid":{"rendered":"https:\/\/baldumarket.lt\/product\/castel-01-sonoma-jasna-mdf-sonoma-trufel-szafa\/"},"modified":"2026-04-07T15:16:43","modified_gmt":"2026-04-07T12:16:43","slug":"castel-01-sonoma-jasna-mdf-sonoma-trufel-szafa","status":"publish","type":"product","link":"https:\/\/baldumarket.lt\/lt\/product\/castel-01-sonoma-jasna-mdf-sonoma-trufel-szafa\/","title":{"rendered":"CASTEL 01 \u0161viesus sonoma\/MDF sonoma triufelis \u2013 spinta"},"content":{"rendered":"<p>CASTEL 01 spinta \u2013 tai tobulas elegancijos ir funkcionalumo derinys.<\/p>\n<p>\u0160i erdvi spinta pasi\u017eymi steb\u0117tinai daug ergonomi\u0161kos erdv\u0117s, joje tilps visi reikalingi daiktai ir drabu\u017eiai.<\/p>","protected":false},"excerpt":{"rendered":"<p>CASTEL 01 spinta \u2013 tai tobulas elegancijos ir funkcionalumo derinys. \u0160i erdvi spinta pasi\u017eymi steb\u0117tinai daug ergonomi\u0161kos erdv\u0117s, kurioje tilps visi reikalingi daiktai ir drabu\u017eiai.<\/p>","protected":false},"featured_media":94280,"comment_status":"open","ping_status":"open","template":"","meta":[],"product_brand":[],"product_cat":[2255,9227,1177],"product_tag":[],"class_list":{"0":"post-94279","1":"product","2":"type-product","3":"status-publish","4":"has-post-thumbnail","6":"product_cat-ml-meble","7":"product_cat-furniture-system-castel-ml-meble","8":"product_cat-wardrobes","10":"first","11":"instock","12":"purchasable","13":"product-type-simple"},"_links":{"self":[{"href":"https:\/\/baldumarket.lt\/lt\/wp-json\/wp\/v2\/product\/94279","targetHints":{"allow":["GET"]}}],"collection":[{"href":"https:\/\/baldumarket.lt\/lt\/wp-json\/wp\/v2\/product"}],"about":[{"href":"https:\/\/baldumarket.lt\/lt\/wp-json\/wp\/v2\/types\/product"}],"replies":[{"embeddable":true,"href":"https:\/\/baldumarket.lt\/lt\/wp-json\/wp\/v2\/comments?post=94279"}],"wp:featuredmedia":[{"embeddable":true,"href":"https:\/\/baldumarket.lt\/lt\/wp-json\/wp\/v2\/media\/94280"}],"wp:attachment":[{"href":"https:\/\/baldumarket.lt\/lt\/wp-json\/wp\/v2\/media?parent=94279"}],"wp:term":[{"taxonomy":"product_brand","embeddable":true,"href":"https:\/\/baldumarket.lt\/lt\/wp-json\/wp\/v2\/product_brand?post=94279"},{"taxonomy":"product_cat","embeddable":true,"href":"https:\/\/baldumarket.lt\/lt\/wp-json\/wp\/v2\/product_cat?post=94279"},{"taxonomy":"product_tag","embeddable":true,"href":"https:\/\/baldumarket.lt\/lt\/wp-json\/wp\/v2\/product_tag?post=94279"}],"curies":[{"name":"wp","href":"https:\/\/api.w.org\/{rel}","templated":true}]}}