{"id":94274,"date":"2025-12-05T02:44:36","date_gmt":"2025-12-04T23:44:36","guid":{"rendered":"https:\/\/baldumarket.lt\/product\/drewniany-kon-na-biegunach-ad259-buk-naturalny\/"},"modified":"2026-02-03T23:53:56","modified_gmt":"2026-02-03T20:53:56","slug":"drewniany-kon-na-biegunach-ad259-buk-naturalny","status":"publish","type":"product","link":"https:\/\/baldumarket.lt\/lt\/product\/drewniany-kon-na-biegunach-ad259-buk-naturalny\/","title":{"rendered":"Medinis supamasis arkliukas AD259 nat\u016bralus bukas"},"content":{"rendered":"<p>Medinis supamasis arkliukas AD259 yra nesenstantis \u017eaislas kiekvienam ma\u017eyliui. Pagamintas i\u0161 buko medienos, jis turi stabil\u0173 atlo\u0161\u0105, kad b\u016bt\u0173 u\u017etikrintas j\u016bs\u0173 vaiko saugumas. Klasikin\u0117 apdaila taip pat puikiai tinka bet kuriam vaiko kambariui.<\/p>","protected":false},"excerpt":{"rendered":"<p>Medinis supamasis arkliukas AD259 yra nesenstantis \u017eaislas kiekvienam ma\u017eyliui. Pagamintas i\u0161 buko medienos, jis turi stabil\u0173 atlo\u0161\u0105, kad b\u016bt\u0173 u\u017etikrintas j\u016bs\u0173 vaiko saugumas. Klasikin\u0117 apdaila taip pat puikiai tinka bet kuriam vaiko kambariui.<\/p>","protected":false},"featured_media":94275,"comment_status":"open","ping_status":"open","template":"","meta":[],"product_brand":[],"product_cat":[2113,1043],"product_tag":[],"class_list":{"0":"post-94274","1":"product","2":"type-product","3":"status-publish","4":"has-post-thumbnail","6":"product_cat-drewmax","7":"product_cat-extras","9":"first","10":"instock","11":"purchasable","12":"product-type-simple"},"_links":{"self":[{"href":"https:\/\/baldumarket.lt\/lt\/wp-json\/wp\/v2\/product\/94274","targetHints":{"allow":["GET"]}}],"collection":[{"href":"https:\/\/baldumarket.lt\/lt\/wp-json\/wp\/v2\/product"}],"about":[{"href":"https:\/\/baldumarket.lt\/lt\/wp-json\/wp\/v2\/types\/product"}],"replies":[{"embeddable":true,"href":"https:\/\/baldumarket.lt\/lt\/wp-json\/wp\/v2\/comments?post=94274"}],"wp:featuredmedia":[{"embeddable":true,"href":"https:\/\/baldumarket.lt\/lt\/wp-json\/wp\/v2\/media\/94275"}],"wp:attachment":[{"href":"https:\/\/baldumarket.lt\/lt\/wp-json\/wp\/v2\/media?parent=94274"}],"wp:term":[{"taxonomy":"product_brand","embeddable":true,"href":"https:\/\/baldumarket.lt\/lt\/wp-json\/wp\/v2\/product_brand?post=94274"},{"taxonomy":"product_cat","embeddable":true,"href":"https:\/\/baldumarket.lt\/lt\/wp-json\/wp\/v2\/product_cat?post=94274"},{"taxonomy":"product_tag","embeddable":true,"href":"https:\/\/baldumarket.lt\/lt\/wp-json\/wp\/v2\/product_tag?post=94274"}],"curies":[{"name":"wp","href":"https:\/\/api.w.org\/{rel}","templated":true}]}}