{"id":94260,"date":"2025-12-05T02:44:15","date_gmt":"2025-12-04T23:44:15","guid":{"rendered":"https:\/\/baldumarket.lt\/product\/drewniane-klocki-dla-dzieci-ad402-naturalny\/"},"modified":"2026-02-03T23:53:57","modified_gmt":"2026-02-03T20:53:57","slug":"drewniane-klocki-dla-dzieci-ad402-naturalny","status":"publish","type":"product","link":"https:\/\/baldumarket.lt\/lt\/product\/drewniane-klocki-dla-dzieci-ad402-naturalny\/","title":{"rendered":"Mediniai kalad\u0117l\u0117s vaikams AD402 nat\u016bralios"},"content":{"rendered":"<p>PRODUKTAS YRA SAND\u0116LYJE PASIRINKT\u0172 SPALV\u0172 IR DYD\u017dI\u0172 \u2013 apie prieinamum\u0105 teiraukit\u0117s pardav\u0117jo.<\/p>\n<p>Medin\u0117s kalad\u0117l\u0117s yra vieni i\u0161 da\u017eniausiai perkam\u0173 \u017eaisl\u0173 vaikams. Jos lavina vaizduot\u0119 ir rank\u0173 miklum\u0105. Pagaminti i\u0161 tvirtos buko medienos, jie yra patvar\u016bs ir u\u017etikrins ilgus \u017eaidimo metus. Medin\u0117s kalad\u0117l\u0117s yra idealus \u017eaislas tiek berniukams, tiek mergait\u0117ms.<br \/>\nMediniai domino kauliukai, 5 spalv\u0173 \u2013 800 detali\u0173<\/p>","protected":false},"excerpt":{"rendered":"<p>PRODUKTAS YRA SAND\u0116LYJE PASIRINKT\u0172 SPALV\u0172 IR DYD\u017dI\u0172 \u2013 apie prieinamum\u0105 teiraukit\u0117s pardav\u0117jo. Medin\u0117s kalad\u0117l\u0117s yra vieni i\u0161 da\u017eniausiai perkam\u0173 \u017eaisl\u0173 vaikams. Jos lavina vaizduot\u0119 ir rank\u0173 miklum\u0105. Pagaminti i\u0161 tvirtos buko medienos, jie yra patvar\u016bs ir u\u017etikrins ilgus \u017eaidimo metus. Medin\u0117s kalad\u0117l\u0117s yra idealus \u017eaislas [\u2026]<\/p>","protected":false},"featured_media":94261,"comment_status":"open","ping_status":"open","template":"","meta":[],"product_brand":[],"product_cat":[9309,9251,2113],"product_tag":[],"class_list":{"0":"post-94260","1":"product","2":"type-product","3":"status-publish","4":"has-post-thumbnail","6":"product_cat-garden-taps-drewmax","7":"product_cat-musor","8":"product_cat-drewmax","10":"first","11":"instock","12":"purchasable","13":"product-type-simple"},"_links":{"self":[{"href":"https:\/\/baldumarket.lt\/lt\/wp-json\/wp\/v2\/product\/94260","targetHints":{"allow":["GET"]}}],"collection":[{"href":"https:\/\/baldumarket.lt\/lt\/wp-json\/wp\/v2\/product"}],"about":[{"href":"https:\/\/baldumarket.lt\/lt\/wp-json\/wp\/v2\/types\/product"}],"replies":[{"embeddable":true,"href":"https:\/\/baldumarket.lt\/lt\/wp-json\/wp\/v2\/comments?post=94260"}],"wp:featuredmedia":[{"embeddable":true,"href":"https:\/\/baldumarket.lt\/lt\/wp-json\/wp\/v2\/media\/94261"}],"wp:attachment":[{"href":"https:\/\/baldumarket.lt\/lt\/wp-json\/wp\/v2\/media?parent=94260"}],"wp:term":[{"taxonomy":"product_brand","embeddable":true,"href":"https:\/\/baldumarket.lt\/lt\/wp-json\/wp\/v2\/product_brand?post=94260"},{"taxonomy":"product_cat","embeddable":true,"href":"https:\/\/baldumarket.lt\/lt\/wp-json\/wp\/v2\/product_cat?post=94260"},{"taxonomy":"product_tag","embeddable":true,"href":"https:\/\/baldumarket.lt\/lt\/wp-json\/wp\/v2\/product_tag?post=94260"}],"curies":[{"name":"wp","href":"https:\/\/api.w.org\/{rel}","templated":true}]}}