{"id":94255,"date":"2025-12-05T02:44:07","date_gmt":"2025-12-04T23:44:07","guid":{"rendered":"https:\/\/baldumarket.lt\/product\/garderoba-sosnowa-rustikal-gr704-sosna-jasny-wosk\/"},"modified":"2026-02-03T23:53:58","modified_gmt":"2026-02-03T20:53:58","slug":"garderoba-sosnowa-rustikal-gr704-sosna-jasny-wosk","status":"publish","type":"product","link":"https:\/\/baldumarket.lt\/lt\/product\/garderoba-sosnowa-rustikal-gr704-sosna-jasny-wosk\/","title":{"rendered":"Pu\u0161in\u0117 spinta RUSTIKAL GR704 \u0161viesaus pu\u0161ies va\u0161ko imitacija"},"content":{"rendered":"<p>GR704 va\u0161kuota spinta, pasi\u017eyminti kaimi\u0161ku dizainu ir pagaminta vien i\u0161 masyvios pu\u0161ies medienos, susideda i\u0161 dviej\u0173 dali\u0173. Atvira dalis skirta vir\u0161utiniams drabu\u017eiams pakabinti. Vir\u0161 pakab\u0173 yra atvira lentyna. Apatin\u0117 dalis yra \u012fmontuota bat\u0173 spintel\u0117 su viena lentyna. Antroji, \u012fmontuota dalis yra vien\u0173 dur\u0173 spinta, kurioje galima laikyti paltus, striukes, kepures ir \u0161alikus. Spintoje yra pakabos b\u0117gelis, lentyna, esanti 2\/3 spintos auk\u0161\u010dio, ir i\u0161traukiamas stal\u010dius ant medini\u0173 b\u0117geli\u0173. Jos funkcionalumas labai palengvina daikt\u0173 laikym\u0105. Baldas pasi\u017eymi patvaria ir tvirta konstrukcija. Jos konstrukcijoje panaudotos rank\u0173 darbo metalin\u0117s rankenos su sendinto med\u017eio efektu. \u0160i spinta idealiai tinka net ir ma\u017eiems koridoriams. Ji suteiks bet kokiam interjerui unikali\u0105 atmosfer\u0105, kupin\u0105 \u0161ilumos ir jaukios atmosferos.<\/p>\n<p>Baldai padengti nat\u016braliu bi\u010di\u0173 va\u0161ku, kuris sukuria apsaugin\u012f sluoksn\u012f nuo dr\u0117gm\u0117s ir kartu maitina medien\u0105. Va\u0161kavimo procesas i\u0161ry\u0161kina nat\u016brali\u0105 medienos tekst\u016br\u0105 ir pagilina nat\u016brali\u0105 jos spalv\u0105. Bi\u010di\u0173 va\u0161kas yra nat\u016bralus produktas, tod\u0117l va\u0161kuoti baldai pasi\u017eymi antistatin\u0117mis savyb\u0117mis, ma\u017einan\u010diomis dulki\u0173 kaupim\u0105si. Papildomas va\u0161kuot\u0173 bald\u0173 privalumas \u2013 \u0161ilkinis lygus pavir\u0161ius ir malonus nat\u016bralus medienos aromatas.<\/p>\n<p>Sveikos medienos tekst\u016bros i\u0161saugojimas yra b\u016btinas va\u0161kuot\u0173 bald\u0173 ilgaam\u017ei\u0161kumui. Skyriuje \u201cVa\u0161kuot\u0173 bald\u0173 prie\u017ei\u016bra ir naudojimas\u201d rasite verting\u0173 patarim\u0173, kaip pri\u017ei\u016br\u0117ti \u201eRustikal\u201c kolekcijos baldus.<\/p>","protected":false},"excerpt":{"rendered":"<p>GR704 va\u0161kuota drabu\u017ei\u0173 spinta, pasi\u017eyminti kaimi\u0161ku dizainu ir pagaminta vien i\u0161 masyvios pu\u0161ies medienos, susideda i\u0161 dviej\u0173 dali\u0173. Atvira dalis skirta vir\u0161utiniams drabu\u017eiams pakabinti. Vir\u0161 pakab\u0173 yra atvira lentyna. Apatin\u0117 dalis yra \u012fmontuota bat\u0173 spinta su viena lentyna. Antroji, \u012fmontuota dalis yra vien\u0173 dur\u0173 drabu\u017ei\u0173 spinta [\u2026]<\/p>","protected":false},"featured_media":88534,"comment_status":"open","ping_status":"open","template":"","meta":[],"product_brand":[],"product_cat":[9317,9305,2113,1177],"product_tag":[],"class_list":{"0":"post-94255","1":"product","2":"type-product","3":"status-publish","4":"has-post-thumbnail","6":"product_cat-collection-rustikal-drewmax","7":"product_cat-pine-furniture-drewmax","8":"product_cat-drewmax","9":"product_cat-wardrobes","11":"first","12":"instock","13":"purchasable","14":"product-type-simple"},"_links":{"self":[{"href":"https:\/\/baldumarket.lt\/lt\/wp-json\/wp\/v2\/product\/94255","targetHints":{"allow":["GET"]}}],"collection":[{"href":"https:\/\/baldumarket.lt\/lt\/wp-json\/wp\/v2\/product"}],"about":[{"href":"https:\/\/baldumarket.lt\/lt\/wp-json\/wp\/v2\/types\/product"}],"replies":[{"embeddable":true,"href":"https:\/\/baldumarket.lt\/lt\/wp-json\/wp\/v2\/comments?post=94255"}],"wp:featuredmedia":[{"embeddable":true,"href":"https:\/\/baldumarket.lt\/lt\/wp-json\/wp\/v2\/media\/88534"}],"wp:attachment":[{"href":"https:\/\/baldumarket.lt\/lt\/wp-json\/wp\/v2\/media?parent=94255"}],"wp:term":[{"taxonomy":"product_brand","embeddable":true,"href":"https:\/\/baldumarket.lt\/lt\/wp-json\/wp\/v2\/product_brand?post=94255"},{"taxonomy":"product_cat","embeddable":true,"href":"https:\/\/baldumarket.lt\/lt\/wp-json\/wp\/v2\/product_cat?post=94255"},{"taxonomy":"product_tag","embeddable":true,"href":"https:\/\/baldumarket.lt\/lt\/wp-json\/wp\/v2\/product_tag?post=94255"}],"curies":[{"name":"wp","href":"https:\/\/api.w.org\/{rel}","templated":true}]}}