{"id":94252,"date":"2025-12-05T02:44:02","date_gmt":"2025-12-04T23:44:02","guid":{"rendered":"https:\/\/baldumarket.lt\/product\/garderoba-sosnowa-rustikal-gr703-sosna-bielony-wosk\/"},"modified":"2026-02-03T23:53:59","modified_gmt":"2026-02-03T20:53:59","slug":"garderoba-sosnowa-rustikal-gr703-sosna-bielony-wosk","status":"publish","type":"product","link":"https:\/\/baldumarket.lt\/lt\/product\/garderoba-sosnowa-rustikal-gr703-sosna-bielony-wosk\/","title":{"rendered":"Pu\u0161in\u0117 spinta RUSTIKAL GR703 pu\u0161is balintas va\u0161kas"},"content":{"rendered":"<p>GR703 va\u0161kuota spinta su veidrod\u017eiu, sukurta kaimi\u0161ku stiliumi, pagaminta i\u0161 tvirtos pu\u0161ies medienos. Kair\u0117je dalyje yra atvira lentyna, po kuria yra pakabos vir\u0161utiniams drabu\u017eiams. De\u0161in\u0117je dalyje yra didelis veidrodis. Apatin\u0117je dalyje yra funkcionali bat\u0173 spintel\u0117 su dekoratyviniais fasadais. Baldas pasi\u017eymi patvaria ir tvirta konstrukcija. Jos gamyboje buvo panaudoti rank\u0173 darbo metaliniai vyriai ir rankenos su sendinto dizaino efektu. \u0160i spinta puikiai tinka net ir ma\u017eiems koridoriams. Ji suteiks bet kokiam interjerui unikali\u0105 atmosfer\u0105, kupin\u0105 \u0161ilumos ir jaukios atmosferos. Jos funkcionalumas labai palengvina daikt\u0173 laikym\u0105.<\/p>\n<p>Baldas padengtas nat\u016braliu bi\u010di\u0173 va\u0161ku, kuris sukuria apsaugin\u012f sluoksn\u012f nuo dr\u0117gm\u0117s ir kartu kondicionuoja medien\u0105. Va\u0161kavimo procesas pary\u0161kina nat\u016bral\u0173 medienos ra\u0161t\u0105 ir pagilina nat\u016brali\u0105 jos spalv\u0105. Bi\u010di\u0173 va\u0161kas yra nat\u016bralus produktas, tod\u0117l va\u0161kuoti baldai pasi\u017eymi antistatin\u0117mis savyb\u0117mis, ma\u017einan\u010diomis dulki\u0173 kaupim\u0105si. Papildomas va\u0161kuot\u0173 bald\u0173 privalumas \u2013 \u0161ilkinis lygus pavir\u0161ius ir malonus nat\u016bralus medienos aromatas.<\/p>\n<p>Sveikos medienos strukt\u016bros i\u0161saugojimas yra b\u016btinas va\u0161kuot\u0173 bald\u0173 ilgaam\u017ei\u0161kumui. Skyriuje \u201cVa\u0161kuot\u0173 bald\u0173 prie\u017ei\u016bra ir naudojimas\u201d rasite verting\u0173 patarim\u0173, kaip pri\u017ei\u016br\u0117ti \u201eRustikal\u201c kolekcijos baldus.<\/p>","protected":false},"excerpt":{"rendered":"<p>GR703 va\u0161kuota spinta su veidrod\u017eiu, sukurta kaimi\u0161ku stiliumi, pagaminta i\u0161 tvirtos pu\u0161ies medienos. Kair\u0117je dalyje yra atvira lentyna, po kuria yra pakabos vir\u0161utiniams drabu\u017eiams. De\u0161in\u0117je dalyje yra didelis veidrodis. Apatin\u0117je dalyje yra funkcionali bat\u0173 spintel\u0117 su dekoratyviniais fasadais. Baldas pasi\u017eymi patvariu [\u2026]<\/p>","protected":false},"featured_media":88543,"comment_status":"open","ping_status":"open","template":"","meta":[],"product_brand":[],"product_cat":[9317,9305,2113,1177],"product_tag":[],"class_list":{"0":"post-94252","1":"product","2":"type-product","3":"status-publish","4":"has-post-thumbnail","6":"product_cat-collection-rustikal-drewmax","7":"product_cat-pine-furniture-drewmax","8":"product_cat-drewmax","9":"product_cat-wardrobes","11":"first","12":"instock","13":"purchasable","14":"product-type-simple"},"_links":{"self":[{"href":"https:\/\/baldumarket.lt\/lt\/wp-json\/wp\/v2\/product\/94252","targetHints":{"allow":["GET"]}}],"collection":[{"href":"https:\/\/baldumarket.lt\/lt\/wp-json\/wp\/v2\/product"}],"about":[{"href":"https:\/\/baldumarket.lt\/lt\/wp-json\/wp\/v2\/types\/product"}],"replies":[{"embeddable":true,"href":"https:\/\/baldumarket.lt\/lt\/wp-json\/wp\/v2\/comments?post=94252"}],"wp:featuredmedia":[{"embeddable":true,"href":"https:\/\/baldumarket.lt\/lt\/wp-json\/wp\/v2\/media\/88543"}],"wp:attachment":[{"href":"https:\/\/baldumarket.lt\/lt\/wp-json\/wp\/v2\/media?parent=94252"}],"wp:term":[{"taxonomy":"product_brand","embeddable":true,"href":"https:\/\/baldumarket.lt\/lt\/wp-json\/wp\/v2\/product_brand?post=94252"},{"taxonomy":"product_cat","embeddable":true,"href":"https:\/\/baldumarket.lt\/lt\/wp-json\/wp\/v2\/product_cat?post=94252"},{"taxonomy":"product_tag","embeddable":true,"href":"https:\/\/baldumarket.lt\/lt\/wp-json\/wp\/v2\/product_tag?post=94252"}],"curies":[{"name":"wp","href":"https:\/\/api.w.org\/{rel}","templated":true}]}}