{"id":94237,"date":"2025-12-05T02:43:38","date_gmt":"2025-12-04T23:43:38","guid":{"rendered":"https:\/\/baldumarket.lt\/product\/komoda-sosnowa-rustikal-kd704-sosna-jasny-wosk\/"},"modified":"2026-02-03T23:54:04","modified_gmt":"2026-02-03T20:54:04","slug":"komoda-sosnowa-rustikal-kd704-sosna-jasny-wosk","status":"publish","type":"product","link":"https:\/\/baldumarket.lt\/lt\/product\/komoda-sosnowa-rustikal-kd704-sosna-jasny-wosk\/","title":{"rendered":"Pu\u0161in\u0117 komoda RUSTIKAL KD704, pu\u0161is, \u0161viesus va\u0161kas"},"content":{"rendered":"<p>KD704 SLIM va\u0161kuota komoda ir patalyn\u0117s spinta, sukurta kaimi\u0161ku stiliumi, pagaminta i\u0161 tvirtos pu\u0161ies medienos. Joje yra spintel\u0117 su lentyna viduje ir du erdv\u016bs stal\u010diai, i\u0161traukiami ant medini\u0173 b\u0117geli\u0173. Jos konstrukcijoje panaudotos rank\u0173 darbo metalin\u0117s rankenos ir sendinto stiliaus vyriai. Komoda pasi\u017eymi patvaria ir tvirta konstrukcija. Ji puikiai tinka miegamiesiems, persirengimo kambariams ir net vaik\u0173 kambariams. Ji suteiks bet kokiam interjerui unikali\u0105 atmosfer\u0105, kupin\u0105 \u0161ilumos ir \u0161eimos jaukumo. Jos funkcionalumas labai palengvina daikt\u0173 laikym\u0105.<\/p>\n<p>KD804 STANDARTIN\u0116 komoda su stal\u010diais<\/p>\n<p>KD704 komoda padengta nat\u016braliu bi\u010di\u0173 va\u0161ku, kuris sukuria apsaugin\u012f sluoksn\u012f nuo dr\u0117gm\u0117s ir kartu apsaugo medien\u0105. Va\u0161kavimo procesas pary\u0161kina nat\u016bral\u0173 medienos ra\u0161t\u0105 ir pagilina nat\u016brali\u0105 jos spalv\u0105. Bi\u010di\u0173 va\u0161kas yra nat\u016bralus produktas, tod\u0117l va\u0161kuoti baldai pasi\u017eymi antistatin\u0117mis savyb\u0117mis, ma\u017einan\u010diomis dulki\u0173 kaupim\u0105si. Papildomas va\u0161kuot\u0173 bald\u0173 privalumas \u2013 \u0161ilkiniai lygus pavir\u0161ius ir malonus nat\u016bralus medienos aromatas.<\/p>\n<p>Sveikos medienos strukt\u016bros i\u0161saugojimas yra b\u016btinas va\u0161kuot\u0173 bald\u0173 ilgaam\u017ei\u0161kumui. Skyriuje \u201cVa\u0161kuot\u0173 bald\u0173 prie\u017ei\u016bra ir naudojimas\u201d rasite verting\u0173 patarim\u0173, kaip pri\u017ei\u016br\u0117ti \u201eRustikal\u201c kolekcijos baldus.<\/p>","protected":false},"excerpt":{"rendered":"<p>KD704 SLIM va\u0161kuota komoda su patalyn\u0117s spinta, sukurta kaimi\u0161ku stiliumi, pagaminta i\u0161 tvirtos pu\u0161ies medienos. Joje yra spintel\u0117 su lentyna viduje ir du erdv\u016bs stal\u010diai, i\u0161traukiami ant medini\u0173 b\u0117geli\u0173. Jos konstrukcijoje panaudotos rank\u0173 darbo metalin\u0117s rankenos ir sendinto stiliaus vyriai. Komoda [\u2026]<\/p>","protected":false},"featured_media":88251,"comment_status":"open","ping_status":"open","template":"","meta":[],"product_brand":[],"product_cat":[9317,9305,1173,2113],"product_tag":[],"class_list":{"0":"post-94237","1":"product","2":"type-product","3":"status-publish","4":"has-post-thumbnail","6":"product_cat-collection-rustikal-drewmax","7":"product_cat-pine-furniture-drewmax","8":"product_cat-chests-of-drawers","9":"product_cat-drewmax","11":"first","12":"instock","13":"purchasable","14":"product-type-simple"},"_links":{"self":[{"href":"https:\/\/baldumarket.lt\/lt\/wp-json\/wp\/v2\/product\/94237","targetHints":{"allow":["GET"]}}],"collection":[{"href":"https:\/\/baldumarket.lt\/lt\/wp-json\/wp\/v2\/product"}],"about":[{"href":"https:\/\/baldumarket.lt\/lt\/wp-json\/wp\/v2\/types\/product"}],"replies":[{"embeddable":true,"href":"https:\/\/baldumarket.lt\/lt\/wp-json\/wp\/v2\/comments?post=94237"}],"wp:featuredmedia":[{"embeddable":true,"href":"https:\/\/baldumarket.lt\/lt\/wp-json\/wp\/v2\/media\/88251"}],"wp:attachment":[{"href":"https:\/\/baldumarket.lt\/lt\/wp-json\/wp\/v2\/media?parent=94237"}],"wp:term":[{"taxonomy":"product_brand","embeddable":true,"href":"https:\/\/baldumarket.lt\/lt\/wp-json\/wp\/v2\/product_brand?post=94237"},{"taxonomy":"product_cat","embeddable":true,"href":"https:\/\/baldumarket.lt\/lt\/wp-json\/wp\/v2\/product_cat?post=94237"},{"taxonomy":"product_tag","embeddable":true,"href":"https:\/\/baldumarket.lt\/lt\/wp-json\/wp\/v2\/product_tag?post=94237"}],"curies":[{"name":"wp","href":"https:\/\/api.w.org\/{rel}","templated":true}]}}