{"id":94233,"date":"2025-12-05T02:43:30","date_gmt":"2025-12-04T23:43:30","guid":{"rendered":"https:\/\/baldumarket.lt\/product\/komoda-sosnowa-rustikal-kd707-sosna-jasny-wosk\/"},"modified":"2026-02-03T23:54:05","modified_gmt":"2026-02-03T20:54:05","slug":"komoda-sosnowa-rustikal-kd707-sosna-jasny-wosk","status":"publish","type":"product","link":"https:\/\/baldumarket.lt\/lt\/product\/komoda-sosnowa-rustikal-kd707-sosna-jasny-wosk\/","title":{"rendered":"Pu\u0161in\u0117 komoda RUSTIKAL KD707, pu\u0161is, \u0161viesus va\u0161kas"},"content":{"rendered":"<p>Va\u0161kuota komoda SLIM KD707, sukurta kaimi\u0161ku stiliumi, pagaminta vien i\u0161 tvirtos pu\u0161ies medienos. Ji turi dvi i\u0161orines spinteles su durel\u0117mis (kiekvienoje yra lentyn\u0117l\u0117 viduje), kurias skiria trys stal\u010diai, ir du papildomus patogius stal\u010dius, esan\u010dius tiesiai po vir\u0161utine dalimi, stumdomus mediniais b\u0117geliais. Naudotos rank\u0173 darbo metalin\u0117s rankenos ir sendinto stiliaus vyriai. Komoda yra patvarios ir tvirtos konstrukcijos. Ji puikiai tiks svetainei, miegamajam ar r\u016bbinei. Ji suteiks bet kokiam interjerui unikali\u0105, \u0161ilumos ir \u0161eimos atmosferos kupin\u0105 atmosfer\u0105. Jos funkcionalumas labai palengvins daikt\u0173 laikym\u0105.<\/p>\n<p>STANDARTIN\u0116 KD807 Komoda su stal\u010diais<\/p>\n<p>KD707 pu\u0161in\u0117 komoda padengta nat\u016braliu bi\u010di\u0173 va\u0161ku, kuris sukuria apsaugin\u012f sluoksn\u012f nuo dr\u0117gm\u0117s ir kartu kondicionuoja medien\u0105. Va\u0161kavimo procesas pary\u0161kina nat\u016brali\u0105 medienos tekst\u016br\u0105 ir sodrina nat\u016brali\u0105 jos spalv\u0105. Bi\u010di\u0173 va\u0161kas yra nat\u016bralus produktas, tod\u0117l va\u0161kuoti baldai \u012fgauna antistatini\u0173 savybi\u0173 \u2013 suma\u017eina dulki\u0173 kaupim\u0105si. Papildomas va\u0161kuot\u0173 bald\u0173 privalumas \u2013 \u0161ilkinis lygus pavir\u0161ius ir malonus nat\u016bralus medienos aromatas.<\/p>\n<p>Sveikos medienos strukt\u016bros i\u0161saugojimas yra b\u016btinas va\u0161kuot\u0173 bald\u0173 ilgaam\u017ei\u0161kumui. Skyriuje \u201cVa\u0161kuot\u0173 bald\u0173 prie\u017ei\u016bra ir naudojimas\u201d rasite verting\u0173 patarim\u0173, kaip pri\u017ei\u016br\u0117ti \u201eRustikal\u201c kolekcijos baldus.<\/p>","protected":false},"excerpt":{"rendered":"<p>Va\u0161kuota komoda \u201eSLIM KD707\u201c, sukurta kaimi\u0161ku stiliumi, pagaminta i\u0161 tvirtos pu\u0161ies medienos. Ji turi dvi i\u0161orines spinteles su durel\u0117mis (kiekvienoje yra lentyna viduje), atskirtas trimis stal\u010diais, ir du papildomus, patogius stal\u010dius, esan\u010dius tiesiai po vir\u0161utine dalimi, stumdomus mediniais b\u0117geliais. Rank\u0173 darbo metalin\u0117s rankenos ir sendinto stiliaus vyriai yra [\u2026]<\/p>","protected":false},"featured_media":88234,"comment_status":"open","ping_status":"open","template":"","meta":[],"product_brand":[],"product_cat":[9317,9305,1173,2113],"product_tag":[],"class_list":{"0":"post-94233","1":"product","2":"type-product","3":"status-publish","4":"has-post-thumbnail","6":"product_cat-collection-rustikal-drewmax","7":"product_cat-pine-furniture-drewmax","8":"product_cat-chests-of-drawers","9":"product_cat-drewmax","11":"first","12":"instock","13":"purchasable","14":"product-type-simple"},"_links":{"self":[{"href":"https:\/\/baldumarket.lt\/lt\/wp-json\/wp\/v2\/product\/94233","targetHints":{"allow":["GET"]}}],"collection":[{"href":"https:\/\/baldumarket.lt\/lt\/wp-json\/wp\/v2\/product"}],"about":[{"href":"https:\/\/baldumarket.lt\/lt\/wp-json\/wp\/v2\/types\/product"}],"replies":[{"embeddable":true,"href":"https:\/\/baldumarket.lt\/lt\/wp-json\/wp\/v2\/comments?post=94233"}],"wp:featuredmedia":[{"embeddable":true,"href":"https:\/\/baldumarket.lt\/lt\/wp-json\/wp\/v2\/media\/88234"}],"wp:attachment":[{"href":"https:\/\/baldumarket.lt\/lt\/wp-json\/wp\/v2\/media?parent=94233"}],"wp:term":[{"taxonomy":"product_brand","embeddable":true,"href":"https:\/\/baldumarket.lt\/lt\/wp-json\/wp\/v2\/product_brand?post=94233"},{"taxonomy":"product_cat","embeddable":true,"href":"https:\/\/baldumarket.lt\/lt\/wp-json\/wp\/v2\/product_cat?post=94233"},{"taxonomy":"product_tag","embeddable":true,"href":"https:\/\/baldumarket.lt\/lt\/wp-json\/wp\/v2\/product_tag?post=94233"}],"curies":[{"name":"wp","href":"https:\/\/api.w.org\/{rel}","templated":true}]}}