{"id":94206,"date":"2025-12-05T02:42:50","date_gmt":"2025-12-04T23:42:50","guid":{"rendered":"https:\/\/baldumarket.lt\/product\/lampa-lp001\/"},"modified":"2026-02-03T23:54:11","modified_gmt":"2026-02-03T20:54:11","slug":"lampa-lp001","status":"publish","type":"product","link":"https:\/\/baldumarket.lt\/lt\/product\/lampa-lp001\/","title":{"rendered":"Lempa LP001"},"content":{"rendered":"<p>Medinis pakabinamas \u0161viestuvas gali b\u016bti suprojektuotas kaip \u201cspindulys\u201d su keliais \u0161viesos \u0161altiniais. Lemput\u0117s be gaubto puikiai papildys lofto stiliaus i\u0161d\u0117stym\u0105. Virvelin\u0117s lempos puikiai atrodo su dekoratyvin\u0117mis Edison lemput\u0117mis su j\u0173 \u0161vie\u010dian\u010diais si\u016bleliais \u2013 tai modernaus ap\u0161vietimo dizainerinis elementas. Sijinis \u0161viestuvas yra vertingas pasirinkimas tiems, kurie vertina tradicijas ir jauki\u0105 atmosfer\u0105, primenan\u010di\u0105 idili\u0161k\u0105 kaim\u0105. Medin\u0117 sija padengta tamsiu rie\u0161uto rudos spalvos va\u0161ku, o tekst\u016bruota apdaila suteikia jai dar senesn\u0119 i\u0161vaizd\u0105. Sendinto metalo detal\u0117s ir virvelini\u0173 lemp\u0173 komplektas, pagamintas i\u0161 storos, rankomis austos d\u017eiuto virv\u0117s, yra dar vieni elementai, dar labiau atspindintys kaimi\u0161ko stiliaus nat\u016bralum\u0105 ir jaukum\u0105.<\/p>\n<p>\u0160viestuvas padengtas nat\u016braliu bi\u010di\u0173 va\u0161ku, kuris sukuria apsaugin\u012f sluoksn\u012f nuo dr\u0117gm\u0117s ir kartu kondicionuoja medien\u0105. Va\u0161kavimo procesas pary\u0161kina nat\u016bral\u0173 medienos ra\u0161t\u0105 ir pagilina nat\u016brali\u0105 jos spalv\u0105. Bi\u010di\u0173 va\u0161kas yra nat\u016bralus produktas, tod\u0117l va\u0161kuoti baldai \u012fgauna antistatini\u0173 savybi\u0173 \u2013 suma\u017eina dulki\u0173 kaupim\u0105si. Papildomas va\u0161kuot\u0173 bald\u0173 privalumas \u2013 \u0161ilkinis lygus pavir\u0161ius ir malonus nat\u016bralios medienos aromatas.<\/p>\n<p>Sveikos medienos strukt\u016bros i\u0161saugojimas yra b\u016btinas va\u0161kuot\u0173 bald\u0173 ilgaam\u017ei\u0161kumui. Skyriuje \u201cVa\u0161kuot\u0173 bald\u0173 prie\u017ei\u016bra ir naudojimas\u201d rasite verting\u0173 patarim\u0173, kaip pri\u017ei\u016br\u0117ti \u201eRustikal\u201c kolekcijos baldus.<\/p>\n<p>TECHNIN\u0116S SPECIFIKACIJOS<\/p>\n<p>Matmenys: \u2013 Sijos matmenys: 110 cm x 11 cm x 11 cm \u2013 Virv\u0117s ilgis: 170 cm \u2013 Grandin\u0117s ilgis: 57 cm<\/p>\n<p>Med\u017eiaga: strukt\u016brin\u0117 pu\u0161ies mediena + d\u017eiuto virv\u0117<\/p>\n<p>\u0160viesos \u0161altinis: maks. 15 W LED lemput\u0117, 230 V, 50 Hz<\/p>\n<p>Reikalinga i\u0161\u0117jimo \u012ftampa (maitinimo \u0161altinis): 220\u2013240 V<\/p>\n<p>Lizdas\/sriegis: E27<\/p>\n<p>\u0160viestuvas pagamintas i\u0161 auk\u0161\u010diausios kokyb\u0117s d\u017eiuto virv\u0117s, kad b\u016bt\u0173 patvarus ir gra\u017eiai atrodyt\u0173.<\/p>\n<p>Pastaba: lemput\u0117s \u012f komplekt\u0105 ne\u012feina.<\/p>","protected":false},"excerpt":{"rendered":"<p>Medinis pakabinamas \u0161viestuvas gali b\u016bti suprojektuotas kaip \u201cspindulys\u201d su keliais \u0161viesos \u0161altiniais. Lemput\u0117s be gaubto puikiai papildys lofto stiliaus i\u0161d\u0117stym\u0105. Virvelin\u0117s lempos puikiai atrodo su dekoratyvin\u0117mis Edison lemput\u0117mis su j\u0173 \u0161vie\u010dian\u010diais si\u016bleliais \u2013 modernaus ap\u0161vietimo dizainerio elementu. Spindulys yra vertingas pasirinkimas tiems, kurie vertina tradicijas ir [\u2026]<\/p>","protected":false},"featured_media":94207,"comment_status":"open","ping_status":"open","template":"","meta":[],"product_brand":[],"product_cat":[2113,1231],"product_tag":[],"class_list":{"0":"post-94206","1":"product","2":"type-product","3":"status-publish","4":"has-post-thumbnail","6":"product_cat-drewmax","7":"product_cat-lamps","9":"first","10":"instock","11":"purchasable","12":"product-type-simple"},"_links":{"self":[{"href":"https:\/\/baldumarket.lt\/lt\/wp-json\/wp\/v2\/product\/94206","targetHints":{"allow":["GET"]}}],"collection":[{"href":"https:\/\/baldumarket.lt\/lt\/wp-json\/wp\/v2\/product"}],"about":[{"href":"https:\/\/baldumarket.lt\/lt\/wp-json\/wp\/v2\/types\/product"}],"replies":[{"embeddable":true,"href":"https:\/\/baldumarket.lt\/lt\/wp-json\/wp\/v2\/comments?post=94206"}],"wp:featuredmedia":[{"embeddable":true,"href":"https:\/\/baldumarket.lt\/lt\/wp-json\/wp\/v2\/media\/94207"}],"wp:attachment":[{"href":"https:\/\/baldumarket.lt\/lt\/wp-json\/wp\/v2\/media?parent=94206"}],"wp:term":[{"taxonomy":"product_brand","embeddable":true,"href":"https:\/\/baldumarket.lt\/lt\/wp-json\/wp\/v2\/product_brand?post=94206"},{"taxonomy":"product_cat","embeddable":true,"href":"https:\/\/baldumarket.lt\/lt\/wp-json\/wp\/v2\/product_cat?post=94206"},{"taxonomy":"product_tag","embeddable":true,"href":"https:\/\/baldumarket.lt\/lt\/wp-json\/wp\/v2\/product_tag?post=94206"}],"curies":[{"name":"wp","href":"https:\/\/api.w.org\/{rel}","templated":true}]}}