{"id":94202,"date":"2025-12-05T02:42:45","date_gmt":"2025-12-04T23:42:45","guid":{"rendered":"https:\/\/baldumarket.lt\/product\/hoker-krzeslo-sosnowe-kt709-sosna-jasny-wosk\/"},"modified":"2026-02-03T23:54:12","modified_gmt":"2026-02-03T20:54:12","slug":"hoker-krzeslo-sosnowe-kt709-sosna-jasny-wosk","status":"publish","type":"product","link":"https:\/\/baldumarket.lt\/lt\/product\/hoker-krzeslo-sosnowe-kt709-sosna-jasny-wosk\/","title":{"rendered":"Pu\u0161in\u0117 k\u0117d\u0117 KT709, \u0161viesaus va\u0161ko spalvos pu\u0161is"},"content":{"rendered":"<p>KT709 va\u0161kuota baro k\u0117d\u0117. Sukurta kaimi\u0161ku stiliumi, ji pagaminta i\u0161 tvirtos pu\u0161ies medienos. Ji turi stabil\u0173 atlo\u0161\u0105 su stilingu kry\u017eminiu ra\u0161tu. Dizainas buvo patobulintas siekiant suteikti vartotojui auk\u0161\u010diausi\u0105 komforto lyg\u012f. \u0160i k\u0117d\u0117 idealiai tinka virtuv\u0117ms su auk\u0161tu stalvir\u0161iu, skirian\u010diu virtuv\u0117s erdv\u0119 nuo svetain\u0117s. Ji suteiks bet kokiam interjerui unikali\u0105, \u0161ilumos ir \u0161eimos atmosferos kupin\u0105 atmosfer\u0105.<\/p>\n<p>Baldas padengtas nat\u016braliu bi\u010di\u0173 va\u0161ku, kuris sukuria dr\u0117gm\u0117s apsaugos sluoksn\u012f ir kartu apsaugo medien\u0105. Va\u0161kavimo procesas i\u0161ry\u0161kina nat\u016brali\u0105 medienos tekst\u016br\u0105 ir pagilina nat\u016brali\u0105 jos spalv\u0105. Bi\u010di\u0173 va\u0161kas yra nat\u016bralus produktas, tod\u0117l va\u0161kuoti baldai \u012fgauna antistatini\u0173 savybi\u0173 \u2013 suma\u017eina dulki\u0173 kaupim\u0105si. Papildomas va\u0161kuot\u0173 bald\u0173 privalumas \u2013 \u0161ilkinis lygus pavir\u0161ius ir malonus nat\u016bralios medienos kvapas.<\/p>\n<p>Sveikos medienos strukt\u016bros i\u0161saugojimas yra b\u016btinas va\u0161kuot\u0173 bald\u0173 ilgaam\u017ei\u0161kumui. Skyriuje \u201cVa\u0161kuot\u0173 bald\u0173 prie\u017ei\u016bra ir naudojimas\u201d rasite verting\u0173 patarim\u0173, kaip pri\u017ei\u016br\u0117ti \u201eRustikal\u201c kolekcijos baldus.<\/p>","protected":false},"excerpt":{"rendered":"<p>KT709 va\u0161kuota baro k\u0117d\u0117. Sukurta kaimi\u0161ku stiliumi, ji pagaminta i\u0161 tvirtos pu\u0161ies medienos. Ji turi stabil\u0173 atlo\u0161\u0105 su stilingu kry\u017eminiu ra\u0161tu. Dizainas buvo patobulintas siekiant suteikti vartotojui auk\u0161\u010diausi\u0105 komforto lyg\u012f. \u0160i k\u0117d\u0117 idealiai tinka virtuv\u0117ms su auk\u0161tu stalvir\u0161iu, skirian\u010diu [\u2026]<\/p>","protected":false},"featured_media":88024,"comment_status":"open","ping_status":"open","template":"","meta":[],"product_brand":[],"product_cat":[9305,1930,2113],"product_tag":[],"class_list":{"0":"post-94202","1":"product","2":"type-product","3":"status-publish","4":"has-post-thumbnail","6":"product_cat-pine-furniture-drewmax","7":"product_cat-chairs","8":"product_cat-drewmax","10":"first","11":"instock","12":"purchasable","13":"product-type-simple"},"_links":{"self":[{"href":"https:\/\/baldumarket.lt\/lt\/wp-json\/wp\/v2\/product\/94202","targetHints":{"allow":["GET"]}}],"collection":[{"href":"https:\/\/baldumarket.lt\/lt\/wp-json\/wp\/v2\/product"}],"about":[{"href":"https:\/\/baldumarket.lt\/lt\/wp-json\/wp\/v2\/types\/product"}],"replies":[{"embeddable":true,"href":"https:\/\/baldumarket.lt\/lt\/wp-json\/wp\/v2\/comments?post=94202"}],"wp:featuredmedia":[{"embeddable":true,"href":"https:\/\/baldumarket.lt\/lt\/wp-json\/wp\/v2\/media\/88024"}],"wp:attachment":[{"href":"https:\/\/baldumarket.lt\/lt\/wp-json\/wp\/v2\/media?parent=94202"}],"wp:term":[{"taxonomy":"product_brand","embeddable":true,"href":"https:\/\/baldumarket.lt\/lt\/wp-json\/wp\/v2\/product_brand?post=94202"},{"taxonomy":"product_cat","embeddable":true,"href":"https:\/\/baldumarket.lt\/lt\/wp-json\/wp\/v2\/product_cat?post=94202"},{"taxonomy":"product_tag","embeddable":true,"href":"https:\/\/baldumarket.lt\/lt\/wp-json\/wp\/v2\/product_tag?post=94202"}],"curies":[{"name":"wp","href":"https:\/\/api.w.org\/{rel}","templated":true}]}}