{"id":94200,"date":"2025-12-05T02:42:43","date_gmt":"2025-12-04T23:42:43","guid":{"rendered":"https:\/\/baldumarket.lt\/product\/lampa-lp007\/"},"modified":"2026-02-03T23:54:13","modified_gmt":"2026-02-03T20:54:13","slug":"lampa-lp007","status":"publish","type":"product","link":"https:\/\/baldumarket.lt\/lt\/product\/lampa-lp007\/","title":{"rendered":"Lempa LP007"},"content":{"rendered":"<p>Pastaruoju metu kaimi\u0161kas stilius tapo labai madingas. Tod\u0117l vis daugiau \u017emoni\u0173 renkasi \u0161\u012f interjero dizaino stili\u0173. Susid\u016br\u0119 su tokiu i\u0161\u0161\u016bkiu, negalime pamir\u0161ti ir aksesuar\u0173. LP007 \u0161viestuvas t\u0117ra senovin\u0117, dekoratyvin\u0117 lemput\u0117, pritvirtinta prie d\u017eiuto virv\u0117s. Pasirink\u0119 virvinius \u0161viestuvus, galite lengvai pakeisti net ir asketi\u0161kiausio interjero atmosfer\u0105. Nepriklausomai nuo j\u016bs\u0173 namo ar buto aplinkos, galite lengvai sukurti kaimi\u0161k\u0105 idil\u0119. Virvinis \u0161viestuvas sukurs \u012fdom\u0173, meni\u0161kai \u012fsp\u016bding\u0105 dizain\u0105 gamtos \u012fkv\u0117ptuose kambariuose. Jis pagamintas i\u0161 storos, rankomis austos virv\u0117s, kuri\u0105 galima laisvai pinti ir kurti \u012f i\u0161radingus i\u0161d\u0117stymus, sukuriant ry\u0161k\u0173 papildym\u0105. LP007 \u0161viestuvas suteiks nauj\u0105 dimensij\u0105 bet kokiam interjero dizainui. TECHNIN\u0116S SPECIFIKACIJOS<\/p>\n<p>Matmenys: virvel\u0117 100 cm, kupolas: skersmuo 10 cm, auk\u0161tis 2 cm<\/p>\n<p>\u0160viesos \u0161altinis: maks. 15 W LED lemput\u0117, 230 V, 50 Hz<\/p>\n<p>Reikalinga i\u0161\u0117jimo \u012ftampa (maitinimo \u0161altinis): 220\u2013240 V<\/p>\n<p>Kupolo med\u017eiaga: aliuminis<\/p>\n<p>Lizdas\/sriegis: E27<\/p>\n<p>\u0160viestuvas pagamintas i\u0161 auk\u0161\u010diausios kokyb\u0117s d\u017eiuto virvel\u0117s, kad b\u016bt\u0173 patvarus ir gra\u017eiai atrodyt\u0173.<\/p>\n<p>Pastaba: lemput\u0117 \u012f komplekt\u0105 ne\u012feina.<\/p>","protected":false},"excerpt":{"rendered":"<p>Pastaruoju metu kaimi\u0161kas stilius tapo labai madingas. \u0160tai kod\u0117l vis daugiau \u017emoni\u0173 renkasi \u0161\u012f interjero dizaino stili\u0173. Susid\u016br\u0119 su tokiu i\u0161\u0161\u016bkiu, negalime pamir\u0161ti ir aksesuar\u0173. LP007 \u0161viestuvas t\u0117ra senovin\u0117, dekoratyvin\u0117 lemput\u0117, pritvirtinta prie d\u017eiuto virv\u0117s. Pasirink\u0119 virvinius \u0161viestuvus, galite lengvai [\u2026]<\/p>","protected":false},"featured_media":94201,"comment_status":"open","ping_status":"open","template":"","meta":[],"product_brand":[],"product_cat":[2113,1231],"product_tag":[],"class_list":{"0":"post-94200","1":"product","2":"type-product","3":"status-publish","4":"has-post-thumbnail","6":"product_cat-drewmax","7":"product_cat-lamps","9":"first","10":"instock","11":"purchasable","12":"product-type-simple"},"_links":{"self":[{"href":"https:\/\/baldumarket.lt\/lt\/wp-json\/wp\/v2\/product\/94200","targetHints":{"allow":["GET"]}}],"collection":[{"href":"https:\/\/baldumarket.lt\/lt\/wp-json\/wp\/v2\/product"}],"about":[{"href":"https:\/\/baldumarket.lt\/lt\/wp-json\/wp\/v2\/types\/product"}],"replies":[{"embeddable":true,"href":"https:\/\/baldumarket.lt\/lt\/wp-json\/wp\/v2\/comments?post=94200"}],"wp:featuredmedia":[{"embeddable":true,"href":"https:\/\/baldumarket.lt\/lt\/wp-json\/wp\/v2\/media\/94201"}],"wp:attachment":[{"href":"https:\/\/baldumarket.lt\/lt\/wp-json\/wp\/v2\/media?parent=94200"}],"wp:term":[{"taxonomy":"product_brand","embeddable":true,"href":"https:\/\/baldumarket.lt\/lt\/wp-json\/wp\/v2\/product_brand?post=94200"},{"taxonomy":"product_cat","embeddable":true,"href":"https:\/\/baldumarket.lt\/lt\/wp-json\/wp\/v2\/product_cat?post=94200"},{"taxonomy":"product_tag","embeddable":true,"href":"https:\/\/baldumarket.lt\/lt\/wp-json\/wp\/v2\/product_tag?post=94200"}],"curies":[{"name":"wp","href":"https:\/\/api.w.org\/{rel}","templated":true}]}}