{"id":94196,"date":"2025-12-05T02:42:39","date_gmt":"2025-12-04T23:42:39","guid":{"rendered":"https:\/\/baldumarket.lt\/product\/lampa-lp005\/"},"modified":"2026-02-03T23:54:13","modified_gmt":"2026-02-03T20:54:13","slug":"lampa-lp005","status":"publish","type":"product","link":"https:\/\/baldumarket.lt\/lt\/product\/lampa-lp005\/","title":{"rendered":"Lempa LP005"},"content":{"rendered":"<p>LP005 virvelini\u0173 lemp\u0173 komplekt\u0105 sudaro du pavieniai ir vienas dvigubas \u0161viestuvas. Pagaminti i\u0161 storos, rankomis austos virv\u0117s, \u0161viestuvai gali b\u016bti laisvai i\u0161d\u0117styti, o virv\u0119 galima suri\u0161ti bet kokiu jums patinkan\u010diu b\u016bdu, sukuriant i\u0161radingus derinius. Unikali id\u0117ja ry\u0161kiam dekoratyviniam akcentui \u2013 papuo\u0161ti savo interjer\u0105 \u0161iuo virvelini\u0173 lemp\u0173 komplektu.<\/p>\n<p>TECHNIN\u0116S SPECIFIKACIJOS<\/p>\n<p>Matmenys: du 100 cm \u0161viestuvai ir vienas 100 cm dvigubas \u0161viestuvas, kupolo skersmuo 10 cm, auk\u0161tis 2 cm<\/p>\n<p>\u0160viesos \u0161altinis: maks. 15 W LED lemput\u0117, 230 V, 50 Hz<\/p>\n<p>Reikalinga i\u0161\u0117jimo \u012ftampa (maitinimo \u0161altinis): 220\u2013240 V<\/p>\n<p>Kupolo med\u017eiaga: aliuminis<\/p>\n<p>Lizdas\/sriegis: E27<\/p>\n<p>\u0160viestuvas pagamintas i\u0161 auk\u0161\u010diausios kokyb\u0117s d\u017eiuto virv\u0117s, kad b\u016bt\u0173 patvarus ir gra\u017eiai atrodyt\u0173.<\/p>\n<p>Pastaba: lemput\u0117s \u012f komplekt\u0105 ne\u012feina.<\/p>","protected":false},"excerpt":{"rendered":"<p>LP005 virvelini\u0173 \u0161viestuv\u0173 komplekt\u0105 sudaro du pavieniai \u0161viestuvai ir vienas dvigubas \u0161viestuvas. \u0160viestuvai pagaminti i\u0161 storos, rankomis austos virv\u0117s, tod\u0117l juos galima laisvai i\u0161d\u0117styti, o virv\u0119 galima suri\u0161ti bet kokiu norimu b\u016bdu, sukuriant i\u0161radingus derinius. Unikali id\u0117ja ry\u0161kiam dekoratyviniam akcentui \u2013 papuo\u0161ti savo interjer\u0105 \u0161iuo komplektu [\u2026]<\/p>","protected":false},"featured_media":94197,"comment_status":"open","ping_status":"open","template":"","meta":[],"product_brand":[],"product_cat":[2113,1231],"product_tag":[],"class_list":{"0":"post-94196","1":"product","2":"type-product","3":"status-publish","4":"has-post-thumbnail","6":"product_cat-drewmax","7":"product_cat-lamps","9":"first","10":"instock","11":"purchasable","12":"product-type-simple"},"_links":{"self":[{"href":"https:\/\/baldumarket.lt\/lt\/wp-json\/wp\/v2\/product\/94196","targetHints":{"allow":["GET"]}}],"collection":[{"href":"https:\/\/baldumarket.lt\/lt\/wp-json\/wp\/v2\/product"}],"about":[{"href":"https:\/\/baldumarket.lt\/lt\/wp-json\/wp\/v2\/types\/product"}],"replies":[{"embeddable":true,"href":"https:\/\/baldumarket.lt\/lt\/wp-json\/wp\/v2\/comments?post=94196"}],"wp:featuredmedia":[{"embeddable":true,"href":"https:\/\/baldumarket.lt\/lt\/wp-json\/wp\/v2\/media\/94197"}],"wp:attachment":[{"href":"https:\/\/baldumarket.lt\/lt\/wp-json\/wp\/v2\/media?parent=94196"}],"wp:term":[{"taxonomy":"product_brand","embeddable":true,"href":"https:\/\/baldumarket.lt\/lt\/wp-json\/wp\/v2\/product_brand?post=94196"},{"taxonomy":"product_cat","embeddable":true,"href":"https:\/\/baldumarket.lt\/lt\/wp-json\/wp\/v2\/product_cat?post=94196"},{"taxonomy":"product_tag","embeddable":true,"href":"https:\/\/baldumarket.lt\/lt\/wp-json\/wp\/v2\/product_tag?post=94196"}],"curies":[{"name":"wp","href":"https:\/\/api.w.org\/{rel}","templated":true}]}}