{"id":94194,"date":"2025-12-05T02:42:37","date_gmt":"2025-12-04T23:42:37","guid":{"rendered":"https:\/\/baldumarket.lt\/product\/lampa-lp004\/"},"modified":"2026-02-03T23:54:13","modified_gmt":"2026-02-03T20:54:13","slug":"lampa-lp004","status":"publish","type":"product","link":"https:\/\/baldumarket.lt\/lt\/product\/lampa-lp004\/","title":{"rendered":"Lempa LP004"},"content":{"rendered":"<p>LP004 virvelini\u0173 lemp\u0173 komplektas t\u0117ra dekoratyvin\u0117s lemput\u0117s, sujungtos su d\u017eiuto virvele. Komplekt\u0105 sudaro dvi viengubos ir viena dviguba lempa, kurios, sujungtos kartu, sukuria unikal\u0173 ap\u0161vietim\u0105. Virvelin\u0117s lempos pagamintos i\u0161 storos, rankomis austos virvel\u0117s, tod\u0117l galite jas suri\u0161ti kaip norite, taip sukurdami gra\u017ei\u0105 kompozicij\u0105. \u0160is virvelini\u0173 lemp\u0173 komplektas sukurs patraukl\u0173 menin\u012f dizain\u0105 kambariuose, kuriuose pagrindin\u0117s temos yra gamta ir kaimo sodybos atmosfera.<\/p>\n<p>TECHNIN\u0116S SPECIFIKACIJOS<\/p>\n<p>Matmenys: du \u0161viestuvai po 100 cm ir vienas dvigubas \u0161viestuvas po 50 cm<\/p>\n<p>\u0160viesos \u0161altinis: maks. 15 W LED lemput\u0117, 230 V, 50 Hz<\/p>\n<p>Reikalinga i\u0161\u0117jimo \u012ftampa (maitinimo \u0161altinis): 220\u2013240 V<\/p>\n<p>Kupolo med\u017eiaga: aliuminis<\/p>\n<p>Lizdas\/var\u017etas: E27<\/p>\n<p>\u0160viestuvas pagamintas i\u0161 auk\u0161\u010diausios kokyb\u0117s d\u017eiuto virvel\u0117s, kad b\u016bt\u0173 patvarus ir gra\u017eiai atrodyt\u0173.<\/p>\n<p>Pastaba: lemput\u0117s \u012f komplekt\u0105 ne\u012feina.<\/p>","protected":false},"excerpt":{"rendered":"<p>LP004 virvelini\u0173 lemp\u0173 komplektas t\u0117ra dekoratyvin\u0117s lemput\u0117s, sujungtos su d\u017eiuto virvele. Komplekt\u0105 sudaro dvi viengubos ir viena dviguba lempos, kurios, sujungtos kartu, sukuria unikal\u0173 ap\u0161vietim\u0105. Virvelin\u0117s lempos pagamintos i\u0161 storos, rankomis austos virvel\u0117s, tod\u0117l galite jas suri\u0161ti kaip norite, sukurdami gra\u017e\u0173 [\u2026]<\/p>","protected":false},"featured_media":94195,"comment_status":"open","ping_status":"open","template":"","meta":[],"product_brand":[],"product_cat":[2113,1231],"product_tag":[],"class_list":{"0":"post-94194","1":"product","2":"type-product","3":"status-publish","4":"has-post-thumbnail","6":"product_cat-drewmax","7":"product_cat-lamps","9":"first","10":"instock","11":"purchasable","12":"product-type-simple"},"_links":{"self":[{"href":"https:\/\/baldumarket.lt\/lt\/wp-json\/wp\/v2\/product\/94194","targetHints":{"allow":["GET"]}}],"collection":[{"href":"https:\/\/baldumarket.lt\/lt\/wp-json\/wp\/v2\/product"}],"about":[{"href":"https:\/\/baldumarket.lt\/lt\/wp-json\/wp\/v2\/types\/product"}],"replies":[{"embeddable":true,"href":"https:\/\/baldumarket.lt\/lt\/wp-json\/wp\/v2\/comments?post=94194"}],"wp:featuredmedia":[{"embeddable":true,"href":"https:\/\/baldumarket.lt\/lt\/wp-json\/wp\/v2\/media\/94195"}],"wp:attachment":[{"href":"https:\/\/baldumarket.lt\/lt\/wp-json\/wp\/v2\/media?parent=94194"}],"wp:term":[{"taxonomy":"product_brand","embeddable":true,"href":"https:\/\/baldumarket.lt\/lt\/wp-json\/wp\/v2\/product_brand?post=94194"},{"taxonomy":"product_cat","embeddable":true,"href":"https:\/\/baldumarket.lt\/lt\/wp-json\/wp\/v2\/product_cat?post=94194"},{"taxonomy":"product_tag","embeddable":true,"href":"https:\/\/baldumarket.lt\/lt\/wp-json\/wp\/v2\/product_tag?post=94194"}],"curies":[{"name":"wp","href":"https:\/\/api.w.org\/{rel}","templated":true}]}}