{"id":94192,"date":"2025-12-05T02:42:35","date_gmt":"2025-12-04T23:42:35","guid":{"rendered":"https:\/\/baldumarket.lt\/product\/lampa-lp003\/"},"modified":"2026-02-03T23:54:14","modified_gmt":"2026-02-03T20:54:14","slug":"lampa-lp003","status":"publish","type":"product","link":"https:\/\/baldumarket.lt\/lt\/product\/lampa-lp003\/","title":{"rendered":"Lempa LP003"},"content":{"rendered":"<p>Virvelin\u0117s lempos b\u016bna \u012fvairi\u0173 form\u0173. Voro formos lempos tampa vis populiaresn\u0117s ir labai funkcionalios. Tai tiesiog ilgos d\u017eiuto virv\u0117s su lemput\u0117mis galuose, da\u017enai be tradicini\u0173 lemp\u0173 gaubt\u0173. Jos skamba nepastebimai, bet i\u0161 tikr\u0173j\u0173 nustoja atlikti aksesuaro funkcij\u0105. D\u0117l to jos tampa vienu \u012fdomiausi\u0173 ir i\u0161skirtiniausi\u0173 kambario element\u0173. D\u0117l judan\u010di\u0173 rank\u0173 galime laisvai i\u0161d\u0117styti ap\u0161vietimo ta\u0161k\u0173 skai\u010di\u0173 per visas lubas tose vietose, kur labiausiai norime daugiau \u0161viesos.<\/p>\n<p>TECHNIN\u0116S SPECIFIKACIJOS<\/p>\n<p>Matmenys: Laidas 2 x 150 cm \/ 2 x 170 cm \/ 1 x 130 cm<\/p>\n<p>\u0160viesos \u0161altinis: maks. 15 W LED lemput\u0117, 230 V, 50 Hz<\/p>\n<p>Reikalinga i\u0161\u0117jimo \u012ftampa (maitinimo \u0161altinis): 220\u2013240 V<\/p>\n<p>Kupolo med\u017eiaga: aliuminis<\/p>\n<p>Baz\u0117\/sriegis: E27<\/p>\n<p>\u0160viestuvas pagamintas i\u0161 auk\u0161\u010diausios kokyb\u0117s d\u017eiuto virvel\u0117s, kad b\u016bt\u0173 patvarus ir gra\u017eiai atrodyt\u0173.<\/p>\n<p>Pastaba: lemput\u0117s \u012f komplekt\u0105 ne\u012feina.<\/p>","protected":false},"excerpt":{"rendered":"<p>Virvelin\u0117s lempos b\u016bna \u012fvairi\u0173 form\u0173. Vorin\u0117s lempos tampa vis populiaresn\u0117s ir labai funkcionalios. Tai tiesiog ilgos d\u017eiuto virv\u0117s su lemput\u0117mis galuose, da\u017enai be tradicini\u0173 lemp\u0173 gaubt\u0173. Jos skamba nepastebimai, bet i\u0161 tikr\u0173j\u0173 nustoja funkcionuoti kaip aksesuaras. D\u0117l to jos tampa vienu \u012fdomiausi\u0173 [\u2026]<\/p>","protected":false},"featured_media":94193,"comment_status":"open","ping_status":"open","template":"","meta":[],"product_brand":[],"product_cat":[2113,1231],"product_tag":[],"class_list":{"0":"post-94192","1":"product","2":"type-product","3":"status-publish","4":"has-post-thumbnail","6":"product_cat-drewmax","7":"product_cat-lamps","9":"first","10":"instock","11":"purchasable","12":"product-type-simple"},"_links":{"self":[{"href":"https:\/\/baldumarket.lt\/lt\/wp-json\/wp\/v2\/product\/94192","targetHints":{"allow":["GET"]}}],"collection":[{"href":"https:\/\/baldumarket.lt\/lt\/wp-json\/wp\/v2\/product"}],"about":[{"href":"https:\/\/baldumarket.lt\/lt\/wp-json\/wp\/v2\/types\/product"}],"replies":[{"embeddable":true,"href":"https:\/\/baldumarket.lt\/lt\/wp-json\/wp\/v2\/comments?post=94192"}],"wp:featuredmedia":[{"embeddable":true,"href":"https:\/\/baldumarket.lt\/lt\/wp-json\/wp\/v2\/media\/94193"}],"wp:attachment":[{"href":"https:\/\/baldumarket.lt\/lt\/wp-json\/wp\/v2\/media?parent=94192"}],"wp:term":[{"taxonomy":"product_brand","embeddable":true,"href":"https:\/\/baldumarket.lt\/lt\/wp-json\/wp\/v2\/product_brand?post=94192"},{"taxonomy":"product_cat","embeddable":true,"href":"https:\/\/baldumarket.lt\/lt\/wp-json\/wp\/v2\/product_cat?post=94192"},{"taxonomy":"product_tag","embeddable":true,"href":"https:\/\/baldumarket.lt\/lt\/wp-json\/wp\/v2\/product_tag?post=94192"}],"curies":[{"name":"wp","href":"https:\/\/api.w.org\/{rel}","templated":true}]}}