{"id":94190,"date":"2025-12-05T02:42:33","date_gmt":"2025-12-04T23:42:33","guid":{"rendered":"https:\/\/baldumarket.lt\/product\/lampa-lp002\/"},"modified":"2026-02-03T23:54:14","modified_gmt":"2026-02-03T20:54:14","slug":"lampa-lp002","status":"publish","type":"product","link":"https:\/\/baldumarket.lt\/lt\/product\/lampa-lp002\/","title":{"rendered":"Lempa LP002"},"content":{"rendered":"<p>Mediniai \u0161viestuvai pad\u0117s sukurti unikali\u0105 atmosfer\u0105 bet kuriame interjere. Verta pabr\u0117\u017eti unikalum\u0105 ir nat\u016bral\u0173 gro\u017e\u012f. B\u016btent tai ir suk\u016br\u0117me LP002 virvelini\u0173 \u0161viestuv\u0173 komplekt\u0105 ant medinio rato. J\u012f suk\u016br\u0117me tradicij\u0173 ir kaimi\u0161kos atmosferos m\u0117g\u0117jams. Medin\u0117 \u0161viestuvo dalis padengta K02 va\u0161ku \u2013 tamsiu va\u0161ku (rie\u0161utmed\u017eio rudos spalvos). Tvirtinimui parinktos metalin\u0117s detal\u0117s su sendinto metalo efektais. Be to, medinis ratas yra tekst\u016bruotas, suteikiantis jam dar senesn\u0119 i\u0161vaizd\u0105. Virvelini\u0173 \u0161viestuv\u0173 komplektas, pagamintas i\u0161 storos, rankomis austos d\u017eiuto virv\u0117s, dar labiau sustiprina kaimi\u0161ko stiliaus nat\u016bralum\u0105 ir jaukum\u0105. Dekoratyvin\u0117s Edison lemput\u0117s su \u0161vie\u010dian\u010diu si\u016blu papildys virvelin\u0117s lempos stili\u0173, suteikdamos modernaus ap\u0161vietimo.<\/p>\n<p>Mediniai \u0161viestuvo elementai padengti nat\u016braliu bi\u010di\u0173 va\u0161ku, kuris sukuria apsaugin\u012f sluoksn\u012f nuo dr\u0117gm\u0117s ir kartu kondicionuoja medien\u0105. Va\u0161kavimo procesas pary\u0161kina nat\u016bral\u0173 medienos ra\u0161t\u0105 ir pagilina nat\u016brali\u0105 jos spalv\u0105. Bi\u010di\u0173 va\u0161kas yra nat\u016bralus produktas, tod\u0117l va\u0161kuoti baldai \u012fgauna antistatini\u0173 savybi\u0173 \u2013 suma\u017eina dulki\u0173 kaupim\u0105si. Papildomas va\u0161kuot\u0173 bald\u0173 privalumas \u2013 \u0161ilkinis lygus pavir\u0161ius ir malonus nat\u016bralios medienos aromatas.<\/p>\n<p>Sveikos medienos strukt\u016bros i\u0161saugojimas yra b\u016btinas va\u0161kuot\u0173 bald\u0173 ilgaam\u017ei\u0161kumui. Skyriuje \u201cVa\u0161kuot\u0173 bald\u0173 prie\u017ei\u016bra ir naudojimas\u201d rasite verting\u0173 patarim\u0173, kaip pri\u017ei\u016br\u0117ti \u201eRustikal\u201c kolekcijos baldus.<\/p>\n<p>TECHNIN\u0116S SPECIFIKACIJOS<\/p>\n<p>Matmenys: rato skersmuo 70 cm, auk\u0161tis apie 80 cm, virv\u0117s ilgis 170 cm, grandin\u0117s ilgis: 57 cm<\/p>\n<p>Med\u017eiaga: strukt\u016brizuota pu\u0161ies mediena + d\u017eiuto virv\u0117<\/p>\n<p>\u0160viesos \u0161altinis: maks. 15 W LED lemput\u0117, 230 V, 50 Hz<\/p>\n<p>Reikalinga i\u0161\u0117jimo \u012ftampa (maitinimo \u0161altinis): 220\u2013240 V<\/p>\n<p>Lizdas\/sriegis: E27<\/p>\n<p>\u0160viestuvas pagamintas i\u0161 auk\u0161\u010diausios kokyb\u0117s d\u017eiuto virv\u0117s, kad b\u016bt\u0173 patvarus ir gra\u017eiai atrodyt\u0173.<\/p>\n<p>Pastaba: lemput\u0117s \u012f komplekt\u0105 ne\u012feina.<\/p>","protected":false},"excerpt":{"rendered":"<p>Mediniai \u0161viestuvai pad\u0117s sukurti unikali\u0105 atmosfer\u0105 bet kuriame interjere. Verta pabr\u0117\u017eti unikalum\u0105 ir nat\u016bral\u0173 gro\u017e\u012f. B\u016btent tai ir suk\u016br\u0117me LP002 virvelini\u0173 \u0161viestuv\u0173 komplekt\u0105 ant medinio rato. J\u012f suk\u016br\u0117me tradicij\u0173 ir kaimi\u0161kos atmosferos m\u0117g\u0117jams. Medin\u0117 \u0161viestuvo dalis apdailinta [\u2026]<\/p>","protected":false},"featured_media":94191,"comment_status":"open","ping_status":"open","template":"","meta":[],"product_brand":[],"product_cat":[2113,1231],"product_tag":[],"class_list":{"0":"post-94190","1":"product","2":"type-product","3":"status-publish","4":"has-post-thumbnail","6":"product_cat-drewmax","7":"product_cat-lamps","9":"first","10":"instock","11":"purchasable","12":"product-type-simple"},"_links":{"self":[{"href":"https:\/\/baldumarket.lt\/lt\/wp-json\/wp\/v2\/product\/94190","targetHints":{"allow":["GET"]}}],"collection":[{"href":"https:\/\/baldumarket.lt\/lt\/wp-json\/wp\/v2\/product"}],"about":[{"href":"https:\/\/baldumarket.lt\/lt\/wp-json\/wp\/v2\/types\/product"}],"replies":[{"embeddable":true,"href":"https:\/\/baldumarket.lt\/lt\/wp-json\/wp\/v2\/comments?post=94190"}],"wp:featuredmedia":[{"embeddable":true,"href":"https:\/\/baldumarket.lt\/lt\/wp-json\/wp\/v2\/media\/94191"}],"wp:attachment":[{"href":"https:\/\/baldumarket.lt\/lt\/wp-json\/wp\/v2\/media?parent=94190"}],"wp:term":[{"taxonomy":"product_brand","embeddable":true,"href":"https:\/\/baldumarket.lt\/lt\/wp-json\/wp\/v2\/product_brand?post=94190"},{"taxonomy":"product_cat","embeddable":true,"href":"https:\/\/baldumarket.lt\/lt\/wp-json\/wp\/v2\/product_cat?post=94190"},{"taxonomy":"product_tag","embeddable":true,"href":"https:\/\/baldumarket.lt\/lt\/wp-json\/wp\/v2\/product_tag?post=94190"}],"curies":[{"name":"wp","href":"https:\/\/api.w.org\/{rel}","templated":true}]}}