{"id":94188,"date":"2025-12-05T02:42:31","date_gmt":"2025-12-04T23:42:31","guid":{"rendered":"https:\/\/baldumarket.lt\/product\/lampa-lp011\/"},"modified":"2026-02-03T23:54:14","modified_gmt":"2026-02-03T20:54:14","slug":"lampa-lp011","status":"publish","type":"product","link":"https:\/\/baldumarket.lt\/lt\/product\/lampa-lp011\/","title":{"rendered":"Lempa LP011"},"content":{"rendered":"<p>Gyvenimo harmonijoje su gamta id\u0117ja pabr\u0117\u017eia ap\u0161vietimo, pagaminto i\u0161 nat\u016brali\u0173 med\u017eiag\u0173, toki\u0173 kaip mediena, koncepcij\u0105. Tod\u0117l mediniai \u0161viestuvai tampa vis populiaresni ir idealus interjero dizaino elementas. Mediniai elementai \u017emon\u0117ms primena gamt\u0105 ir leid\u017eia m\u0117gautis ramiu gyvenimu gamtos gl\u0117byje, atokiau nuo miesto gyvenimo \u0161urmulio. Po ilgos darbo dienos \u0161velnus medinio naktinio \u0161viestuvo \u0161vyt\u0117jimas pad\u0117s atsipalaiduoti ir patirti taip reikaling\u0105 ramyb\u0119. Mediniai \u0161viestuvai papildo bet kok\u012f interjero dizain\u0105. LP011 naktinis \u0161viestuvas i\u0161siskiria savo i\u0161skirtine i\u0161vaizda, bet ir auk\u0161tos kokyb\u0117s med\u017eiagomis. D\u0117l auk\u0161t\u0173 meistri\u0161kumo standart\u0173 \u0161is \u0161viestuvas yra patvarus ir, svarbiausia, stabilus. LP011 naktinis \u0161viestuvas pagamintas i\u0161 auk\u0161tos kokyb\u0117s, tekst\u016bruotos pu\u0161ies medienos ir auk\u0161tos kokyb\u0117s d\u017eiuto virvel\u0117s.<\/p>\n<p>Mediniai \u0161viestuvo elementai padengti nat\u016braliu bi\u010di\u0173 va\u0161ku, kuris sukuria apsaugin\u012f sluoksn\u012f nuo dr\u0117gm\u0117s ir kartu maitina medien\u0105. Va\u0161kavimas pary\u0161kina nat\u016brali\u0105 medienos tekst\u016br\u0105 ir pagilina nat\u016brali\u0105 jos spalv\u0105. Bi\u010di\u0173 va\u0161kas yra nat\u016bralus produktas, tod\u0117l va\u0161kuoti baldai \u012fgauna antistatini\u0173 savybi\u0173, suma\u017eina dulki\u0173 kaupim\u0105si. Papildomas va\u0161kuot\u0173 bald\u0173 privalumas \u2013 \u0161ilkiniai lygus pavir\u0161ius ir malonus nat\u016bralus medienos aromatas.<\/p>\n<p>Sveikos medienos tekst\u016bros i\u0161saugojimas yra b\u016btinas va\u0161kuot\u0173 bald\u0173 ilgaam\u017ei\u0161kumui. Skyriuje \u201cVa\u0161kuot\u0173 bald\u0173 prie\u017ei\u016bra ir naudojimas\u201d rasite verting\u0173 patarim\u0173, kaip pri\u017ei\u016br\u0117ti \u201eRustikal\u201c kolekcijos baldus.<\/p>\n<p>TECHNIN\u0116S SPECIFIKACIJOS<\/p>\n<p>Matmenys: plotis 20 cm, auk\u0161tis 37 cm, gylis 15 cm<\/p>\n<p>Med\u017eiaga: strukt\u016brizuota pu\u0161ies mediena + d\u017eiuto virv\u0117<\/p>\n<p>\u0160viesos \u0161altinis: maks. 15 W LED lemput\u0117, 230 V, 50 Hz<\/p>\n<p>Reikalinga i\u0161\u0117jimo \u012ftampa (maitinimo \u0161altinis): 220\u2013240 V<\/p>\n<p>\u0160viestuvas pagamintas i\u0161 auk\u0161\u010diausios kokyb\u0117s d\u017eiuto virv\u0117s, kad b\u016bt\u0173 patvarus ir gra\u017eiai atrodyt\u0173.<\/p>\n<p>Pastaba: lemput\u0117s \u012f komplekt\u0105 ne\u012feina.<\/p>","protected":false},"excerpt":{"rendered":"<p>Gyvenimo harmonijoje su gamta id\u0117ja pabr\u0117\u017eia ap\u0161vietimo, pagaminto i\u0161 nat\u016brali\u0173 med\u017eiag\u0173, toki\u0173 kaip mediena, koncepcij\u0105. Tod\u0117l mediniai \u0161viestuvai tampa vis populiaresni ir idealus interjero dizaino elementas. Mediniai elementai primena \u017emon\u0117ms gamt\u0105 ir leid\u017eia m\u0117gautis ramiu gyvenimu gamtos gl\u0117byje, atokiau nuo \u0161urmulio [\u2026]<\/p>","protected":false},"featured_media":94189,"comment_status":"open","ping_status":"open","template":"","meta":[],"product_brand":[],"product_cat":[2113,1231],"product_tag":[],"class_list":{"0":"post-94188","1":"product","2":"type-product","3":"status-publish","4":"has-post-thumbnail","6":"product_cat-drewmax","7":"product_cat-lamps","9":"first","10":"instock","11":"purchasable","12":"product-type-simple"},"_links":{"self":[{"href":"https:\/\/baldumarket.lt\/lt\/wp-json\/wp\/v2\/product\/94188","targetHints":{"allow":["GET"]}}],"collection":[{"href":"https:\/\/baldumarket.lt\/lt\/wp-json\/wp\/v2\/product"}],"about":[{"href":"https:\/\/baldumarket.lt\/lt\/wp-json\/wp\/v2\/types\/product"}],"replies":[{"embeddable":true,"href":"https:\/\/baldumarket.lt\/lt\/wp-json\/wp\/v2\/comments?post=94188"}],"wp:featuredmedia":[{"embeddable":true,"href":"https:\/\/baldumarket.lt\/lt\/wp-json\/wp\/v2\/media\/94189"}],"wp:attachment":[{"href":"https:\/\/baldumarket.lt\/lt\/wp-json\/wp\/v2\/media?parent=94188"}],"wp:term":[{"taxonomy":"product_brand","embeddable":true,"href":"https:\/\/baldumarket.lt\/lt\/wp-json\/wp\/v2\/product_brand?post=94188"},{"taxonomy":"product_cat","embeddable":true,"href":"https:\/\/baldumarket.lt\/lt\/wp-json\/wp\/v2\/product_cat?post=94188"},{"taxonomy":"product_tag","embeddable":true,"href":"https:\/\/baldumarket.lt\/lt\/wp-json\/wp\/v2\/product_tag?post=94188"}],"curies":[{"name":"wp","href":"https:\/\/api.w.org\/{rel}","templated":true}]}}