{"id":94185,"date":"2025-12-05T02:42:29","date_gmt":"2025-12-04T23:42:29","guid":{"rendered":"https:\/\/baldumarket.lt\/product\/lampa-lp010\/"},"modified":"2026-02-03T23:54:14","modified_gmt":"2026-02-03T20:54:14","slug":"lampa-lp010","status":"publish","type":"product","link":"https:\/\/baldumarket.lt\/lt\/product\/lampa-lp010\/","title":{"rendered":"Lempa LP010"},"content":{"rendered":"<p>Medinis sieninis \u0161viestuvas LP010 sukurs tinkam\u0105 atmosfer\u0105 j\u016bs\u0173 interjere. Prakti\u0161kas, tvirtas ir i\u0161skirtinio dizaino, jis suteiks j\u016bs\u0173 erdvei unikali\u0105 aur\u0105, kurios visada tr\u016bko. Yra daugyb\u0117 sienini\u0173 \u0161viestuv\u0173 i\u0161d\u0117stymo id\u0117j\u0173, o vonios kambaryje jis atrodys fantasti\u0161kai. Pakabinus \u0161alia veidrod\u017eio, kasdien\u0117s higienos u\u017eduotys tampa daug lengvesn\u0117s, ypa\u010d jei vonios kambarys be lang\u0173. Sieniniai \u0161viestuvai taip pat puikiai dera kaip dekoratyviniai elementai kambariuose ir koridoriuose, taip pat puikiai tinka kaip naktiniai \u0161viestuvai arba kaip akcentinis ap\u0161vietimas, pabr\u0117\u017eiantis detales ar dizaino elementus. D\u0117l \u0161velnios \u0161viesos, kuri netrukdo u\u017emigti ar atsipalaiduoti vakare, juos galima s\u0117kmingai \u012frengti miegamuosiuose ir vaik\u0173 kambariuose.<\/p>\n<p>Mediniai \u0161viestuvo elementai padengti nat\u016braliu bi\u010di\u0173 va\u0161ku, kuris sukuria apsaugin\u012f sluoksn\u012f nuo dr\u0117gm\u0117s ir kartu maitina medien\u0105. Va\u0161kavimo procesas pary\u0161kina nat\u016brali\u0105 medienos tekst\u016br\u0105 ir pagilina nat\u016brali\u0105 jos spalv\u0105. Bi\u010di\u0173 va\u0161kas yra nat\u016bralus produktas, tod\u0117l va\u0161kuoti baldai \u012fgauna antistatini\u0173 savybi\u0173 \u2013 ant j\u0173 pavir\u0161iaus kaupiasi ma\u017eiau dulki\u0173. Papildomas va\u0161kuot\u0173 bald\u0173 privalumas \u2013 \u0161ilkinis lygus pavir\u0161ius ir malonus nat\u016bralios medienos aromatas.<\/p>\n<p>Sveikos medienos strukt\u016bros i\u0161saugojimas yra b\u016btinas va\u0161kuot\u0173 bald\u0173 ilgaam\u017ei\u0161kumui. Skyriuje \u201cVa\u0161kuot\u0173 bald\u0173 prie\u017ei\u016bra ir naudojimas\u201d rasite verting\u0173 patarim\u0173, kaip pri\u017ei\u016br\u0117ti \u201eRustikal\u201c kolekcijos baldus.<\/p>\n<p>TECHNIN\u0116S SPECIFIKACIJOS<\/p>\n<p>Matmenys: plotis 8 cm, auk\u0161tis 50 cm, gylis 24 cm<\/p>\n<p>Med\u017eiaga: strukt\u016brizuota pu\u0161ies mediena + d\u017eiuto virv\u0117<\/p>\n<p>\u0160viesos \u0161altinis: maks. 15 W LED lemput\u0117, 230 V, 50 Hz<\/p>\n<p>Reikalinga i\u0161\u0117jimo \u012ftampa (maitinimo \u0161altinis): 220\u2013240 V<\/p>\n<p>\u0160viestuvas pagamintas i\u0161 auk\u0161tos kokyb\u0117s d\u017eiuto virv\u0117s, kad b\u016bt\u0173 patvarus ir gra\u017eiai atrodyt\u0173.<\/p>\n<p>Pastaba: lemput\u0117s \u012f komplekt\u0105 ne\u012feina.<\/p>","protected":false},"excerpt":{"rendered":"<p>Medinis sieninis \u0161viestuvas LP010 sukurs tinkam\u0105 atmosfer\u0105 j\u016bs\u0173 interjere. Prakti\u0161kas, tvirtas ir i\u0161skirtinio dizaino, jis suteiks j\u016bs\u0173 erdvei unikali\u0105 aur\u0105, kurios visada pasiilgote. Yra daugyb\u0117 sienini\u0173 \u0161viestuv\u0173 i\u0161d\u0117stymo id\u0117j\u0173, o vonios kambaryje jis atrodys fantasti\u0161kai. Pakabintas \u0161alia veidrod\u017eio, [\u2026]<\/p>","protected":false},"featured_media":94186,"comment_status":"open","ping_status":"open","template":"","meta":[],"product_brand":[],"product_cat":[2113,1231],"product_tag":[],"class_list":{"0":"post-94185","1":"product","2":"type-product","3":"status-publish","4":"has-post-thumbnail","6":"product_cat-drewmax","7":"product_cat-lamps","9":"first","10":"instock","11":"purchasable","12":"product-type-simple"},"_links":{"self":[{"href":"https:\/\/baldumarket.lt\/lt\/wp-json\/wp\/v2\/product\/94185","targetHints":{"allow":["GET"]}}],"collection":[{"href":"https:\/\/baldumarket.lt\/lt\/wp-json\/wp\/v2\/product"}],"about":[{"href":"https:\/\/baldumarket.lt\/lt\/wp-json\/wp\/v2\/types\/product"}],"replies":[{"embeddable":true,"href":"https:\/\/baldumarket.lt\/lt\/wp-json\/wp\/v2\/comments?post=94185"}],"wp:featuredmedia":[{"embeddable":true,"href":"https:\/\/baldumarket.lt\/lt\/wp-json\/wp\/v2\/media\/94186"}],"wp:attachment":[{"href":"https:\/\/baldumarket.lt\/lt\/wp-json\/wp\/v2\/media?parent=94185"}],"wp:term":[{"taxonomy":"product_brand","embeddable":true,"href":"https:\/\/baldumarket.lt\/lt\/wp-json\/wp\/v2\/product_brand?post=94185"},{"taxonomy":"product_cat","embeddable":true,"href":"https:\/\/baldumarket.lt\/lt\/wp-json\/wp\/v2\/product_cat?post=94185"},{"taxonomy":"product_tag","embeddable":true,"href":"https:\/\/baldumarket.lt\/lt\/wp-json\/wp\/v2\/product_tag?post=94185"}],"curies":[{"name":"wp","href":"https:\/\/api.w.org\/{rel}","templated":true}]}}