{"id":94183,"date":"2025-12-05T02:42:27","date_gmt":"2025-12-04T23:42:27","guid":{"rendered":"https:\/\/baldumarket.lt\/product\/lampa-lp009\/"},"modified":"2026-02-03T23:54:14","modified_gmt":"2026-02-03T20:54:14","slug":"lampa-lp009","status":"publish","type":"product","link":"https:\/\/baldumarket.lt\/lt\/product\/lampa-lp009\/","title":{"rendered":"Lempa LP009"},"content":{"rendered":"<p>Pastaruoju metu kaimi\u0161kas stilius tapo labai madingas. Tod\u0117l vis daugiau \u017emoni\u0173 renkasi \u0161\u012f interjero dekoravimo stili\u0173. Susid\u016br\u0119 su tokiu i\u0161\u0161\u016bkiu, negalime pamir\u0161ti ir aksesuar\u0173. LP009 virvelin\u0117s lempos sukurs \u012fdomius, meni\u0161kus gamtos \u012fkv\u0117ptus dizainus kambariuose. Jos pagamintos i\u0161 storos, rankomis austos virv\u0117s. Tai leid\u017eia virv\u0119 laisvai pinti, sukuriant gra\u017eias kompozicijas. LP009 \u2013 tai originali id\u0117ja, kaip ry\u0161kus dekoratyvinis aksesuaras, kuris neabejotinai suteiks naujo dizaino bet kokiam interjerui. TECHNIN\u0116S SPECIFIKACIJOS<\/p>\n<p>Matmenys: virvel\u0117 2 x 100 cm, kupolo skersmuo 10 cm, auk\u0161tis 2 cm<\/p>\n<p>\u0160viesos \u0161altinis: maks. 15 W LED lemput\u0117, 230 V, 50 Hz<\/p>\n<p>Reikalinga i\u0161\u0117jimo \u012ftampa (maitinimo \u0161altinis): 220\u2013240 V<\/p>\n<p>Kupolo med\u017eiaga: aliuminis<\/p>\n<p>Lizdas\/sriegis: E27<\/p>\n<p>\u0160viestuvas pagamintas i\u0161 auk\u0161\u010diausios kokyb\u0117s d\u017eiuto virvel\u0117s, kad b\u016bt\u0173 patvarus ir gra\u017eiai atrodyt\u0173.<\/p>\n<p>Pastaba: lemput\u0117s \u012f komplekt\u0105 ne\u012feina.<\/p>","protected":false},"excerpt":{"rendered":"<p>Pastaruoju metu kaimi\u0161kas stilius tapo labai madingas. \u0160tai kod\u0117l vis daugiau \u017emoni\u0173 renkasi \u0161\u012f interjero dekoravimo stili\u0173. Susid\u016br\u0119 su tokiu i\u0161\u0161\u016bkiu, negalime pamir\u0161ti ir aksesuar\u0173. LP009 virvelin\u0117s lempos sukurs \u012fdomius, meni\u0161kus gamtos \u012fkv\u0117ptus dizainus kambariuose. Jos pagamintos i\u0161 storos, rankomis austos virv\u0117s. Tai leid\u017eia [\u2026]<\/p>","protected":false},"featured_media":94184,"comment_status":"open","ping_status":"open","template":"","meta":[],"product_brand":[],"product_cat":[2113,1231],"product_tag":[],"class_list":{"0":"post-94183","1":"product","2":"type-product","3":"status-publish","4":"has-post-thumbnail","6":"product_cat-drewmax","7":"product_cat-lamps","9":"first","10":"instock","11":"purchasable","12":"product-type-simple"},"_links":{"self":[{"href":"https:\/\/baldumarket.lt\/lt\/wp-json\/wp\/v2\/product\/94183","targetHints":{"allow":["GET"]}}],"collection":[{"href":"https:\/\/baldumarket.lt\/lt\/wp-json\/wp\/v2\/product"}],"about":[{"href":"https:\/\/baldumarket.lt\/lt\/wp-json\/wp\/v2\/types\/product"}],"replies":[{"embeddable":true,"href":"https:\/\/baldumarket.lt\/lt\/wp-json\/wp\/v2\/comments?post=94183"}],"wp:featuredmedia":[{"embeddable":true,"href":"https:\/\/baldumarket.lt\/lt\/wp-json\/wp\/v2\/media\/94184"}],"wp:attachment":[{"href":"https:\/\/baldumarket.lt\/lt\/wp-json\/wp\/v2\/media?parent=94183"}],"wp:term":[{"taxonomy":"product_brand","embeddable":true,"href":"https:\/\/baldumarket.lt\/lt\/wp-json\/wp\/v2\/product_brand?post=94183"},{"taxonomy":"product_cat","embeddable":true,"href":"https:\/\/baldumarket.lt\/lt\/wp-json\/wp\/v2\/product_cat?post=94183"},{"taxonomy":"product_tag","embeddable":true,"href":"https:\/\/baldumarket.lt\/lt\/wp-json\/wp\/v2\/product_tag?post=94183"}],"curies":[{"name":"wp","href":"https:\/\/api.w.org\/{rel}","templated":true}]}}