{"id":94132,"date":"2025-12-05T02:41:31","date_gmt":"2025-12-04T23:41:31","guid":{"rendered":"https:\/\/baldumarket.lt\/product\/lozko-box-bukowe-lk196-box-rustikal-4\/"},"modified":"2026-02-03T23:54:27","modified_gmt":"2026-02-03T20:54:27","slug":"lozko-box-bukowe-lk196-box-rustikal-4","status":"publish","type":"product","link":"https:\/\/baldumarket.lt\/lt\/product\/lozko-box-bukowe-lk196-box-rustikal-4\/","title":{"rendered":"Buko BOX lova LK196 kaimi\u0161ko stiliaus BOX"},"content":{"rendered":"<p>GALIMA I\u0160 SAND\u0116LYJE PASIRINKT\u0172 SPALV\u0172 IR DYD\u017dI\u0172 \u2013 apie prieinamum\u0105 teiraukit\u0117s savo pardavim\u0173 atstovo.<\/p>\n<p>LK196 buko lova su vieta daiktams laikyti sukurta moderniam ir funkcionaliam interjerui. Nat\u016bralios spalvos su matoma tikra medienos tekst\u016bra suteiks j\u016bs\u0173 miegamajam unikali\u0105 atmosfer\u0105, padarys j\u012f \u0161ilt\u0105 ir jauk\u0173. Prakti\u0161kas galv\u016bgalis ne tik puo\u0161ia lov\u0105, bet ir padidina jos patogum\u0105.<br \/>\nLova turi metalin\u012f r\u0117m\u0105 su pak\u0117limo mechanizmu ir groteli\u0173 pagrind\u0105.<br \/>\n\u010ciu\u017einys parduodamas atskirai.<br \/>\nLovos konstrukcija neleid\u017eia montuoti elektrinio groteli\u0173 pagrindo.<\/p>\n<p>Pirmoji nuotrauka yra tik iliustracin\u0117, pagaminta i\u0161 \u0105\u017euolo medienos.<\/p>","protected":false},"excerpt":{"rendered":"<p>GALIMA SAND\u0116LYJE PASIRINKT\u0172 SPALV\u0172 IR DYD\u017dI\u0172 \u2013 apie prieinamum\u0105 teiraukit\u0117s savo pardavim\u0173 atstovo. LK196 buko lova su vieta daiktams laikyti sukurta moderniam ir funkcionaliam interjerui. Nat\u016bralios spalvos su matoma tikra medienos tekst\u016bra suteiks j\u016bs\u0173 miegamajam unikali\u0105 atmosfer\u0105, padarys j\u012f \u0161ilt\u0105 ir jauk\u0173. Prakti\u0161kas galv\u016bgalis ne tik [\u2026]<\/p>","protected":false},"featured_media":94105,"comment_status":"open","ping_status":"open","template":"","meta":[],"product_brand":[],"product_cat":[9304,9317,505,2113],"product_tag":[],"class_list":{"0":"post-94132","1":"product","2":"type-product","3":"status-publish","4":"has-post-thumbnail","6":"product_cat-beech-furniture-drewmax","7":"product_cat-collection-rustikal-drewmax","8":"product_cat-bedroom-beds","9":"product_cat-drewmax","11":"first","12":"instock","13":"purchasable","14":"product-type-simple"},"_links":{"self":[{"href":"https:\/\/baldumarket.lt\/lt\/wp-json\/wp\/v2\/product\/94132","targetHints":{"allow":["GET"]}}],"collection":[{"href":"https:\/\/baldumarket.lt\/lt\/wp-json\/wp\/v2\/product"}],"about":[{"href":"https:\/\/baldumarket.lt\/lt\/wp-json\/wp\/v2\/types\/product"}],"replies":[{"embeddable":true,"href":"https:\/\/baldumarket.lt\/lt\/wp-json\/wp\/v2\/comments?post=94132"}],"wp:featuredmedia":[{"embeddable":true,"href":"https:\/\/baldumarket.lt\/lt\/wp-json\/wp\/v2\/media\/94105"}],"wp:attachment":[{"href":"https:\/\/baldumarket.lt\/lt\/wp-json\/wp\/v2\/media?parent=94132"}],"wp:term":[{"taxonomy":"product_brand","embeddable":true,"href":"https:\/\/baldumarket.lt\/lt\/wp-json\/wp\/v2\/product_brand?post=94132"},{"taxonomy":"product_cat","embeddable":true,"href":"https:\/\/baldumarket.lt\/lt\/wp-json\/wp\/v2\/product_cat?post=94132"},{"taxonomy":"product_tag","embeddable":true,"href":"https:\/\/baldumarket.lt\/lt\/wp-json\/wp\/v2\/product_tag?post=94132"}],"curies":[{"name":"wp","href":"https:\/\/api.w.org\/{rel}","templated":true}]}}