{"id":94093,"date":"2025-12-05T02:40:44","date_gmt":"2025-12-04T23:40:44","guid":{"rendered":"https:\/\/baldumarket.lt\/product\/lozko-sosnowe-lk701-sosna-jasny-wosk-4\/"},"modified":"2026-02-03T23:54:37","modified_gmt":"2026-02-03T20:54:37","slug":"lozko-sosnowe-lk701-sosna-jasny-wosk-4","status":"publish","type":"product","link":"https:\/\/baldumarket.lt\/lt\/product\/lozko-sosnowe-lk701-sosna-jasny-wosk-4\/","title":{"rendered":"Pu\u0161in\u0117 lova LK701 \u0161viesi va\u0161kuota pu\u0161is"},"content":{"rendered":"<p>LK701 va\u0161kuota lova su auk\u0161tu galv\u016bgaliu ir koj\u016bgaliu. Sukurta kaimi\u0161ku stiliumi, ji pagaminta i\u0161 tvirtos pu\u0161ies medienos. Lovos patvari ir tvirta konstrukcija papuo\u0161ta dekoratyviniais rai\u017einiais. I\u0161skirtin\u0117 nat\u016brali medienos tekst\u016bra ir \u0161iltos spalvos, kuriomis galima rinktis \u0161i\u0105 lov\u0105, suteiks bet kokiam interjerui unikali\u0105, \u0161ilumos ir jaukumo kupin\u0105 atmosfer\u0105.<\/p>\n<p>LK701 lova padengta nat\u016braliu bi\u010di\u0173 va\u0161ku, kuris sukuria apsaugin\u012f sluoksn\u012f nuo dr\u0117gm\u0117s ir kartu maitina medien\u0105. Va\u0161kavimo procesas i\u0161ry\u0161kina nat\u016brali\u0105 medienos tekst\u016br\u0105 ir pagilina nat\u016brali\u0105 jos spalv\u0105. Bi\u010di\u0173 va\u0161kas yra nat\u016bralus produktas, tod\u0117l va\u0161kuoti baldai \u012fgauna antistatini\u0173 savybi\u0173 \u2013 suma\u017eina dulki\u0173 kaupim\u0105si. Papildomas va\u0161kuot\u0173 bald\u0173 privalumas \u2013 \u0161ilkiniai lygus pavir\u0161ius ir malonus nat\u016bralios medienos kvapas.<\/p>\n<p>Prakti\u0161kas LK701 lovos papildymas yra patalyn\u0117s stal\u010dius, kuris stumdomas po lova. Galima rinktis i\u0161 3 dyd\u017ei\u0173 (auk\u0161tis; plotis; gylis):<\/p>\n<p>LK710 stal\u010dius \u2013 22 cm x 98 cm x 60 cm<\/p>\n<p>LK711 stal\u010dius \u2013 22 cm x 150 cm x 60 cm<\/p>\n<p>LK712 stal\u010dius \u2013 22 cm x 198 cm x 60 cm<\/p>\n<p>Stal\u010dius, lovos r\u0117mas ir \u010diu\u017einys parduodami atskirai.<\/p>\n<p>Sveikos medienos strukt\u016bros palaikymas yra b\u016btinas ilgam va\u0161kuot\u0173 bald\u0173 tarnavimo laikui. Verting\u0173 patarim\u0173, kaip pri\u017ei\u016br\u0117ti \u201cRustikal\u201d kolekcijos baldus, rasite skyriuje \u201eVa\u0161kuot\u0173 bald\u0173 prie\u017ei\u016bra ir naudojimas\u201c.<\/p>","protected":false},"excerpt":{"rendered":"<p>LK701 va\u0161kuota lova su auk\u0161tu galv\u016bgaliu ir koj\u016bgaliu. Sukurta kaimi\u0161ku stiliumi, ji pagaminta i\u0161 tvirtos pu\u0161ies medienos. Lovos patvari ir tvirta konstrukcija praturtinta dekoratyviniais rai\u017einiais. I\u0161skirtin\u0117 nat\u016brali medienos tekst\u016bra ir \u0161iltos spalvos, kuriomis galima rinktis \u0161i\u0105 lov\u0105, suteiks bet kokiam interjerui unikali\u0105 atmosfer\u0105, piln\u0105 [\u2026]<\/p>","protected":false},"featured_media":87784,"comment_status":"open","ping_status":"open","template":"","meta":[],"product_brand":[],"product_cat":[9305,505,2113],"product_tag":[],"class_list":{"0":"post-94093","1":"product","2":"type-product","3":"status-publish","4":"has-post-thumbnail","6":"product_cat-pine-furniture-drewmax","7":"product_cat-bedroom-beds","8":"product_cat-drewmax","10":"first","11":"instock","12":"purchasable","13":"product-type-simple"},"_links":{"self":[{"href":"https:\/\/baldumarket.lt\/lt\/wp-json\/wp\/v2\/product\/94093","targetHints":{"allow":["GET"]}}],"collection":[{"href":"https:\/\/baldumarket.lt\/lt\/wp-json\/wp\/v2\/product"}],"about":[{"href":"https:\/\/baldumarket.lt\/lt\/wp-json\/wp\/v2\/types\/product"}],"replies":[{"embeddable":true,"href":"https:\/\/baldumarket.lt\/lt\/wp-json\/wp\/v2\/comments?post=94093"}],"wp:featuredmedia":[{"embeddable":true,"href":"https:\/\/baldumarket.lt\/lt\/wp-json\/wp\/v2\/media\/87784"}],"wp:attachment":[{"href":"https:\/\/baldumarket.lt\/lt\/wp-json\/wp\/v2\/media?parent=94093"}],"wp:term":[{"taxonomy":"product_brand","embeddable":true,"href":"https:\/\/baldumarket.lt\/lt\/wp-json\/wp\/v2\/product_brand?post=94093"},{"taxonomy":"product_cat","embeddable":true,"href":"https:\/\/baldumarket.lt\/lt\/wp-json\/wp\/v2\/product_cat?post=94093"},{"taxonomy":"product_tag","embeddable":true,"href":"https:\/\/baldumarket.lt\/lt\/wp-json\/wp\/v2\/product_tag?post=94093"}],"curies":[{"name":"wp","href":"https:\/\/api.w.org\/{rel}","templated":true}]}}