{"id":94082,"date":"2025-12-05T02:40:29","date_gmt":"2025-12-04T23:40:29","guid":{"rendered":"https:\/\/baldumarket.lt\/product\/lozko-sosnowe-lk736-sosna-bielony-wosk\/"},"modified":"2026-02-03T23:54:40","modified_gmt":"2026-02-03T20:54:40","slug":"lozko-sosnowe-lk736-sosna-bielony-wosk","status":"publish","type":"product","link":"https:\/\/baldumarket.lt\/lt\/product\/lozko-sosnowe-lk736-sosna-bielony-wosk\/","title":{"rendered":"Pu\u0161in\u0117 lova LK736, balintas va\u0161kas i\u0161 pu\u0161ies"},"content":{"rendered":"<p>Va\u0161kuota LK736 dviauk\u0161t\u0117 lova pagaminta i\u0161 tvirtos pu\u0161ies medienos, u\u017etikrinan\u010dios patvarum\u0105 ir stabilum\u0105. Ji turi dvi atskiras miegojimo zonas, taupan\u010dias viet\u0105 kambaryje. \u012e vir\u0161utin\u0119 lovos dal\u012f patenkama tvirtomis kop\u0117\u010diomis, esan\u010diomis konstrukcijos \u0161one. Nat\u016bralios medienos apdaila suteikia lovai \u0161ilt\u0105 ir jauk\u0173 charakter\u012f. Bendra i\u0161vaizda yra esteti\u0161ka ir eleganti\u0161ka. LK736 dviauk\u0161t\u0117 lova puikiai tinka vaiko ar paauglio kambariui, bet taip pat ir ma\u017eesniems kambariams, kur erdv\u0117 yra prioritetas.<\/p>\n<p>LK736 lova padengta nat\u016braliu bi\u010di\u0173 va\u0161ku, kuris sukuria apsaugin\u012f sluoksn\u012f nuo dr\u0117gm\u0117s ir kartu apsaugo medien\u0105. Va\u0161kavimo procesas i\u0161ry\u0161kina nat\u016brali\u0105 medienos tekst\u016br\u0105 ir pagilina nat\u016brali\u0105 jos spalv\u0105. Bi\u010di\u0173 va\u0161kas yra nat\u016bralus produktas, tod\u0117l va\u0161kuoti baldai pasi\u017eymi antistatin\u0117mis savyb\u0117mis \u2013 suma\u017eina dulki\u0173 kaupim\u0105si. Papildomas va\u0161kuot\u0173 bald\u0173 privalumas \u2013 \u0161ilkinis lygus pavir\u0161ius ir malonus nat\u016bralios medienos kvapas.<\/p>\n<p>Sveikos medienos strukt\u016bros i\u0161saugojimas yra b\u016btinas va\u0161kuot\u0173 bald\u0173 ilgaam\u017ei\u0161kumui. Skyriuje \u201cVa\u0161kuot\u0173 bald\u0173 prie\u017ei\u016bra ir naudojimas\u201d rasite verting\u0173 patarim\u0173, kaip pri\u017ei\u016br\u0117ti \u201eRustikal\u201c kolekcijos baldus.<\/p>\n<p>Lovos r\u0117mas ir \u010diu\u017einys parduodami atskirai.<\/p>","protected":false},"excerpt":{"rendered":"<p>Va\u0161kuota LK736 dviauk\u0161t\u0117 lova pagaminta i\u0161 tvirtos pu\u0161ies medienos, u\u017etikrinan\u010dios patvarum\u0105 ir stabilum\u0105. Ji turi dvi atskiras miegojimo zonas, taupan\u010dias viet\u0105 kambaryje. \u012e vir\u0161utin\u0119 lovos dal\u012f patenkama tvirtomis kop\u0117\u010diomis, esan\u010diomis konstrukcijos \u0161one. Nat\u016bralios medienos apdaila suteikia lovai [\u2026]<\/p>","protected":false},"featured_media":87579,"comment_status":"open","ping_status":"open","template":"","meta":[],"product_brand":[],"product_cat":[9305,505,2113],"product_tag":[],"class_list":{"0":"post-94082","1":"product","2":"type-product","3":"status-publish","4":"has-post-thumbnail","6":"product_cat-pine-furniture-drewmax","7":"product_cat-bedroom-beds","8":"product_cat-drewmax","10":"first","11":"instock","12":"purchasable","13":"product-type-simple"},"_links":{"self":[{"href":"https:\/\/baldumarket.lt\/lt\/wp-json\/wp\/v2\/product\/94082","targetHints":{"allow":["GET"]}}],"collection":[{"href":"https:\/\/baldumarket.lt\/lt\/wp-json\/wp\/v2\/product"}],"about":[{"href":"https:\/\/baldumarket.lt\/lt\/wp-json\/wp\/v2\/types\/product"}],"replies":[{"embeddable":true,"href":"https:\/\/baldumarket.lt\/lt\/wp-json\/wp\/v2\/comments?post=94082"}],"wp:featuredmedia":[{"embeddable":true,"href":"https:\/\/baldumarket.lt\/lt\/wp-json\/wp\/v2\/media\/87579"}],"wp:attachment":[{"href":"https:\/\/baldumarket.lt\/lt\/wp-json\/wp\/v2\/media?parent=94082"}],"wp:term":[{"taxonomy":"product_brand","embeddable":true,"href":"https:\/\/baldumarket.lt\/lt\/wp-json\/wp\/v2\/product_brand?post=94082"},{"taxonomy":"product_cat","embeddable":true,"href":"https:\/\/baldumarket.lt\/lt\/wp-json\/wp\/v2\/product_cat?post=94082"},{"taxonomy":"product_tag","embeddable":true,"href":"https:\/\/baldumarket.lt\/lt\/wp-json\/wp\/v2\/product_tag?post=94082"}],"curies":[{"name":"wp","href":"https:\/\/api.w.org\/{rel}","templated":true}]}}