{"id":94073,"date":"2025-12-05T02:40:19","date_gmt":"2025-12-04T23:40:19","guid":{"rendered":"https:\/\/baldumarket.lt\/product\/hoker-max-mo099-olcha-orzech\/"},"modified":"2026-02-03T23:54:43","modified_gmt":"2026-02-03T20:54:43","slug":"hoker-max-mo099-olcha-orzech","status":"publish","type":"product","link":"https:\/\/baldumarket.lt\/lt\/product\/hoker-max-mo099-olcha-orzech\/","title":{"rendered":"MAX taburet\u0117 (MO099) alksnio rie\u0161uto spalvos"},"content":{"rendered":"<p>MAX baro k\u0117d\u0117<\/p>\n<p>MAX sodo baro k\u0117d\u0117 puikiai papildys j\u016bs\u0173 sodo charakter\u012f. Pagaminta i\u0161 auk\u0161tos kokyb\u0117s tvirtos alksnio medienos, ji u\u017etikrina patvarum\u0105 ir estetin\u012f patrauklum\u0105. Patogi s\u0117dyn\u0117 ir auk\u0161tas atlo\u0161as garantuoja komfort\u0105 net ilgais vasaros vakarais. Ergonomi\u0161kai suprojektuota pakoja suteikia papildom\u0105 atram\u0105 ir atsipalaidavim\u0105 j\u016bs\u0173 p\u0117doms, leisdama jums visi\u0161kai atsipalaiduoti m\u0117gaujantis gamta.<\/p>\n<p>Pasirinkus med\u017eio masyvo sodo baldus, garantuojama auk\u0161\u010diausia kokyb\u0117 ir ilgaam\u017ei\u0161kumas. Kad mediniai sodo baldai tarnaut\u0173 jums ilgus metus, verta jais r\u016bpintis. Tinkamas medini\u0173 sodo bald\u0173 naudojimas ir prie\u017ei\u016bra ne tik ilgiau u\u017etikrins j\u0173 savybes ir nepriekai\u0161ting\u0105 i\u0161vaizd\u0105, bet ir palengvins ne\u0161varum\u0173 pa\u0161alinim\u0105. Reguliarus med\u017eio masyvo sodo bald\u0173 impregnavimas ir apsauga nuo dr\u0117gm\u0117s, UV spinduli\u0173 ir \u017eemos temperat\u016bros yra pagrindiniai \u017eingsniai, u\u017etikrinantys medini\u0173 sodo bald\u0173 ilgaam\u017ei\u0161kum\u0105.<\/p>\n<p>M\u016bs\u0173 MAX sodo taburet\u0117 \u2013 tai ne tik patogumo ir funkcionalumo pasirinkimas, bet ir investicija \u012f estetik\u0105 bei ilgaam\u017ei\u0161kum\u0105. D\u0117l tvirtos, auk\u0161tos kokyb\u0117s alksnio medienos pagamintos konstrukcijos MAX sodo k\u0117d\u0117 garantuos ne tik atpalaiduojan\u010dias akimirkas lauke, bet ir ilgalaik\u012f pasitenkinim\u0105 pirkiniu. Kartu su kitais \u0161ios kolekcijos baldais galite sukurti visapusi\u0161k\u0105 sodo i\u0161d\u0117stym\u0105, puikiai tinkant\u012f \u0161eimos susib\u016brimams ir draug\u0173 susitikimams. Investuokite \u012f kokyb\u0119 ir komfort\u0105 kurdami savo svajoni\u0173 sodo erdv\u0119!<\/p>\n<p>Technin\u0117s specifikacijos:<\/p>\n<p>\u2705 Modelis: MAX<\/p>\n<p>\u2705 Medienos r\u016b\u0161is: Alksnis<\/p>\n<p>\u2705 Plotis: 45 cm<\/p>\n<p>\u2705 Bendras auk\u0161tis: 125 cm<\/p>\n<p>\u2705 Gylis: 54 cm<\/p>\n<p>\u2705 Svoris: 15 kg<\/p>","protected":false},"excerpt":{"rendered":"<p>MAX baro k\u0117d\u0117 MAX sodo baro k\u0117d\u0117 puikiai papildys j\u016bs\u0173 sodo charakter\u012f. Pagaminta i\u0161 auk\u0161tos kokyb\u0117s tvirtos alksnio medienos, ji u\u017etikrina patvarum\u0105 ir estetin\u012f patrauklum\u0105. Patogi s\u0117dyn\u0117 ir auk\u0161tas atlo\u0161as garantuoja komfort\u0105 net ilgais vasaros vakarais. Ergonomi\u0161kai suprojektuota pakoja suteikia papildom\u0105 atram\u0105 ir atsipalaidavim\u0105 j\u016bs\u0173 p\u0117doms, leisdama jums [\u2026]<\/p>","protected":false},"featured_media":94064,"comment_status":"open","ping_status":"open","template":"","meta":[],"product_brand":[],"product_cat":[9305,1930,2113],"product_tag":[],"class_list":{"0":"post-94073","1":"product","2":"type-product","3":"status-publish","4":"has-post-thumbnail","6":"product_cat-pine-furniture-drewmax","7":"product_cat-chairs","8":"product_cat-drewmax","10":"first","11":"instock","12":"purchasable","13":"product-type-simple"},"_links":{"self":[{"href":"https:\/\/baldumarket.lt\/lt\/wp-json\/wp\/v2\/product\/94073","targetHints":{"allow":["GET"]}}],"collection":[{"href":"https:\/\/baldumarket.lt\/lt\/wp-json\/wp\/v2\/product"}],"about":[{"href":"https:\/\/baldumarket.lt\/lt\/wp-json\/wp\/v2\/types\/product"}],"replies":[{"embeddable":true,"href":"https:\/\/baldumarket.lt\/lt\/wp-json\/wp\/v2\/comments?post=94073"}],"wp:featuredmedia":[{"embeddable":true,"href":"https:\/\/baldumarket.lt\/lt\/wp-json\/wp\/v2\/media\/94064"}],"wp:attachment":[{"href":"https:\/\/baldumarket.lt\/lt\/wp-json\/wp\/v2\/media?parent=94073"}],"wp:term":[{"taxonomy":"product_brand","embeddable":true,"href":"https:\/\/baldumarket.lt\/lt\/wp-json\/wp\/v2\/product_brand?post=94073"},{"taxonomy":"product_cat","embeddable":true,"href":"https:\/\/baldumarket.lt\/lt\/wp-json\/wp\/v2\/product_cat?post=94073"},{"taxonomy":"product_tag","embeddable":true,"href":"https:\/\/baldumarket.lt\/lt\/wp-json\/wp\/v2\/product_tag?post=94073"}],"curies":[{"name":"wp","href":"https:\/\/api.w.org\/{rel}","templated":true}]}}