{"id":94070,"date":"2025-12-05T02:40:16","date_gmt":"2025-12-04T23:40:16","guid":{"rendered":"https:\/\/baldumarket.lt\/product\/fotel-max-mo098-olcha-brunat\/"},"modified":"2026-02-03T23:54:44","modified_gmt":"2026-02-03T20:54:44","slug":"fotel-max-mo098-olcha-brunat","status":"publish","type":"product","link":"https:\/\/baldumarket.lt\/lt\/product\/fotel-max-mo098-olcha-brunat\/","title":{"rendered":"MAX fotelis (MO098) rudalksnis"},"content":{"rendered":"<p>MAX fotelis<\/p>\n<p>MAX sodo k\u0117d\u0117 su porankiais puikiai papildys j\u016bs\u0173 sodo charakter\u012f. Pagaminta i\u0161 auk\u0161tos kokyb\u0117s tvirtos alksnio medienos, ji u\u017etikrina patvarum\u0105 ir esteti\u0161k\u0105 i\u0161vaizd\u0105. Patogi s\u0117dyn\u0117 ir auk\u0161tas atlo\u0161as garantuoja komfort\u0105 net ilgais vasaros vakarais. Be to, j\u0105 galima derinti su stalu (MAX stalas) ir suolais i\u0161 tos pa\u010dios kolekcijos (MAX suolas), sukuriant piln\u0105 sodo bald\u0173 komplekt\u0105, puikiai tinkant\u012f poilsiui lauke.<\/p>\n<p>Pasirinkus med\u017eio masyvo sodo baldus, garantuojama auk\u0161\u010diausia kokyb\u0117 ir ilgaam\u017ei\u0161kumas. Kad mediniai sodo baldai tarnaut\u0173 jums ilgus metus, verta jais r\u016bpintis. Tinkamas medini\u0173 sodo bald\u0173 naudojimas ir prie\u017ei\u016bra ne tik ilgiau u\u017etikrins j\u0173 savybes ir nepriekai\u0161ting\u0105 i\u0161vaizd\u0105, bet ir palengvins ne\u0161varum\u0173 pa\u0161alinim\u0105. Reguliarus med\u017eio masyvo sodo bald\u0173 impregnavimas ir apsauga nuo dr\u0117gm\u0117s, UV spinduli\u0173 ir \u017eemos temperat\u016bros yra pagrindiniai \u017eingsniai, u\u017etikrinantys medini\u0173 sodo bald\u0173 ilgaam\u017ei\u0161kum\u0105.<\/p>\n<p>M\u016bs\u0173 MAX sodo k\u0117d\u0117 su porankiais \u2013 tai ne tik komforto ir funkcionalumo pasirinkimas, bet ir investicija \u012f estetik\u0105 bei ilgaam\u017ei\u0161kum\u0105. D\u0117l tvirtos auk\u0161tos kokyb\u0117s alksnio medienos konstrukcijos m\u016bs\u0173 MAX sodo k\u0117d\u0117 garantuos ne tik atpalaiduojan\u010dias akimirkas lauke, bet ir ilgalaik\u012f pasitenkinim\u0105 pirkiniu. Kartu su kitais \u0161ios kolekcijos baldais galite sukurti visapusi\u0161k\u0105 sodo i\u0161d\u0117stym\u0105, puikiai tinkant\u012f \u0161eimos susib\u016brimams ir draug\u0173 susitikimams. Investuokite \u012f kokyb\u0119 ir komfort\u0105 kurdami savo svajoni\u0173 sodo erdv\u0119!<\/p>\n<p>Technin\u0117s specifikacijos:<\/p>\n<p>\u2705 Modelis: MAX<\/p>\n<p>\u2705 Medienos r\u016b\u0161is: Alksnis<\/p>\n<p>\u2705 Plotis: 61 cm<\/p>\n<p>\u2705 Auk\u0161tis: 86 cm<\/p>\n<p>\u2705 Gylis: 56 cm<\/p>\n<p>\u2705 Svoris: 15 kg<\/p>","protected":false},"excerpt":{"rendered":"<p>MAX fotelis MAX sodo k\u0117d\u0117 su porankiais puikiai papildys j\u016bs\u0173 sodo charakter\u012f. Pagaminta i\u0161 auk\u0161tos kokyb\u0117s tvirtos alksnio medienos, ji u\u017etikrina patvarum\u0105 ir esteti\u0161k\u0105 i\u0161vaizd\u0105. Patogi s\u0117dyn\u0117 ir auk\u0161tas atlo\u0161as garantuoja komfort\u0105 net ilgais vasaros vakarais. Be to, j\u0105 galima derinti su stalu (MAX stalu) ir suolais [\u2026]<\/p>","protected":false},"featured_media":94069,"comment_status":"open","ping_status":"open","template":"","meta":[],"product_brand":[],"product_cat":[9307,634,2113],"product_tag":[],"class_list":{"0":"post-94070","1":"product","2":"type-product","3":"status-publish","4":"has-post-thumbnail","6":"product_cat-garden-furniture-drewmax","7":"product_cat-armchairs","8":"product_cat-drewmax","10":"first","11":"instock","12":"purchasable","13":"product-type-simple"},"_links":{"self":[{"href":"https:\/\/baldumarket.lt\/lt\/wp-json\/wp\/v2\/product\/94070","targetHints":{"allow":["GET"]}}],"collection":[{"href":"https:\/\/baldumarket.lt\/lt\/wp-json\/wp\/v2\/product"}],"about":[{"href":"https:\/\/baldumarket.lt\/lt\/wp-json\/wp\/v2\/types\/product"}],"replies":[{"embeddable":true,"href":"https:\/\/baldumarket.lt\/lt\/wp-json\/wp\/v2\/comments?post=94070"}],"wp:featuredmedia":[{"embeddable":true,"href":"https:\/\/baldumarket.lt\/lt\/wp-json\/wp\/v2\/media\/94069"}],"wp:attachment":[{"href":"https:\/\/baldumarket.lt\/lt\/wp-json\/wp\/v2\/media?parent=94070"}],"wp:term":[{"taxonomy":"product_brand","embeddable":true,"href":"https:\/\/baldumarket.lt\/lt\/wp-json\/wp\/v2\/product_brand?post=94070"},{"taxonomy":"product_cat","embeddable":true,"href":"https:\/\/baldumarket.lt\/lt\/wp-json\/wp\/v2\/product_cat?post=94070"},{"taxonomy":"product_tag","embeddable":true,"href":"https:\/\/baldumarket.lt\/lt\/wp-json\/wp\/v2\/product_tag?post=94070"}],"curies":[{"name":"wp","href":"https:\/\/api.w.org\/{rel}","templated":true}]}}