{"id":94061,"date":"2025-12-05T02:40:05","date_gmt":"2025-12-04T23:40:05","guid":{"rendered":"https:\/\/baldumarket.lt\/product\/lawa-max-mo101-olcha-brunat-4\/"},"modified":"2026-02-03T23:54:46","modified_gmt":"2026-02-03T20:54:46","slug":"lawa-max-mo101-olcha-brunat-4","status":"publish","type":"product","link":"https:\/\/baldumarket.lt\/lt\/product\/lawa-max-mo101-olcha-brunat-4\/","title":{"rendered":"MAX suolas (MO101) rudalksnis"},"content":{"rendered":"<p>MAX suoliukas<\/p>\n<p>MAX sodo suolas buvo sukurtas su aistra ir d\u0117mesiu kiekvienai detalei. Pagamintas i\u0161 auk\u0161tos kokyb\u0117s tvirtos alksnio medienos, jis ne tik stebina savo patvarumu, bet ir spinduliuoja nat\u016braliu \u017eavesiu. Ergonomi\u0161kos formos s\u0117dyn\u0117 ir auk\u0161tas atlo\u0161as garantuoja komfort\u0105 ir atsipalaidavim\u0105 vasaros dienomis. MAX medinis suolas harmoningai dera su aplinka, sukurdamas stiling\u0105 poilsio zon\u0105. Universali forma leid\u017eia j\u012f derinti su \u012fvairiais sodo baldais, tokiais kaip stalas (MAX stalas) arba papildomos k\u0117d\u0117s i\u0161 tos pa\u010dios kolekcijos (MAX fotelis, MAX k\u0117d\u0117).<\/p>\n<p>Pasirinkus med\u017eio masyvo sodo baldus, garantuojama auk\u0161\u010diausia kokyb\u0117 ir ilgaam\u017ei\u0161kumas. Kad j\u016bs\u0173 mediniai sodo baldai tarnaut\u0173 ilgus metus, verta jais r\u016bpintis. Tinkamas medini\u0173 sodo bald\u0173 naudojimas ir prie\u017ei\u016bra ne tik ilgiau u\u017etikrins j\u0173 savybes ir nepriekai\u0161ting\u0105 i\u0161vaizd\u0105, bet ir leis juos lengviau valyti po naudojimo. Reguliarus med\u017eio masyvo sodo bald\u0173 impregnavimas, apsauga nuo dr\u0117gm\u0117s, UV spinduli\u0173 ir \u017eemos temperat\u016bros yra pagrindiniai \u017eingsniai, u\u017etikrinantys j\u016bs\u0173 medini\u0173 sodo bald\u0173 ilgaam\u017ei\u0161kum\u0105.<\/p>\n<p>Padovanokite sau ir savo artimiesiems unikali\u0105 viet\u0105 atsipalaiduoti su MAX sodo suoliuku. Tvirta konstrukcija, pagaminta i\u0161 auk\u0161\u010diausios kokyb\u0117s med\u017eiag\u0173, u\u017etikrina ne tik patvarum\u0105, bet ir esteti\u0161k\u0105 dizain\u0105, kuris puikiai dera prie bet kokio sodo stiliaus. Su MAX sodo suoliuku galite m\u0117gautis lauko veikla, atsipalaiduoti ar rengti \u0161eimos kepsni\u0173 vakar\u0117lius sode. Padovanokite savo artimiesiems ypating\u0173 akimirk\u0173, kupin\u0173 juoko ir d\u017eiaugsmo, apsupti gra\u017eios gamtos ir patogi\u0173 sodo bald\u0173. Tegul j\u016bs\u0173 sodas tampa susitikim\u0173 ir bendr\u0173 patir\u010di\u0173 vieta, kuri i\u0161liks j\u016bs\u0173 atmintyje ilgus metus.<\/p>\n<p>Technin\u0117s specifikacijos:<\/p>\n<p>\u2705 Modelis: MAX<\/p>\n<p>\u2705 Medienos r\u016b\u0161is: Alksnis<\/p>\n<p>\u2705 Plotis: 120 cm \/ 150 cm \/ 200 cm<\/p>\n<p>\u2705 Auk\u0161tis: 86 cm<\/p>\n<p>\u2705 Gylis: 54 cm<\/p>\n<p>\u2705 Svoris: 31 kg<\/p>","protected":false},"excerpt":{"rendered":"<p>MAX suoliukas MAX sodo suoliukas buvo sukurtas su aistra ir d\u0117mesiu kiekvienai detalei. Pagamintas i\u0161 auk\u0161tos kokyb\u0117s tvirtos alksnio medienos, jis ne tik \u017eavi savo patvarumu, bet ir spinduliuoja nat\u016braliu \u017eavesiu. Ergonomi\u0161kos formos s\u0117dyn\u0117 ir auk\u0161tas atlo\u0161as garantuoja komfort\u0105 ir atsipalaidavim\u0105 vasaros dienomis. MAX medinis suoliukas harmoningai dera su savo [\u2026]<\/p>","protected":false},"featured_media":83279,"comment_status":"open","ping_status":"open","template":"","meta":[],"product_brand":[],"product_cat":[9307,1928,2113],"product_tag":[],"class_list":{"0":"post-94061","1":"product","2":"type-product","3":"status-publish","4":"has-post-thumbnail","6":"product_cat-garden-furniture-drewmax","7":"product_cat-benches","8":"product_cat-drewmax","10":"first","11":"instock","12":"purchasable","13":"product-type-simple"},"_links":{"self":[{"href":"https:\/\/baldumarket.lt\/lt\/wp-json\/wp\/v2\/product\/94061","targetHints":{"allow":["GET"]}}],"collection":[{"href":"https:\/\/baldumarket.lt\/lt\/wp-json\/wp\/v2\/product"}],"about":[{"href":"https:\/\/baldumarket.lt\/lt\/wp-json\/wp\/v2\/types\/product"}],"replies":[{"embeddable":true,"href":"https:\/\/baldumarket.lt\/lt\/wp-json\/wp\/v2\/comments?post=94061"}],"wp:featuredmedia":[{"embeddable":true,"href":"https:\/\/baldumarket.lt\/lt\/wp-json\/wp\/v2\/media\/83279"}],"wp:attachment":[{"href":"https:\/\/baldumarket.lt\/lt\/wp-json\/wp\/v2\/media?parent=94061"}],"wp:term":[{"taxonomy":"product_brand","embeddable":true,"href":"https:\/\/baldumarket.lt\/lt\/wp-json\/wp\/v2\/product_brand?post=94061"},{"taxonomy":"product_cat","embeddable":true,"href":"https:\/\/baldumarket.lt\/lt\/wp-json\/wp\/v2\/product_cat?post=94061"},{"taxonomy":"product_tag","embeddable":true,"href":"https:\/\/baldumarket.lt\/lt\/wp-json\/wp\/v2\/product_tag?post=94061"}],"curies":[{"name":"wp","href":"https:\/\/api.w.org\/{rel}","templated":true}]}}